{"id":7412,"date":"2020-10-13T09:27:20","date_gmt":"2020-10-13T13:27:20","guid":{"rendered":"https:\/\/mmecanique360-wp-engine.local\/?page_id=7412"},"modified":"2024-10-21T13:19:03","modified_gmt":"2024-10-21T17:19:03","slug":"infolettre-confirmation","status":"publish","type":"page","link":"https:\/\/mmecanique360.com\/fr\/infolettre\/infolettre-confirmation\/","title":{"rendered":"Infolettre"},"content":{"rendered":"\n<h1 class=\"wp-block-cgb-block-monsieurmuffler-title is-blue column-aligned-title is-style-thiner-with-line no-yellow-line\">INFOLETTRE<\/h1>\n\n\n\n<div class=\"wp-block-columns is-layout-flex wp-container-core-columns-is-layout-28f84493 wp-block-columns-is-layout-flex\">\n<div class=\"wp-block-column is-layout-flow wp-block-column-is-layout-flow\" style=\"flex-basis:100%\">\n<h2 class=\"wp-block-heading\">Merci!<\/h2>\n\n\n\n<hr class=\"wp-block-separator has-text-color has-background is-style-wide\" style=\"background-color:#fac71c;color:#fac71c\"\/>\n\n\n\n<p>Merci de vous \u00eatre abonn\u00e9!<\/p>\n<\/div>\n<\/div>\n","protected":false},"excerpt":{"rendered":"<p>Merci! Merci de vous \u00eatre abonn\u00e9!<\/p>\n","protected":false},"author":1,"featured_media":0,"parent":6990,"menu_order":0,"comment_status":"closed","ping_status":"closed","template":"","meta":{"footnotes":""},"class_list":["post-7412","page","type-page","status-publish","hentry"],"yoast_head":"<!-- This site is optimized with the Yoast SEO plugin v27.5 - https:\/\/yoast.com\/product\/yoast-seo-wordpress\/ -->\n<title>Infolettre - M M\u00e9canique 360<\/title>\n<meta name=\"description\" content=\"Merci de vous \u00eatre abonn\u00e9!\" \/>\n<meta name=\"robots\" content=\"noindex, follow\" \/>\n<meta property=\"og:locale\" content=\"fr_CA\" \/>\n<meta property=\"og:type\" content=\"article\" \/>\n<meta property=\"og:title\" content=\"Infolettre - M M\u00e9canique 360\" \/>\n<meta property=\"og:description\" content=\"Merci de vous \u00eatre abonn\u00e9!\" \/>\n<meta property=\"og:url\" content=\"https:\/\/mmecanique360.com\/fr\/wp-json\/wp\/v2\/pages\/7412\" \/>\n<meta property=\"og:site_name\" content=\"M M\u00e9canique 360\" \/>\n<meta property=\"article:modified_time\" content=\"2024-10-21T17:19:03+00:00\" \/>\n<meta property=\"og:image\" content=\"https:\/\/mmecanique360.com\/wp-content\/themes\/360-mechanic-wordpress-theme\/assets\/img\/logo.png?date=2022-09-09\" \/>\n\t<meta property=\"og:image:width\" content=\"190\" \/>\n\t<meta property=\"og:image:height\" content=\"177\" \/>\n<meta name=\"twitter:card\" content=\"summary_large_image\" \/>\n<meta name=\"twitter:label1\" content=\"Estimation du temps de lecture\" \/>\n\t<meta name=\"twitter:data1\" content=\"1 minute\" \/>\n<script type=\"application\/ld+json\" class=\"yoast-schema-graph\">{\"@context\":\"https:\\\/\\\/schema.org\",\"@graph\":[{\"@type\":\"WebPage\",\"@id\":\"https:\\\/\\\/mmecanique360.com\\\/fr\\\/infolettre\\\/infolettre-confirmation\\\/\",\"url\":\"https:\\\/\\\/mmecanique360.com\\\/fr\\\/infolettre\\\/infolettre-confirmation\\\/\",\"name\":\"Infolettre - M M\u00e9canique 360\",\"isPartOf\":{\"@id\":\"https:\\\/\\\/mmecanique360.com\\\/fr\\\/#website\"},\"datePublished\":\"2020-10-13T13:27:20+00:00\",\"dateModified\":\"2024-10-21T17:19:03+00:00\",\"description\":\"Merci de vous \u00eatre abonn\u00e9!\",\"breadcrumb\":{\"@id\":\"https:\\\/\\\/mmecanique360.com\\\/fr\\\/infolettre\\\/infolettre-confirmation\\\/#breadcrumb\"},\"inLanguage\":\"fr-CA\",\"potentialAction\":[{\"@type\":\"ReadAction\",\"target\":[\"https:\\\/\\\/mmecanique360.com\\\/fr\\\/infolettre\\\/infolettre-confirmation\\\/\"]}]},{\"@type\":\"BreadcrumbList\",\"@id\":\"https:\\\/\\\/mmecanique360.com\\\/fr\\\/infolettre\\\/infolettre-confirmation\\\/#breadcrumb\",\"itemListElement\":[{\"@type\":\"ListItem\",\"position\":1,\"name\":\"Page d'accueil\",\"item\":\"https:\\\/\\\/mmecanique360.com\\\/fr\\\/\"},{\"@type\":\"ListItem\",\"position\":2,\"name\":\"Infolettre\",\"item\":\"https:\\\/\\\/mmecanique360.com\\\/fr\\\/infolettre\\\/\"},{\"@type\":\"ListItem\",\"position\":3,\"name\":\"Infolettre\"}]},{\"@type\":\"WebSite\",\"@id\":\"https:\\\/\\\/mmecanique360.com\\\/fr\\\/#website\",\"url\":\"https:\\\/\\\/mmecanique360.com\\\/fr\\\/\",\"name\":\"M M\u00e9canique 360\",\"description\":\"M M\u00c9CANIQUE 360 MA\u00ceTRE DE LA ROUTE, AVEC VOUS!\",\"publisher\":{\"@id\":\"https:\\\/\\\/mmecanique360.com\\\/fr\\\/#organization\"},\"potentialAction\":[{\"@type\":\"SearchAction\",\"target\":{\"@type\":\"EntryPoint\",\"urlTemplate\":\"https:\\\/\\\/mmecanique360.com\\\/fr\\\/?s={search_term_string}\"},\"query-input\":{\"@type\":\"PropertyValueSpecification\",\"valueRequired\":true,\"valueName\":\"search_term_string\"}}],\"inLanguage\":\"fr-CA\"},{\"@type\":\"Organization\",\"@id\":\"https:\\\/\\\/mmecanique360.com\\\/fr\\\/#organization\",\"name\":\"M M\u00e9canique 360\",\"url\":\"https:\\\/\\\/mmecanique360.com\\\/fr\\\/\",\"logo\":{\"@type\":\"ImageObject\",\"inLanguage\":\"fr-CA\",\"@id\":\"https:\\\/\\\/mmecanique360.com\\\/fr\\\/#\\\/schema\\\/logo\\\/image\\\/\",\"url\":\"https:\\\/\\\/mmecanique360.com\\\/wp-content\\\/uploads\\\/2022\\\/08\\\/MM360_5057-1116_YAHOO_200x200_FR.jpg\",\"contentUrl\":\"https:\\\/\\\/mmecanique360.com\\\/wp-content\\\/uploads\\\/2022\\\/08\\\/MM360_5057-1116_YAHOO_200x200_FR.jpg\",\"width\":200,\"height\":200,\"caption\":\"M M\u00e9canique 360\"},\"image\":{\"@id\":\"https:\\\/\\\/mmecanique360.com\\\/fr\\\/#\\\/schema\\\/logo\\\/image\\\/\"}}]}<\/script>\n<!-- \/ Yoast SEO plugin. -->","yoast_head_json":{"title":"Infolettre - M M\u00e9canique 360","description":"Merci de vous \u00eatre abonn\u00e9!","robots":{"index":"noindex","follow":"follow"},"og_locale":"fr_CA","og_type":"article","og_title":"Infolettre - M M\u00e9canique 360","og_description":"Merci de vous \u00eatre abonn\u00e9!","og_url":"https:\/\/mmecanique360.com\/fr\/wp-json\/wp\/v2\/pages\/7412","og_site_name":"M M\u00e9canique 360","article_modified_time":"2024-10-21T17:19:03+00:00","og_image":[{"url":"https:\/\/mmecanique360.com\/wp-content\/themes\/360-mechanic-wordpress-theme\/assets\/img\/logo.png?date=2022-09-09","height":177,"width":190,"type":""}],"twitter_card":"summary_large_image","twitter_misc":{"Estimation du temps de lecture":"1 minute"},"schema":{"@context":"https:\/\/schema.org","@graph":[{"@type":"WebPage","@id":"https:\/\/mmecanique360.com\/fr\/infolettre\/infolettre-confirmation\/","url":"https:\/\/mmecanique360.com\/fr\/infolettre\/infolettre-confirmation\/","name":"Infolettre - M M\u00e9canique 360","isPartOf":{"@id":"https:\/\/mmecanique360.com\/fr\/#website"},"datePublished":"2020-10-13T13:27:20+00:00","dateModified":"2024-10-21T17:19:03+00:00","description":"Merci de vous \u00eatre abonn\u00e9!","breadcrumb":{"@id":"https:\/\/mmecanique360.com\/fr\/infolettre\/infolettre-confirmation\/#breadcrumb"},"inLanguage":"fr-CA","potentialAction":[{"@type":"ReadAction","target":["https:\/\/mmecanique360.com\/fr\/infolettre\/infolettre-confirmation\/"]}]},{"@type":"BreadcrumbList","@id":"https:\/\/mmecanique360.com\/fr\/infolettre\/infolettre-confirmation\/#breadcrumb","itemListElement":[{"@type":"ListItem","position":1,"name":"Page d'accueil","item":"https:\/\/mmecanique360.com\/fr\/"},{"@type":"ListItem","position":2,"name":"Infolettre","item":"https:\/\/mmecanique360.com\/fr\/infolettre\/"},{"@type":"ListItem","position":3,"name":"Infolettre"}]},{"@type":"WebSite","@id":"https:\/\/mmecanique360.com\/fr\/#website","url":"https:\/\/mmecanique360.com\/fr\/","name":"M M\u00e9canique 360","description":"M M\u00c9CANIQUE 360 MA\u00ceTRE DE LA ROUTE, AVEC VOUS!","publisher":{"@id":"https:\/\/mmecanique360.com\/fr\/#organization"},"potentialAction":[{"@type":"SearchAction","target":{"@type":"EntryPoint","urlTemplate":"https:\/\/mmecanique360.com\/fr\/?s={search_term_string}"},"query-input":{"@type":"PropertyValueSpecification","valueRequired":true,"valueName":"search_term_string"}}],"inLanguage":"fr-CA"},{"@type":"Organization","@id":"https:\/\/mmecanique360.com\/fr\/#organization","name":"M M\u00e9canique 360","url":"https:\/\/mmecanique360.com\/fr\/","logo":{"@type":"ImageObject","inLanguage":"fr-CA","@id":"https:\/\/mmecanique360.com\/fr\/#\/schema\/logo\/image\/","url":"https:\/\/mmecanique360.com\/wp-content\/uploads\/2022\/08\/MM360_5057-1116_YAHOO_200x200_FR.jpg","contentUrl":"https:\/\/mmecanique360.com\/wp-content\/uploads\/2022\/08\/MM360_5057-1116_YAHOO_200x200_FR.jpg","width":200,"height":200,"caption":"M M\u00e9canique 360"},"image":{"@id":"https:\/\/mmecanique360.com\/fr\/#\/schema\/logo\/image\/"}}]}},"_links":{"self":[{"href":"https:\/\/mmecanique360.com\/fr\/wp-json\/wp\/v2\/pages\/7412","targetHints":{"allow":["GET"]}}],"collection":[{"href":"https:\/\/mmecanique360.com\/fr\/wp-json\/wp\/v2\/pages"}],"about":[{"href":"https:\/\/mmecanique360.com\/fr\/wp-json\/wp\/v2\/types\/page"}],"author":[{"embeddable":true,"href":"https:\/\/mmecanique360.com\/fr\/wp-json\/wp\/v2\/users\/1"}],"replies":[{"embeddable":true,"href":"https:\/\/mmecanique360.com\/fr\/wp-json\/wp\/v2\/comments?post=7412"}],"version-history":[{"count":0,"href":"https:\/\/mmecanique360.com\/fr\/wp-json\/wp\/v2\/pages\/7412\/revisions"}],"up":[{"embeddable":true,"href":"https:\/\/mmecanique360.com\/fr\/wp-json\/wp\/v2\/pages\/6990"}],"wp:attachment":[{"href":"https:\/\/mmecanique360.com\/fr\/wp-json\/wp\/v2\/media?parent=7412"}],"curies":[{"name":"wp","href":"https:\/\/api.w.org\/{rel}","templated":true}]}}