{"id":7035,"date":"2020-09-27T21:55:55","date_gmt":"2020-09-28T01:55:55","guid":{"rendered":"https:\/\/mmecanique360-wp-engine.local\/?page_id=7035"},"modified":"2025-03-28T16:32:38","modified_gmt":"2025-03-28T20:32:38","slug":"politique-de-confidentialite","status":"publish","type":"page","link":"https:\/\/mmecanique360.com\/fr\/politique-de-confidentialite\/","title":{"rendered":"POLITIQUE DE CONFIDENTIALIT\u00c9"},"content":{"rendered":"\n<p><em>Merci de visiter notre site et de prendre connaissance de notre politique de confidentialit\u00e9.<\/em><\/p>\n\n\n\n<p><h2><strong>RAISON D\u2019\u00caTRE DE LA PR\u00c9SENTE POLITIQUE<\/strong><\/h2><\/p>\n\n\n\n<p>La protection de vos renseignements personnels nous tient \u00e0 c\u0153ur. M M\u00e9canique 360 (\u00ab nous \u00bb) s\u2019engage \u00e0 prot\u00e9ger la confidentialit\u00e9 de tout renseignement personnel recueilli directement aupr\u00e8s de ses clients (\u00ab vous \u00bb) et\/ou par le biais de son site Internet (www.mmecanique360.com) et\/ou sur toute autre plateforme de m\u00e9dias sociaux tels que Facebook. La pr\u00e9sente politique de confidentialit\u00e9 de vos renseignements personnels constitue un \u00e9nonc\u00e9 des lignes directrices concernant la protection de vos renseignements personnels.<\/p>\n\n\n\n<p><h2><strong>CONSENTEMENT<\/strong><\/h2><\/p>\n\n\n\n<p>En nous fournissant vos renseignements personnels, vous consentez \u00e0 ce que nous puissions recueillir, utiliser et communiquer ceux-ci conform\u00e9ment \u00e0 la pr\u00e9sente politique.<br>Si vous ne voulez pas que vos renseignements personnels soient collect\u00e9s, utilis\u00e9s et\/ou divulgu\u00e9s de cette fa\u00e7on, veuillez vous abstenir de nous les communiquer.<\/p>\n\n\n\n<p><h2><strong>TYPE DE RENSEIGNEMENTS PERSONNELS RECUEILLIS<\/strong><\/h2><\/p>\n\n\n\n<p>La l\u00e9gislation canadienne sur la protection des renseignements personnels d\u00e9finit un \u00ab renseignement personnel \u00bb de fa\u00e7on assez g\u00e9n\u00e9rale comme un renseignement concernant un \u00ab individu identifiable \u00bb ou comme un renseignement permettant d\u2019identifier un individu.<br>Le type de renseignements personnels que nous pouvons recueillir aupr\u00e8s de vous comprennent :<\/p>\n\n\n\n<ul class=\"wp-block-list\">\n<li>votre nom;<\/li>\n\n\n\n<li>votre adresse ou votre adresse de r\u00e9exp\u00e9dition;<\/li>\n\n\n\n<li>votre num\u00e9ro de t\u00e9l\u00e9phone et votre num\u00e9ro de poste, le cas \u00e9ch\u00e9ant;<\/li>\n\n\n\n<li>votre num\u00e9ro de t\u00e9l\u00e9copieur;<\/li>\n\n\n\n<li>votre adresse \u00e9lectronique; et<\/li>\n\n\n\n<li>des renseignements concernant le paiement (en cas de paiement par carte de cr\u00e9dit, votre num\u00e9ro de carte sera uniquement saisi et trait\u00e9 pour fins de v\u00e9rification, puis il sera supprim\u00e9).<\/li>\n<\/ul>\n\n\n\n<p><h2><strong>UTILISATION DES RENSEIGNEMENTS PERSONNELS RECUEILLIS<\/strong><\/h2><\/p>\n\n\n\n<p>Lorsque nous vous demandons des renseignements personnels, nous vous indiquons \u00e0 quelles fins ils seront utilis\u00e9s ou nous vous renvoyons \u00e0 la pr\u00e9sente politique qui \u00e9nonce \u00e9galement ces fins. Vos renseignements personnels seront notamment utilis\u00e9s aux fins suivantes :<\/p>\n\n\n\n<ul class=\"wp-block-list\">\n<li>pour vous fournir nos produits et services;<\/li>\n\n\n\n<li>aux fins de notre Service \u00e0 la client\u00e8le (ex. les lettres de rappel de service, les r\u00e9ponses \u00e0 vos questions);<\/li>\n\n\n\n<li>\u00e0 l\u2019interne, pour am\u00e9liorer nos produits et services;<\/li>\n\n\n\n<li>pour des fins li\u00e9es \u00e0 la commercialisation (\u00ab marketing \u00bb) (ex. offres, sondages, promotions, concours); et<\/li>\n\n\n\n<li>pour toute autre fin autoris\u00e9e par la loi.<\/li>\n<\/ul>\n\n\n\n<p><h2><strong>COMMUNICATION DES RENSEIGNEMENTS PERSONNELS RECUEILLIS<\/strong><\/h2><\/p>\n\n\n\n<p>Nous ne vendons ni ne divulguons \u00e0 des tiers les renseignements personnels recueillis, sauf dans les cas d\u00e9crits ci-dessous :<\/p>\n\n\n\n<ul class=\"wp-block-list\">\n<li>\u00c0 l\u2019occasion d\u2019une commande, il nous faut divulguer votre num\u00e9ro de carte de cr\u00e9dit et votre adresse aux tiers responsables du traitement du paiement et de l\u2019exp\u00e9dition.<\/li>\n\n\n\n<li>Vos renseignements personnels peuvent \u00e0 l\u2019occasion \u00eatre transmis \u00e0 des tiers qui ex\u00e9cutent pour nous leur traitement, conform\u00e9ment aux fins pour lesquelles ces renseignements ont \u00e9t\u00e9 recueillis \u00e0 l\u2019origine ou aux fins auxquelles vous avez consenti par la suite.<\/li>\n\n\n\n<li>\u00c0 des fins de commercialisation (\u00ab marketing \u00bb), nous pouvons communiquer ou transf\u00e9rer \u00e0 nos soci\u00e9t\u00e9s affili\u00e9es ou \u00e0 nos filiales des renseignements contenus dans nos bases de donn\u00e9es.<\/li>\n\n\n\n<li>Nous pouvons communiquer ou transf\u00e9rer des renseignements contenus dans nos bases de donn\u00e9es pour nous conformer \u00e0 une exigence de la loi, pour l\u2019administration de la justice, pour prot\u00e9ger vos int\u00e9r\u00eats, pour prot\u00e9ger la s\u00e9curit\u00e9 et l\u2019int\u00e9grit\u00e9 de nos bases de donn\u00e9es ou de notre site Internet, pour nous prot\u00e9ger relativement \u00e0 toute responsabilit\u00e9 l\u00e9gale ou si nous faisons l\u2019objet d\u2019une vente, d\u2019une fusion, d\u2019une r\u00e9organisation, d\u2019une dissolution ou d\u2019une autre op\u00e9ration comparable.<\/li>\n<\/ul>\n\n\n\n<p>Avant toute divulgation d\u2019un renseignement personnel \u00e0 un tiers, nous exigeons par contrat que le renseignement demeure confidentiel et qu\u2019il soit s\u00e9curis\u00e9 et utilis\u00e9 uniquement en conformit\u00e9 avec les fins pour lesquelles il a \u00e9t\u00e9 recueilli.<\/p>\n\n\n\n<p><h2><strong>LIENS VERS DES SITES INTERNET TIERS<\/strong><\/h2><\/p>\n\n\n\n<p>Afin d\u2019offrir une valeur accrue aux visiteurs de son site Internet et de toute autre plateforme de m\u00e9dias sociaux tels que Facebook, nous pouvons y ajouter des liens vers des sites Internet exploit\u00e9s et supervis\u00e9s par des tiers (\u00ab Sites Internet Tiers \u00bb). La pr\u00e9sente politique de confidentialit\u00e9 ne s\u2019applique pas aux Sites Internet Tiers. Par cons\u00e9quent, lorsque vous cliquez sur le lien de tout Site Internet Tiers, nous vous recommandons de consulter la politique de confidentialit\u00e9 qui s\u2019applique avant de fournir tout renseignement vous concernant. Nous ne pouvons \u00eatre tenus responsables pour un tiers, ses affili\u00e9s ou agents qui n\u2019utiliseraient pas les renseignements vous concernant conform\u00e9ment \u00e0 la politique de confidentialit\u00e9 de ce tiers ou conform\u00e9ment \u00e0 toute obligation contractuelle ou l\u00e9gale \u00e0 laquelle ce tiers, ses affili\u00e9s ou agents peuvent \u00eatre soumis.<\/p>\n\n\n\n<p><h2><strong>CONSERVATION DE VOS RENSEIGNEMENTS PERSONNELS<\/strong><\/h2><\/p>\n\n\n\n<p>Vos renseignements personnels sont conserv\u00e9s dans nos serveurs s\u00e9curis\u00e9s et ils le resteront aussi longtemps qu\u2019il est n\u00e9cessaire pour les fins auxquelles ils ont \u00e9t\u00e9 recueillis. Une fois que ces renseignements personnels ne seront plus utiles, ils seront d\u00e9truits, effac\u00e9s ou rendus anonymes.<br>Vos renseignements personnels peuvent \u00e9galement \u00eatre conserv\u00e9s chez nos fournisseurs de service, le temps de nos promotions.<\/p>\n\n\n\n<p><h2><strong>S\u00c9CURIT\u00c9<\/strong><\/h2><\/p>\n\n\n\n<p>Nous d\u00e9ployons tous les efforts raisonnables afin de pr\u00e9venir la perte, l\u2019utilisation malveillante et l\u2019alt\u00e9ration des renseignements personnels sous notre contr\u00f4le. Nos politiques de s\u00e9curit\u00e9 sont pass\u00e9es en revue p\u00e9riodiquement et am\u00e9lior\u00e9es au besoin.<br>Tout employ\u00e9 de M M\u00e9canique 360 pouvant acc\u00e9der \u00e0 vos renseignements personnels a re\u00e7u une formation particuli\u00e8re sur la confidentialit\u00e9 des donn\u00e9es et il doit respecter notre politique de confidentialit\u00e9 des renseignements personnels.<br>Comme nous le mentionnions pr\u00e9c\u00e9demment, avant de divulguer un renseignement personnel \u00e0 un tiers, nous exigeons par contrat qu\u2019il demeure confidentiel et qu\u2019il soit s\u00e9curis\u00e9 et utilis\u00e9 uniquement en conformit\u00e9 avec les fins pour lesquelles il a \u00e9t\u00e9 recueilli.<\/p>\n\n\n\n<p><h2><strong>DEMANDE D\u2019ACC\u00c8S \u00c0 VOS RENSEIGNEMENTS PERSONNELS ET MODIFICATION DE CEUX-CI<\/strong><\/h2><\/p>\n\n\n\n<p>En tout temps, vous pouvez demander l\u2019acc\u00e8s \u00e0 vos renseignements personnels et que des corrections y soient apport\u00e9es. Sur r\u00e9ception de votre demande \u00e9crite, nous vous divulguerons, dans un d\u00e9lai raisonnable, les renseignements personnels que nous d\u00e9tenons \u00e0 votre \u00e9gard, sous r\u00e9serve des exceptions l\u00e9gales applicables. Nous modifierons ou supprimerons, dans un d\u00e9lai raisonnable, tout renseignement personnel inexact et nous aviserons tout tiers destinataire des corrections requises, sous r\u00e9serve des exceptions l\u00e9gales applicables.<br>Si vous \u00eates insatisfait de la r\u00e9ponse obtenue, vous pouvez communiquer avec l\u2019autorit\u00e9 gouvernementale responsable de la protection des renseignements personnels du lieu o\u00f9 vous r\u00e9sidez.<\/p>\n\n\n\n<p><h2><strong>SOLLICITATION : PROC\u00c9DURE DE RETRAIT DE VOTRE NOM DE NOTRE LISTE D\u2019ENVOIS<\/strong><\/h2><\/p>\n\n\n<p>Les informations dites de commercialisation (ex. \u00e9v\u00e9nements sp\u00e9ciaux, concours, promotions, sondages) ainsi que les informations li\u00e9es \u00e0 notre suivi \u00e0 la client\u00e8le (ex. lettres de rappel de service et d\u2019entretien) sont uniquement transmises aux clients ayant accept\u00e9 de figurer sur notre liste d\u2019envois.<br \/>Sauf pour ce qui est des obligations l\u00e9gales et\/ou contractuelles, vous pouvez en tout temps d\u00e9cider de retirer votre nom de notre liste d\u2019envois de mani\u00e8re \u00e0 ne plus recevoir l\u2019une ou plusieurs des informations susmentionn\u00e9es. Pour ce faire, veuillez communiquez avec nous \u00e0\u00a0<a href=\"mailto: prp@vastauto.com\">\u00a0<\/a><a href=\"mailto:prp@vastauto.com\">prp@vastauto.com<\/a>\u00a0et nous mentionner que vous ne d\u00e9sirez plus recevoir d\u2019informations de notre part.<\/p>\n\n<h2><strong>AVIS DE MODIFICATION DE LA PR\u00c9SENTE POLITIQUE<\/strong><\/h2>\n\n\n<p>En raison des modifications apport\u00e9es aux lois et de l\u2019\u00e9volution de la technologie, nos pratiques seront modifi\u00e9es de temps \u00e0 autre. Le cas \u00e9ch\u00e9ant, les modifications apport\u00e9es seront affich\u00e9es le plus t\u00f4t possible sur notre site Internet afin que vous puissiez en prendre connaissance. Par cons\u00e9quent, nous vous recommandons de fr\u00e9quemment consulter cette derni\u00e8re sur notre site Internet.<br>La plus r\u00e9cente mise \u00e0 jour de la pr\u00e9sente politique remonte \u00e0 ao\u00fbt 2012.<\/p>\n\n\n\n<p><h2><strong>POUR NOUS JOINDRE<\/strong><\/h2><\/p>\n\n\n\n<p>Pour toute question ou plainte au sujet de vos renseignements personnels, veuillez communiquer avec nous :<\/p>\n\n\n\n<p><strong><strong>M M\u00e9canique 360<\/strong><\/strong><br>4840, boul. des Grandes-Prairies<br>Bureau 200<br>Montr\u00e9al (QC) H1R 1A1<br><br>T\u00e9l\u00e9phone :&nbsp;(514) 955-7511<\/p>\n\n\n\n<p>Courriel\u00a0: <a href=\"mailto:prp@vastauto.com\"><a href=\"mailto:prp@vastauto.com\">prp@vastauto.com<\/a>\u00a0<\/a><\/p>\n","protected":false},"excerpt":{"rendered":"<p>Merci de visiter notre site et de prendre connaissance de notre politique de confidentialit\u00e9. RAISON D\u2019\u00caTRE DE LA PR\u00c9SENTE POLITIQUE La protection de vos renseignements personnels nous tient \u00e0 c\u0153ur. M M\u00e9canique 360 (\u00ab nous \u00bb) s\u2019engage \u00e0 prot\u00e9ger la confidentialit\u00e9 de tout renseignement personnel recueilli directement aupr\u00e8s de ses clients (\u00ab vous \u00bb) et\/ou &hellip;<\/p>\n","protected":false},"author":1,"featured_media":0,"parent":0,"menu_order":0,"comment_status":"closed","ping_status":"open","template":"","meta":{"footnotes":""},"class_list":["post-7035","page","type-page","status-publish","hentry"],"yoast_head":"<!-- This site is optimized with the Yoast SEO plugin v27.4 - https:\/\/yoast.com\/product\/yoast-seo-wordpress\/ -->\n<title>POLITIQUE DE CONFIDENTIALIT\u00c9 - M M\u00e9canique 360<\/title>\n<meta name=\"description\" content=\"Merci de visiter notre site et de prendre connaissance de notre politique de confidentialit\u00e9.\" \/>\n<meta name=\"robots\" content=\"index, follow, max-snippet:-1, max-image-preview:large, max-video-preview:-1\" \/>\n<link rel=\"canonical\" href=\"https:\/\/mmecanique360.com\/fr\/politique-de-confidentialite\/\" \/>\n<meta property=\"og:locale\" content=\"fr_CA\" \/>\n<meta property=\"og:type\" content=\"article\" \/>\n<meta property=\"og:title\" content=\"POLITIQUE DE CONFIDENTIALIT\u00c9 - M M\u00e9canique 360\" \/>\n<meta property=\"og:description\" content=\"Merci de visiter notre site et de prendre connaissance de notre politique de confidentialit\u00e9.\" \/>\n<meta property=\"og:url\" content=\"https:\/\/mmecanique360.com\/fr\/wp-json\/wp\/v2\/pages\/7035\" \/>\n<meta property=\"og:site_name\" content=\"M M\u00e9canique 360\" \/>\n<meta property=\"article:modified_time\" content=\"2025-03-28T20:32:38+00:00\" \/>\n<meta property=\"og:image\" content=\"https:\/\/mmecanique360.com\/wp-content\/themes\/360-mechanic-wordpress-theme\/assets\/img\/logo.png?date=2022-09-09\" \/>\n\t<meta property=\"og:image:width\" content=\"190\" \/>\n\t<meta property=\"og:image:height\" content=\"177\" \/>\n<meta name=\"twitter:card\" content=\"summary_large_image\" \/>\n<meta name=\"twitter:label1\" content=\"Estimation du temps de lecture\" \/>\n\t<meta name=\"twitter:data1\" content=\"6 minutes\" \/>\n<script type=\"application\/ld+json\" class=\"yoast-schema-graph\">{\"@context\":\"https:\\\/\\\/schema.org\",\"@graph\":[{\"@type\":\"WebPage\",\"@id\":\"https:\\\/\\\/mmecanique360.com\\\/fr\\\/politique-de-confidentialite\\\/\",\"url\":\"https:\\\/\\\/mmecanique360.com\\\/fr\\\/politique-de-confidentialite\\\/\",\"name\":\"POLITIQUE DE CONFIDENTIALIT\u00c9 - M M\u00e9canique 360\",\"isPartOf\":{\"@id\":\"https:\\\/\\\/mmecanique360.com\\\/fr\\\/#website\"},\"datePublished\":\"2020-09-28T01:55:55+00:00\",\"dateModified\":\"2025-03-28T20:32:38+00:00\",\"description\":\"Merci de visiter notre site et de prendre connaissance de notre politique de confidentialit\u00e9.\",\"breadcrumb\":{\"@id\":\"https:\\\/\\\/mmecanique360.com\\\/fr\\\/politique-de-confidentialite\\\/#breadcrumb\"},\"inLanguage\":\"fr-CA\",\"potentialAction\":[{\"@type\":\"ReadAction\",\"target\":[\"https:\\\/\\\/mmecanique360.com\\\/fr\\\/politique-de-confidentialite\\\/\"]}]},{\"@type\":\"BreadcrumbList\",\"@id\":\"https:\\\/\\\/mmecanique360.com\\\/fr\\\/politique-de-confidentialite\\\/#breadcrumb\",\"itemListElement\":[{\"@type\":\"ListItem\",\"position\":1,\"name\":\"Page d'accueil\",\"item\":\"https:\\\/\\\/mmecanique360.com\\\/fr\\\/\"},{\"@type\":\"ListItem\",\"position\":2,\"name\":\"POLITIQUE DE CONFIDENTIALIT\u00c9\"}]},{\"@type\":\"WebSite\",\"@id\":\"https:\\\/\\\/mmecanique360.com\\\/fr\\\/#website\",\"url\":\"https:\\\/\\\/mmecanique360.com\\\/fr\\\/\",\"name\":\"M M\u00e9canique 360\",\"description\":\"M M\u00c9CANIQUE 360 NOUVEAU NOM, M\u00caME SERVICES\",\"publisher\":{\"@id\":\"https:\\\/\\\/mmecanique360.com\\\/fr\\\/#organization\"},\"potentialAction\":[{\"@type\":\"SearchAction\",\"target\":{\"@type\":\"EntryPoint\",\"urlTemplate\":\"https:\\\/\\\/mmecanique360.com\\\/fr\\\/?s={search_term_string}\"},\"query-input\":{\"@type\":\"PropertyValueSpecification\",\"valueRequired\":true,\"valueName\":\"search_term_string\"}}],\"inLanguage\":\"fr-CA\"},{\"@type\":\"Organization\",\"@id\":\"https:\\\/\\\/mmecanique360.com\\\/fr\\\/#organization\",\"name\":\"M M\u00e9canique 360\",\"url\":\"https:\\\/\\\/mmecanique360.com\\\/fr\\\/\",\"logo\":{\"@type\":\"ImageObject\",\"inLanguage\":\"fr-CA\",\"@id\":\"https:\\\/\\\/mmecanique360.com\\\/fr\\\/#\\\/schema\\\/logo\\\/image\\\/\",\"url\":\"https:\\\/\\\/mmecanique360.com\\\/wp-content\\\/uploads\\\/2022\\\/08\\\/MM360_5057-1116_YAHOO_200x200_FR.jpg\",\"contentUrl\":\"https:\\\/\\\/mmecanique360.com\\\/wp-content\\\/uploads\\\/2022\\\/08\\\/MM360_5057-1116_YAHOO_200x200_FR.jpg\",\"width\":200,\"height\":200,\"caption\":\"M M\u00e9canique 360\"},\"image\":{\"@id\":\"https:\\\/\\\/mmecanique360.com\\\/fr\\\/#\\\/schema\\\/logo\\\/image\\\/\"}}]}<\/script>\n<!-- \/ Yoast SEO plugin. -->","yoast_head_json":{"title":"POLITIQUE DE CONFIDENTIALIT\u00c9 - M M\u00e9canique 360","description":"Merci de visiter notre site et de prendre connaissance de notre politique de confidentialit\u00e9.","robots":{"index":"index","follow":"follow","max-snippet":"max-snippet:-1","max-image-preview":"max-image-preview:large","max-video-preview":"max-video-preview:-1"},"canonical":"https:\/\/mmecanique360.com\/fr\/politique-de-confidentialite\/","og_locale":"fr_CA","og_type":"article","og_title":"POLITIQUE DE CONFIDENTIALIT\u00c9 - M M\u00e9canique 360","og_description":"Merci de visiter notre site et de prendre connaissance de notre politique de confidentialit\u00e9.","og_url":"https:\/\/mmecanique360.com\/fr\/wp-json\/wp\/v2\/pages\/7035","og_site_name":"M M\u00e9canique 360","article_modified_time":"2025-03-28T20:32:38+00:00","og_image":[{"url":"https:\/\/mmecanique360.com\/wp-content\/themes\/360-mechanic-wordpress-theme\/assets\/img\/logo.png?date=2022-09-09","height":177,"width":190,"type":""}],"twitter_card":"summary_large_image","twitter_misc":{"Estimation du temps de lecture":"6 minutes"},"schema":{"@context":"https:\/\/schema.org","@graph":[{"@type":"WebPage","@id":"https:\/\/mmecanique360.com\/fr\/politique-de-confidentialite\/","url":"https:\/\/mmecanique360.com\/fr\/politique-de-confidentialite\/","name":"POLITIQUE DE CONFIDENTIALIT\u00c9 - M M\u00e9canique 360","isPartOf":{"@id":"https:\/\/mmecanique360.com\/fr\/#website"},"datePublished":"2020-09-28T01:55:55+00:00","dateModified":"2025-03-28T20:32:38+00:00","description":"Merci de visiter notre site et de prendre connaissance de notre politique de confidentialit\u00e9.","breadcrumb":{"@id":"https:\/\/mmecanique360.com\/fr\/politique-de-confidentialite\/#breadcrumb"},"inLanguage":"fr-CA","potentialAction":[{"@type":"ReadAction","target":["https:\/\/mmecanique360.com\/fr\/politique-de-confidentialite\/"]}]},{"@type":"BreadcrumbList","@id":"https:\/\/mmecanique360.com\/fr\/politique-de-confidentialite\/#breadcrumb","itemListElement":[{"@type":"ListItem","position":1,"name":"Page d'accueil","item":"https:\/\/mmecanique360.com\/fr\/"},{"@type":"ListItem","position":2,"name":"POLITIQUE DE CONFIDENTIALIT\u00c9"}]},{"@type":"WebSite","@id":"https:\/\/mmecanique360.com\/fr\/#website","url":"https:\/\/mmecanique360.com\/fr\/","name":"M M\u00e9canique 360","description":"M M\u00c9CANIQUE 360 NOUVEAU NOM, M\u00caME SERVICES","publisher":{"@id":"https:\/\/mmecanique360.com\/fr\/#organization"},"potentialAction":[{"@type":"SearchAction","target":{"@type":"EntryPoint","urlTemplate":"https:\/\/mmecanique360.com\/fr\/?s={search_term_string}"},"query-input":{"@type":"PropertyValueSpecification","valueRequired":true,"valueName":"search_term_string"}}],"inLanguage":"fr-CA"},{"@type":"Organization","@id":"https:\/\/mmecanique360.com\/fr\/#organization","name":"M M\u00e9canique 360","url":"https:\/\/mmecanique360.com\/fr\/","logo":{"@type":"ImageObject","inLanguage":"fr-CA","@id":"https:\/\/mmecanique360.com\/fr\/#\/schema\/logo\/image\/","url":"https:\/\/mmecanique360.com\/wp-content\/uploads\/2022\/08\/MM360_5057-1116_YAHOO_200x200_FR.jpg","contentUrl":"https:\/\/mmecanique360.com\/wp-content\/uploads\/2022\/08\/MM360_5057-1116_YAHOO_200x200_FR.jpg","width":200,"height":200,"caption":"M M\u00e9canique 360"},"image":{"@id":"https:\/\/mmecanique360.com\/fr\/#\/schema\/logo\/image\/"}}]}},"_links":{"self":[{"href":"https:\/\/mmecanique360.com\/fr\/wp-json\/wp\/v2\/pages\/7035","targetHints":{"allow":["GET"]}}],"collection":[{"href":"https:\/\/mmecanique360.com\/fr\/wp-json\/wp\/v2\/pages"}],"about":[{"href":"https:\/\/mmecanique360.com\/fr\/wp-json\/wp\/v2\/types\/page"}],"author":[{"embeddable":true,"href":"https:\/\/mmecanique360.com\/fr\/wp-json\/wp\/v2\/users\/1"}],"replies":[{"embeddable":true,"href":"https:\/\/mmecanique360.com\/fr\/wp-json\/wp\/v2\/comments?post=7035"}],"version-history":[{"count":0,"href":"https:\/\/mmecanique360.com\/fr\/wp-json\/wp\/v2\/pages\/7035\/revisions"}],"wp:attachment":[{"href":"https:\/\/mmecanique360.com\/fr\/wp-json\/wp\/v2\/media?parent=7035"}],"curies":[{"name":"wp","href":"https:\/\/api.w.org\/{rel}","templated":true}]}}