{"id":6187,"date":"2020-09-10T14:00:47","date_gmt":"2020-09-10T18:00:47","guid":{"rendered":"https:\/\/mmecanique360-wp-engine.local\/?page_id=6187"},"modified":"2025-11-10T16:29:19","modified_gmt":"2025-11-10T21:29:19","slug":"pneus","status":"publish","type":"page","link":"https:\/\/mmecanique360.com\/fr\/pneus\/","title":{"rendered":"Pneus"},"content":{"rendered":"\n<h1 class=\"wp-block-cgb-block-monsieurmuffler-title is-blue\">Pneus et jantes<\/h1>\n\n\n\n<p>Cet outil vous permet de trouver le pneu optimal pour votre v\u00e9hicule. Dans le menu ci-dessous, entrez l\u2019ann\u00e9e, la marque et le mod\u00e8le de votre v\u00e9hicule, puis s\u00e9lectionnez le type de pneus que vous recherchez. Si une des marques suivantes ne se trouve pas dans notre catalogue en ligne, SVP contactez votre atelier M M\u00e9canique 360 pour plus de renseignements.<\/p>\n\n\n\n<div class=\"wp-block-group is-layout-flow wp-block-group-is-layout-flow\"><div class=\"favorite-location-block\" data-block-id=\"1\">\n\n<div class=\"row\">\n    <div class=\"col-md-4\">\n        <h2>CHOISISSEZ<br>VOS PNEUS<\/h2>\n    <\/div>\n    <div class=\"col-md-8 text-right store\">\n        <div class=\"coords\">\n            <h3>Centre de l\u2019auto Germain et fils inc. \/ M M\u00e9canique 360<\/h3>\n            <p>1020 Boulevard Hamel, Saint-F\u00e9licien(QC) G8K 1X9<\/p>\n            <p>(418) 679-1408<\/p>\n        <\/div>\n        <span class=\"link\"><a class=\"storeLocatorChangeStore\" href=\"https:\/\/mmecanique360.com\/fr\/ateliers\/\">Changer d&rsquo;atelier<\/a><\/span>\n    <\/div>\n    <div class=\"col-md-12\">\n        <hr class=\"yellow\">\n    <\/div>\n<\/div>\n\n<\/div><\/div>\n\n\n<div class=\"favorite-location-block\" data-block-id=\"2\">\n<script src=\"https:\/\/app.tireconnect.ca\/js\/widget.js\"><\/script>\n  <div id=\"tireconnect\"><\/div>\n    <script>\n       if (document.querySelector('.favorite-location-block[data-block-id=\"2\"]') === null) {\n       TCWidget.init({\n          locationId: \"49572\",\n          apikey: 'b75a74aea18b482c619e3c992b37ea95',\n          container: 'tireconnect',\n          locale: 'fr_CA',\n          locationLock: true\n       });\n       }\n    <\/script>\n<\/div>\n\n\n<div style=\"height:100px\" aria-hidden=\"true\" class=\"wp-block-spacer\"><\/div>\n\n\n\n<h2 class=\"wp-block-heading\">JANTES, ACCESSOIRES DE PNEUS <br>ET SERVICES CONNEXES<\/h2>\n\n\n\n<hr class=\"yellow\">\n\n\n<section id=\"carousel-services\" class=\"carousel slide\" data-ride=\"carousel\"><div class=\"carousel-inner\"><div class=\"row\"><div class=\"carousel-item active\"><div class=\"col-md-4\"><a href=\"https:\/\/mmecanique360.com\/fr\/ateliers\/\"  class=\"service-hover\"><h4 class=\"service-title\">JANTES en acier et en alliage<\/h4><div style=\" background-image: url('https:\/\/mmecanique360.com\/wp-content\/uploads\/2020\/09\/MMuffler_DSC_4284_R.jpg');  background-repeat: no-repeat; background-size: cover; background-position: center top;\"><div class=\"carousel-services-image image-overlay\"><div class=\"carousel-services-image icon-background\"><div class=\"carousel-services-image image-battery\"style=\"background-image: url('https:\/\/mmecanique360.com\/wp-content\/uploads\/2020\/09\/Steel_alloyMags.png') ;\"><\/div><\/div><\/div><\/div><\/a><p class=\"excerpt\">Embellissez l\u2019allure de votre v\u00e9hicule, ajoutez-y des jantes de qualit\u00e9.<a class=\"service-link\" href=\"https:\/\/mmecanique360.com\/fr\/ateliers\/\"><\/a><\/p><\/div><\/div><div class=\"carousel-item\"><div class=\"col-md-4\"><a href=\"https:\/\/mmecanique360.com\/fr\/ateliers\/\"  class=\"service-hover\"><h4 class=\"service-title\">ALIGNEMENT<\/h4><div style=\" background-image: url('https:\/\/mmecanique360.com\/wp-content\/uploads\/2020\/09\/MMuffler_DSC_4329_R.jpg');  background-repeat: no-repeat; background-size: cover; background-position: center top;\"><div class=\"carousel-services-image image-overlay\"><div class=\"carousel-services-image icon-background\"><div class=\"carousel-services-image image-battery\"style=\"background-image: url('https:\/\/mmecanique360.com\/wp-content\/uploads\/2020\/09\/alignment.png') ;\"><\/div><\/div><\/div><\/div><\/a><p class=\"excerpt\">Pr\u00e9venez l\u2019usure pr\u00e9matur\u00e9e des pneus, de la direction et de la suspension par un alignement des roues.<a class=\"service-link\" href=\"https:\/\/mmecanique360.com\/fr\/ateliers\/\"><\/a><\/p><\/div><\/div><div class=\"carousel-item\"><div class=\"col-md-4\"><a href=\"https:\/\/mmecanique360.com\/fr\/ateliers\/\"  class=\"service-hover\"><h4 class=\"service-title\">SUSPENSION ET DIRECTION<\/h4><div style=\" background-image: url('https:\/\/mmecanique360.com\/wp-content\/uploads\/2020\/09\/MMuffler_DSC_4308_R.jpg');  background-repeat: no-repeat; background-size: cover; background-position: center top;\"><div class=\"carousel-services-image image-overlay\"><div class=\"carousel-services-image icon-background\"><div class=\"carousel-services-image image-battery\"style=\"background-image: url('https:\/\/mmecanique360.com\/wp-content\/uploads\/2020\/09\/suspensionSteering.png') ;\"><\/div><\/div><\/div><\/div><\/a><p class=\"excerpt\">Assurez-vous de faire v\u00e9rifier votre suspension et direction pour une conduite s\u00e9curitaire et agr\u00e9able.<a class=\"service-link\" href=\"https:\/\/mmecanique360.com\/fr\/ateliers\/\"><\/a><\/p><\/div><\/div><div class=\"carousel-item\"><div class=\"col-md-4\"><a href=\"https:\/\/mmecanique360.com\/fr\/ateliers\/\"  class=\"service-hover\"><h4 class=\"service-title\">ENTREPOSAGE DE PNEUS<\/h4><div style=\" background-image: url('https:\/\/mmecanique360.com\/wp-content\/uploads\/2020\/09\/MMuffler_DSC_4208_R.jpg');  background-repeat: no-repeat; background-size: cover; background-position: center top;\"><div class=\"carousel-services-image image-overlay\"><div class=\"carousel-services-image icon-background\"><div class=\"carousel-services-image image-battery\"style=\"background-image: url('https:\/\/mmecanique360.com\/wp-content\/uploads\/2020\/09\/tireStorage.png') ;\"><\/div><\/div><\/div><\/div><\/a><p class=\"excerpt\">Lib\u00e9rez de l\u2019espace \u00e0 votre domicile et \u00e9vitez le tracas de manipuler ceux-ci en nous confiant l\u2019entreposage de vos pneus.<a class=\"service-link\" href=\"https:\/\/mmecanique360.com\/fr\/ateliers\/\"><\/a><\/p><\/div><\/div><div class=\"carousel-item\"><div class=\"col-md-4\"><a href=\"https:\/\/mmecanique360.com\/fr\/ateliers\/\"  class=\"service-hover\"><h4 class=\"service-title\">BOULONS, \u00c9CROUS ET TPMS<\/h4><div style=\" background-image: url('https:\/\/mmecanique360.com\/wp-content\/uploads\/2020\/09\/MMuffler_DSC_4324_R.jpg');  background-repeat: no-repeat; background-size: cover; background-position: center top;\"><div class=\"carousel-services-image image-overlay\"><div class=\"carousel-services-image icon-background\"><div class=\"carousel-services-image image-battery\"style=\"background-image: url('https:\/\/mmecanique360.com\/wp-content\/uploads\/2020\/09\/BoltsNutsTPMS.png') ;\"><\/div><\/div><\/div><\/div><\/a><p class=\"excerpt\">Trouvez les accessoires de pneus n\u00e9cessaires \u00e0 la s\u00e9curit\u00e9 et l\u2019esth\u00e9tique de votre v\u00e9hicule, tels que boulons, \u00e9crous et TPMS.<a class=\"service-link\" href=\"https:\/\/mmecanique360.com\/fr\/ateliers\/\"><\/a><\/p><\/div><\/div><\/div><\/div><a class=\"carousel-control-prev\" href=\"#carousel-services\" role=\"button\" data-slide=\"prev\"><span class=\"sr-only\">Previous<\/span><\/a><a class=\"carousel-control-next\" href=\"#carousel-services\" role=\"button\" data-slide=\"next\"><span class=\"sr-only\">Next<\/span><\/a><\/section>","protected":false},"excerpt":{"rendered":"<p>Cet outil vous permet de trouver le pneu optimal pour votre v\u00e9hicule. Dans le menu ci-dessous, entrez l\u2019ann\u00e9e, la marque et le mod\u00e8le de votre v\u00e9hicule, puis s\u00e9lectionnez le type de pneus que vous recherchez. Si une des marques suivantes ne se trouve pas dans notre catalogue en ligne, SVP contactez votre atelier M M\u00e9canique &hellip;<\/p>\n","protected":false},"author":1,"featured_media":0,"parent":0,"menu_order":0,"comment_status":"closed","ping_status":"closed","template":"","meta":{"footnotes":""},"class_list":["post-6187","page","type-page","status-publish","hentry"],"yoast_head":"<!-- This site is optimized with the Yoast SEO plugin v27.5 - https:\/\/yoast.com\/product\/yoast-seo-wordpress\/ -->\n<title>Pneus - M M\u00e9canique 360<\/title>\n<meta name=\"description\" content=\"Cet outil vous permet de trouver le pneu optimal pour votre v\u00e9hicule. Dans le menu ci-dessous, entrez l\u2019ann\u00e9e, la marque et le mod\u00e8le de votre v\u00e9hicule, puis s\u00e9lectionnez le type de pneus que vous recherchez.\" \/>\n<meta name=\"robots\" content=\"index, follow, max-snippet:-1, max-image-preview:large, max-video-preview:-1\" \/>\n<link rel=\"canonical\" href=\"https:\/\/mmecanique360.com\/fr\/pneus\/\" \/>\n<meta property=\"og:locale\" content=\"fr_CA\" \/>\n<meta property=\"og:type\" content=\"article\" \/>\n<meta property=\"og:title\" content=\"Pneus - M M\u00e9canique 360\" \/>\n<meta property=\"og:description\" content=\"Cet outil vous permet de trouver le pneu optimal pour votre v\u00e9hicule. Dans le menu ci-dessous, entrez l\u2019ann\u00e9e, la marque et le mod\u00e8le de votre v\u00e9hicule, puis s\u00e9lectionnez le type de pneus que vous recherchez.\" \/>\n<meta property=\"og:url\" content=\"https:\/\/mmecanique360.com\/fr\/wp-json\/wp\/v2\/pages\/6187\" \/>\n<meta property=\"og:site_name\" content=\"M M\u00e9canique 360\" \/>\n<meta property=\"article:modified_time\" content=\"2025-11-10T21:29:19+00:00\" \/>\n<meta property=\"og:image\" content=\"https:\/\/mmecanique360.com\/wp-content\/themes\/360-mechanic-wordpress-theme\/assets\/img\/logo.png?date=2022-09-09\" \/>\n\t<meta property=\"og:image:width\" content=\"190\" \/>\n\t<meta property=\"og:image:height\" content=\"177\" \/>\n<meta name=\"twitter:card\" content=\"summary_large_image\" \/>\n<meta name=\"twitter:label1\" content=\"Estimation du temps de lecture\" \/>\n\t<meta name=\"twitter:data1\" content=\"1 minute\" \/>\n<script type=\"application\/ld+json\" class=\"yoast-schema-graph\">{\"@context\":\"https:\\\/\\\/schema.org\",\"@graph\":[{\"@type\":\"WebPage\",\"@id\":\"https:\\\/\\\/mmecanique360.com\\\/fr\\\/pneus\\\/\",\"url\":\"https:\\\/\\\/mmecanique360.com\\\/fr\\\/pneus\\\/\",\"name\":\"Pneus - M M\u00e9canique 360\",\"isPartOf\":{\"@id\":\"https:\\\/\\\/mmecanique360.com\\\/fr\\\/#website\"},\"datePublished\":\"2020-09-10T18:00:47+00:00\",\"dateModified\":\"2025-11-10T21:29:19+00:00\",\"description\":\"Cet outil vous permet de trouver le pneu optimal pour votre v\u00e9hicule. Dans le menu ci-dessous, entrez l\u2019ann\u00e9e, la marque et le mod\u00e8le de votre v\u00e9hicule, puis s\u00e9lectionnez le type de pneus que vous recherchez.\",\"breadcrumb\":{\"@id\":\"https:\\\/\\\/mmecanique360.com\\\/fr\\\/pneus\\\/#breadcrumb\"},\"inLanguage\":\"fr-CA\",\"potentialAction\":[{\"@type\":\"ReadAction\",\"target\":[\"https:\\\/\\\/mmecanique360.com\\\/fr\\\/pneus\\\/\"]}]},{\"@type\":\"BreadcrumbList\",\"@id\":\"https:\\\/\\\/mmecanique360.com\\\/fr\\\/pneus\\\/#breadcrumb\",\"itemListElement\":[{\"@type\":\"ListItem\",\"position\":1,\"name\":\"Page d'accueil\",\"item\":\"https:\\\/\\\/mmecanique360.com\\\/fr\\\/\"},{\"@type\":\"ListItem\",\"position\":2,\"name\":\"Pneus\"}]},{\"@type\":\"WebSite\",\"@id\":\"https:\\\/\\\/mmecanique360.com\\\/fr\\\/#website\",\"url\":\"https:\\\/\\\/mmecanique360.com\\\/fr\\\/\",\"name\":\"M M\u00e9canique 360\",\"description\":\"M M\u00c9CANIQUE 360 MA\u00ceTRE DE LA ROUTE, AVEC VOUS!\",\"publisher\":{\"@id\":\"https:\\\/\\\/mmecanique360.com\\\/fr\\\/#organization\"},\"potentialAction\":[{\"@type\":\"SearchAction\",\"target\":{\"@type\":\"EntryPoint\",\"urlTemplate\":\"https:\\\/\\\/mmecanique360.com\\\/fr\\\/?s={search_term_string}\"},\"query-input\":{\"@type\":\"PropertyValueSpecification\",\"valueRequired\":true,\"valueName\":\"search_term_string\"}}],\"inLanguage\":\"fr-CA\"},{\"@type\":\"Organization\",\"@id\":\"https:\\\/\\\/mmecanique360.com\\\/fr\\\/#organization\",\"name\":\"M M\u00e9canique 360\",\"url\":\"https:\\\/\\\/mmecanique360.com\\\/fr\\\/\",\"logo\":{\"@type\":\"ImageObject\",\"inLanguage\":\"fr-CA\",\"@id\":\"https:\\\/\\\/mmecanique360.com\\\/fr\\\/#\\\/schema\\\/logo\\\/image\\\/\",\"url\":\"https:\\\/\\\/mmecanique360.com\\\/wp-content\\\/uploads\\\/2022\\\/08\\\/MM360_5057-1116_YAHOO_200x200_FR.jpg\",\"contentUrl\":\"https:\\\/\\\/mmecanique360.com\\\/wp-content\\\/uploads\\\/2022\\\/08\\\/MM360_5057-1116_YAHOO_200x200_FR.jpg\",\"width\":200,\"height\":200,\"caption\":\"M M\u00e9canique 360\"},\"image\":{\"@id\":\"https:\\\/\\\/mmecanique360.com\\\/fr\\\/#\\\/schema\\\/logo\\\/image\\\/\"}}]}<\/script>\n<!-- \/ Yoast SEO plugin. -->","yoast_head_json":{"title":"Pneus - M M\u00e9canique 360","description":"Cet outil vous permet de trouver le pneu optimal pour votre v\u00e9hicule. Dans le menu ci-dessous, entrez l\u2019ann\u00e9e, la marque et le mod\u00e8le de votre v\u00e9hicule, puis s\u00e9lectionnez le type de pneus que vous recherchez.","robots":{"index":"index","follow":"follow","max-snippet":"max-snippet:-1","max-image-preview":"max-image-preview:large","max-video-preview":"max-video-preview:-1"},"canonical":"https:\/\/mmecanique360.com\/fr\/pneus\/","og_locale":"fr_CA","og_type":"article","og_title":"Pneus - M M\u00e9canique 360","og_description":"Cet outil vous permet de trouver le pneu optimal pour votre v\u00e9hicule. Dans le menu ci-dessous, entrez l\u2019ann\u00e9e, la marque et le mod\u00e8le de votre v\u00e9hicule, puis s\u00e9lectionnez le type de pneus que vous recherchez.","og_url":"https:\/\/mmecanique360.com\/fr\/wp-json\/wp\/v2\/pages\/6187","og_site_name":"M M\u00e9canique 360","article_modified_time":"2025-11-10T21:29:19+00:00","og_image":[{"url":"https:\/\/mmecanique360.com\/wp-content\/themes\/360-mechanic-wordpress-theme\/assets\/img\/logo.png?date=2022-09-09","height":177,"width":190,"type":""}],"twitter_card":"summary_large_image","twitter_misc":{"Estimation du temps de lecture":"1 minute"},"schema":{"@context":"https:\/\/schema.org","@graph":[{"@type":"WebPage","@id":"https:\/\/mmecanique360.com\/fr\/pneus\/","url":"https:\/\/mmecanique360.com\/fr\/pneus\/","name":"Pneus - M M\u00e9canique 360","isPartOf":{"@id":"https:\/\/mmecanique360.com\/fr\/#website"},"datePublished":"2020-09-10T18:00:47+00:00","dateModified":"2025-11-10T21:29:19+00:00","description":"Cet outil vous permet de trouver le pneu optimal pour votre v\u00e9hicule. Dans le menu ci-dessous, entrez l\u2019ann\u00e9e, la marque et le mod\u00e8le de votre v\u00e9hicule, puis s\u00e9lectionnez le type de pneus que vous recherchez.","breadcrumb":{"@id":"https:\/\/mmecanique360.com\/fr\/pneus\/#breadcrumb"},"inLanguage":"fr-CA","potentialAction":[{"@type":"ReadAction","target":["https:\/\/mmecanique360.com\/fr\/pneus\/"]}]},{"@type":"BreadcrumbList","@id":"https:\/\/mmecanique360.com\/fr\/pneus\/#breadcrumb","itemListElement":[{"@type":"ListItem","position":1,"name":"Page d'accueil","item":"https:\/\/mmecanique360.com\/fr\/"},{"@type":"ListItem","position":2,"name":"Pneus"}]},{"@type":"WebSite","@id":"https:\/\/mmecanique360.com\/fr\/#website","url":"https:\/\/mmecanique360.com\/fr\/","name":"M M\u00e9canique 360","description":"M M\u00c9CANIQUE 360 MA\u00ceTRE DE LA ROUTE, AVEC VOUS!","publisher":{"@id":"https:\/\/mmecanique360.com\/fr\/#organization"},"potentialAction":[{"@type":"SearchAction","target":{"@type":"EntryPoint","urlTemplate":"https:\/\/mmecanique360.com\/fr\/?s={search_term_string}"},"query-input":{"@type":"PropertyValueSpecification","valueRequired":true,"valueName":"search_term_string"}}],"inLanguage":"fr-CA"},{"@type":"Organization","@id":"https:\/\/mmecanique360.com\/fr\/#organization","name":"M M\u00e9canique 360","url":"https:\/\/mmecanique360.com\/fr\/","logo":{"@type":"ImageObject","inLanguage":"fr-CA","@id":"https:\/\/mmecanique360.com\/fr\/#\/schema\/logo\/image\/","url":"https:\/\/mmecanique360.com\/wp-content\/uploads\/2022\/08\/MM360_5057-1116_YAHOO_200x200_FR.jpg","contentUrl":"https:\/\/mmecanique360.com\/wp-content\/uploads\/2022\/08\/MM360_5057-1116_YAHOO_200x200_FR.jpg","width":200,"height":200,"caption":"M M\u00e9canique 360"},"image":{"@id":"https:\/\/mmecanique360.com\/fr\/#\/schema\/logo\/image\/"}}]}},"_links":{"self":[{"href":"https:\/\/mmecanique360.com\/fr\/wp-json\/wp\/v2\/pages\/6187","targetHints":{"allow":["GET"]}}],"collection":[{"href":"https:\/\/mmecanique360.com\/fr\/wp-json\/wp\/v2\/pages"}],"about":[{"href":"https:\/\/mmecanique360.com\/fr\/wp-json\/wp\/v2\/types\/page"}],"author":[{"embeddable":true,"href":"https:\/\/mmecanique360.com\/fr\/wp-json\/wp\/v2\/users\/1"}],"replies":[{"embeddable":true,"href":"https:\/\/mmecanique360.com\/fr\/wp-json\/wp\/v2\/comments?post=6187"}],"version-history":[{"count":0,"href":"https:\/\/mmecanique360.com\/fr\/wp-json\/wp\/v2\/pages\/6187\/revisions"}],"wp:attachment":[{"href":"https:\/\/mmecanique360.com\/fr\/wp-json\/wp\/v2\/media?parent=6187"}],"curies":[{"name":"wp","href":"https:\/\/api.w.org\/{rel}","templated":true}]}}