{"id":6083,"date":"2020-09-10T08:12:49","date_gmt":"2020-09-10T12:12:49","guid":{"rendered":"https:\/\/mmecanique360-wp-engine.local\/?page_id=6083"},"modified":"2025-11-21T15:35:16","modified_gmt":"2025-11-21T20:35:16","slug":"ateliers","status":"publish","type":"page","link":"https:\/\/mmecanique360.com\/fr\/ateliers\/","title":{"rendered":"TROUVEZ L\u2019ATELIER <br \/>LE PLUS PR\u00c8S"},"content":{"rendered":"\n<div class=\"wp-block-group store-locator-page is-layout-flow wp-block-group-is-layout-flow\"><div id=\"map-container\" style=\"position: relative; z-index: 1;\">\n<p>This is a generic placeholder. The real Store Locator is loaded when rendering the page.<\/p>\n    <iframe width='100%'\n        height='600px'\n        src=https:\/\/www.google.com\/maps\/embed\/v1\/place?q=45.4745393,-73.634522&#038;maptype=roadmap&#038;zoom=12&#038;key=AIzaSyCyUIBiAFL9ta2Bs8KlBF27QDiylbBGVBM\n        frameBorder='0'>\n    <\/iframe>\n    <span style=\"position: absolute; top: 0px; bottom: 0px; left: 0; right: 0; z-index: 3;\"><\/span>\n<\/div><\/div>\n","protected":false},"excerpt":{"rendered":"","protected":false},"author":1,"featured_media":0,"parent":0,"menu_order":0,"comment_status":"closed","ping_status":"closed","template":"page-full.php","meta":{"footnotes":""},"class_list":["post-6083","page","type-page","status-publish","hentry"],"yoast_head":"<!-- This site is optimized with the Yoast SEO plugin v27.3 - https:\/\/yoast.com\/product\/yoast-seo-wordpress\/ -->\n<title>Trouvez un garage pr\u00e8s de chez vous - M M\u00e9canique 360<\/title>\n<meta name=\"description\" content=\"Nos ateliers r\u00e9parent tout type de v\u00e9hicules et vous conseillent sur le meilleur entretien pour votre v\u00e9hicule. Un atelier pr\u00e8s de chez vous!\" \/>\n<meta name=\"robots\" content=\"index, follow, max-snippet:-1, max-image-preview:large, max-video-preview:-1\" \/>\n<link rel=\"canonical\" href=\"https:\/\/mmecanique360.com\/fr\/ateliers\/\" \/>\n<meta property=\"og:locale\" content=\"fr_CA\" \/>\n<meta property=\"og:type\" content=\"article\" \/>\n<meta property=\"og:title\" content=\"Trouvez un garage pr\u00e8s de chez vous - M M\u00e9canique 360\" \/>\n<meta property=\"og:description\" content=\"Nos ateliers r\u00e9parent tout type de v\u00e9hicules et vous conseillent sur le meilleur entretien pour votre v\u00e9hicule. Un atelier pr\u00e8s de chez vous!\" \/>\n<meta property=\"og:url\" content=\"https:\/\/mmecanique360.com\/fr\/wp-json\/wp\/v2\/pages\/6083\" \/>\n<meta property=\"og:site_name\" content=\"M M\u00e9canique 360\" \/>\n<meta property=\"article:modified_time\" content=\"2025-11-21T20:35:16+00:00\" \/>\n<meta property=\"og:image\" content=\"https:\/\/mmecanique360.com\/wp-content\/themes\/360-mechanic-wordpress-theme\/assets\/img\/logo.png?date=2022-09-09\" \/>\n\t<meta property=\"og:image:width\" content=\"190\" \/>\n\t<meta property=\"og:image:height\" content=\"177\" \/><meta property=\"og:image\" content=\"https:\/\/fonts.gstatic.com\/s\/i\/googlematerialicons\/arrow_back\/v11\/24px.svg\" \/>\n<meta name=\"twitter:card\" content=\"summary_large_image\" \/>\n<meta name=\"twitter:label1\" content=\"Estimation du temps de lecture\" \/>\n\t<meta name=\"twitter:data1\" content=\"1 minute\" \/>\n<script type=\"application\/ld+json\" class=\"yoast-schema-graph\">{\"@context\":\"https:\\\/\\\/schema.org\",\"@graph\":[{\"@type\":\"WebPage\",\"@id\":\"https:\\\/\\\/mmecanique360.com\\\/fr\\\/ateliers\\\/\",\"url\":\"https:\\\/\\\/mmecanique360.com\\\/fr\\\/ateliers\\\/\",\"name\":\"Trouvez un garage pr\u00e8s de chez vous - M M\u00e9canique 360\",\"isPartOf\":{\"@id\":\"https:\\\/\\\/mmecanique360.com\\\/fr\\\/#website\"},\"primaryImageOfPage\":{\"@id\":\"https:\\\/\\\/mmecanique360.com\\\/fr\\\/ateliers\\\/#primaryimage\"},\"image\":{\"@id\":\"https:\\\/\\\/mmecanique360.com\\\/fr\\\/ateliers\\\/#primaryimage\"},\"thumbnailUrl\":\"https:\\\/\\\/fonts.gstatic.com\\\/s\\\/i\\\/googlematerialicons\\\/arrow_back\\\/v11\\\/24px.svg\",\"datePublished\":\"2020-09-10T12:12:49+00:00\",\"dateModified\":\"2025-11-21T20:35:16+00:00\",\"description\":\"Nos ateliers r\u00e9parent tout type de v\u00e9hicules et vous conseillent sur le meilleur entretien pour votre v\u00e9hicule. Un atelier pr\u00e8s de chez vous!\",\"breadcrumb\":{\"@id\":\"https:\\\/\\\/mmecanique360.com\\\/fr\\\/ateliers\\\/#breadcrumb\"},\"inLanguage\":\"fr-CA\",\"potentialAction\":[{\"@type\":\"ReadAction\",\"target\":[\"https:\\\/\\\/mmecanique360.com\\\/fr\\\/ateliers\\\/\"]}]},{\"@type\":\"ImageObject\",\"inLanguage\":\"fr-CA\",\"@id\":\"https:\\\/\\\/mmecanique360.com\\\/fr\\\/ateliers\\\/#primaryimage\",\"url\":\"https:\\\/\\\/fonts.gstatic.com\\\/s\\\/i\\\/googlematerialicons\\\/arrow_back\\\/v11\\\/24px.svg\",\"contentUrl\":\"https:\\\/\\\/fonts.gstatic.com\\\/s\\\/i\\\/googlematerialicons\\\/arrow_back\\\/v11\\\/24px.svg\"},{\"@type\":\"BreadcrumbList\",\"@id\":\"https:\\\/\\\/mmecanique360.com\\\/fr\\\/ateliers\\\/#breadcrumb\",\"itemListElement\":[{\"@type\":\"ListItem\",\"position\":1,\"name\":\"Page d'accueil\",\"item\":\"https:\\\/\\\/mmecanique360.com\\\/fr\\\/\"},{\"@type\":\"ListItem\",\"position\":2,\"name\":\"TROUVEZ L\u2019ATELIER LE PLUS PR\u00c8S\"}]},{\"@type\":\"WebSite\",\"@id\":\"https:\\\/\\\/mmecanique360.com\\\/fr\\\/#website\",\"url\":\"https:\\\/\\\/mmecanique360.com\\\/fr\\\/\",\"name\":\"M M\u00e9canique 360\",\"description\":\"M M\u00c9CANIQUE 360 NOUVEAU NOM, M\u00caME SERVICES\",\"publisher\":{\"@id\":\"https:\\\/\\\/mmecanique360.com\\\/fr\\\/#organization\"},\"potentialAction\":[{\"@type\":\"SearchAction\",\"target\":{\"@type\":\"EntryPoint\",\"urlTemplate\":\"https:\\\/\\\/mmecanique360.com\\\/fr\\\/?s={search_term_string}\"},\"query-input\":{\"@type\":\"PropertyValueSpecification\",\"valueRequired\":true,\"valueName\":\"search_term_string\"}}],\"inLanguage\":\"fr-CA\"},{\"@type\":\"Organization\",\"@id\":\"https:\\\/\\\/mmecanique360.com\\\/fr\\\/#organization\",\"name\":\"M M\u00e9canique 360\",\"url\":\"https:\\\/\\\/mmecanique360.com\\\/fr\\\/\",\"logo\":{\"@type\":\"ImageObject\",\"inLanguage\":\"fr-CA\",\"@id\":\"https:\\\/\\\/mmecanique360.com\\\/fr\\\/#\\\/schema\\\/logo\\\/image\\\/\",\"url\":\"https:\\\/\\\/mmecanique360.com\\\/wp-content\\\/uploads\\\/2022\\\/08\\\/MM360_5057-1116_YAHOO_200x200_FR.jpg\",\"contentUrl\":\"https:\\\/\\\/mmecanique360.com\\\/wp-content\\\/uploads\\\/2022\\\/08\\\/MM360_5057-1116_YAHOO_200x200_FR.jpg\",\"width\":200,\"height\":200,\"caption\":\"M M\u00e9canique 360\"},\"image\":{\"@id\":\"https:\\\/\\\/mmecanique360.com\\\/fr\\\/#\\\/schema\\\/logo\\\/image\\\/\"}}]}<\/script>\n<!-- \/ Yoast SEO plugin. -->","yoast_head_json":{"title":"Trouvez un garage pr\u00e8s de chez vous - M M\u00e9canique 360","description":"Nos ateliers r\u00e9parent tout type de v\u00e9hicules et vous conseillent sur le meilleur entretien pour votre v\u00e9hicule. Un atelier pr\u00e8s de chez vous!","robots":{"index":"index","follow":"follow","max-snippet":"max-snippet:-1","max-image-preview":"max-image-preview:large","max-video-preview":"max-video-preview:-1"},"canonical":"https:\/\/mmecanique360.com\/fr\/ateliers\/","og_locale":"fr_CA","og_type":"article","og_title":"Trouvez un garage pr\u00e8s de chez vous - M M\u00e9canique 360","og_description":"Nos ateliers r\u00e9parent tout type de v\u00e9hicules et vous conseillent sur le meilleur entretien pour votre v\u00e9hicule. Un atelier pr\u00e8s de chez vous!","og_url":"https:\/\/mmecanique360.com\/fr\/wp-json\/wp\/v2\/pages\/6083","og_site_name":"M M\u00e9canique 360","article_modified_time":"2025-11-21T20:35:16+00:00","og_image":[{"url":"https:\/\/mmecanique360.com\/wp-content\/themes\/360-mechanic-wordpress-theme\/assets\/img\/logo.png?date=2022-09-09","height":177,"width":190,"type":""},{"url":"https:\/\/fonts.gstatic.com\/s\/i\/googlematerialicons\/arrow_back\/v11\/24px.svg","type":"","width":"","height":""}],"twitter_card":"summary_large_image","twitter_misc":{"Estimation du temps de lecture":"1 minute"},"schema":{"@context":"https:\/\/schema.org","@graph":[{"@type":"WebPage","@id":"https:\/\/mmecanique360.com\/fr\/ateliers\/","url":"https:\/\/mmecanique360.com\/fr\/ateliers\/","name":"Trouvez un garage pr\u00e8s de chez vous - M M\u00e9canique 360","isPartOf":{"@id":"https:\/\/mmecanique360.com\/fr\/#website"},"primaryImageOfPage":{"@id":"https:\/\/mmecanique360.com\/fr\/ateliers\/#primaryimage"},"image":{"@id":"https:\/\/mmecanique360.com\/fr\/ateliers\/#primaryimage"},"thumbnailUrl":"https:\/\/fonts.gstatic.com\/s\/i\/googlematerialicons\/arrow_back\/v11\/24px.svg","datePublished":"2020-09-10T12:12:49+00:00","dateModified":"2025-11-21T20:35:16+00:00","description":"Nos ateliers r\u00e9parent tout type de v\u00e9hicules et vous conseillent sur le meilleur entretien pour votre v\u00e9hicule. Un atelier pr\u00e8s de chez vous!","breadcrumb":{"@id":"https:\/\/mmecanique360.com\/fr\/ateliers\/#breadcrumb"},"inLanguage":"fr-CA","potentialAction":[{"@type":"ReadAction","target":["https:\/\/mmecanique360.com\/fr\/ateliers\/"]}]},{"@type":"ImageObject","inLanguage":"fr-CA","@id":"https:\/\/mmecanique360.com\/fr\/ateliers\/#primaryimage","url":"https:\/\/fonts.gstatic.com\/s\/i\/googlematerialicons\/arrow_back\/v11\/24px.svg","contentUrl":"https:\/\/fonts.gstatic.com\/s\/i\/googlematerialicons\/arrow_back\/v11\/24px.svg"},{"@type":"BreadcrumbList","@id":"https:\/\/mmecanique360.com\/fr\/ateliers\/#breadcrumb","itemListElement":[{"@type":"ListItem","position":1,"name":"Page d'accueil","item":"https:\/\/mmecanique360.com\/fr\/"},{"@type":"ListItem","position":2,"name":"TROUVEZ L\u2019ATELIER LE PLUS PR\u00c8S"}]},{"@type":"WebSite","@id":"https:\/\/mmecanique360.com\/fr\/#website","url":"https:\/\/mmecanique360.com\/fr\/","name":"M M\u00e9canique 360","description":"M M\u00c9CANIQUE 360 NOUVEAU NOM, M\u00caME SERVICES","publisher":{"@id":"https:\/\/mmecanique360.com\/fr\/#organization"},"potentialAction":[{"@type":"SearchAction","target":{"@type":"EntryPoint","urlTemplate":"https:\/\/mmecanique360.com\/fr\/?s={search_term_string}"},"query-input":{"@type":"PropertyValueSpecification","valueRequired":true,"valueName":"search_term_string"}}],"inLanguage":"fr-CA"},{"@type":"Organization","@id":"https:\/\/mmecanique360.com\/fr\/#organization","name":"M M\u00e9canique 360","url":"https:\/\/mmecanique360.com\/fr\/","logo":{"@type":"ImageObject","inLanguage":"fr-CA","@id":"https:\/\/mmecanique360.com\/fr\/#\/schema\/logo\/image\/","url":"https:\/\/mmecanique360.com\/wp-content\/uploads\/2022\/08\/MM360_5057-1116_YAHOO_200x200_FR.jpg","contentUrl":"https:\/\/mmecanique360.com\/wp-content\/uploads\/2022\/08\/MM360_5057-1116_YAHOO_200x200_FR.jpg","width":200,"height":200,"caption":"M M\u00e9canique 360"},"image":{"@id":"https:\/\/mmecanique360.com\/fr\/#\/schema\/logo\/image\/"}}]}},"_links":{"self":[{"href":"https:\/\/mmecanique360.com\/fr\/wp-json\/wp\/v2\/pages\/6083","targetHints":{"allow":["GET"]}}],"collection":[{"href":"https:\/\/mmecanique360.com\/fr\/wp-json\/wp\/v2\/pages"}],"about":[{"href":"https:\/\/mmecanique360.com\/fr\/wp-json\/wp\/v2\/types\/page"}],"author":[{"embeddable":true,"href":"https:\/\/mmecanique360.com\/fr\/wp-json\/wp\/v2\/users\/1"}],"replies":[{"embeddable":true,"href":"https:\/\/mmecanique360.com\/fr\/wp-json\/wp\/v2\/comments?post=6083"}],"version-history":[{"count":0,"href":"https:\/\/mmecanique360.com\/fr\/wp-json\/wp\/v2\/pages\/6083\/revisions"}],"wp:attachment":[{"href":"https:\/\/mmecanique360.com\/fr\/wp-json\/wp\/v2\/media?parent=6083"}],"curies":[{"name":"wp","href":"https:\/\/api.w.org\/{rel}","templated":true}]}}