{"id":5813,"date":"2020-09-03T21:51:33","date_gmt":"2020-09-04T01:51:33","guid":{"rendered":"https:\/\/mmecanique360-wp-engine.local\/rendez-vous\/"},"modified":"2026-02-20T00:48:48","modified_gmt":"2026-02-20T05:48:48","slug":"demandez-un-rendez-vous","status":"publish","type":"page","link":"https:\/\/mmecanique360.com\/fr\/demandez-un-rendez-vous\/","title":{"rendered":"Demandez un rendez-vous"},"content":{"rendered":"\n<h1 class=\"wp-block-cgb-block-monsieurmuffler-title is-blue column-aligned-title\">DEMANDEZ un <br>rendez-vous<\/h1>\n\n\n<div class=\"favorite-location-block\" data-block-id=\"1\">\n<script src=\"https:\/\/app.tireconnect.ca\/js\/widget.js\"><\/script>\n\n<script>\nfunction setURLSearchParam(key, value) {\n        const url = new URL(window.location.href);\n        url.searchParams.set(key, value);\n        window.history.pushState({path: url.href}, '', url.href);\n    }\n    function getParam(param) {\n        return new URLSearchParams(window.location.search).get(param);\n    }\n    if (typeof locationIdParam === 'undefined') {\n        var locationIdParam = getParam('store');\n    } else {\n        locationIdParam = getParam('store');\n    }\n    if (locationIdParam && (locationIdParam != 53)) {\n        saveFavouriteLocation(locationIdParam);\n        location.reload();\n    }\n<\/script>\n\n<div id=\"info-container\" class=\"row\"><\/div>\n<script>\nif (document.querySelector('.favorite-location-block[data-block-id=\"1\"]') === null) {\ndocument.getElementById('info-container').innerHTML = `\n    <div class=\"col-md-4\">\n        <h2 class=\"red-text\" style=\"color: red;\">VOTRE ATELIER VOUS RAPPELLERA SOUS PEU POUR CONFIRMER VOTRE RENDEZ-VOUS!<\/h2>\n        <h4 class=\"red-text\" style=\"color: red;\">*Dans un d\u00e9lai de 48h, durant les heures d'affaires. Pour toute urgence, communiquez directement avec l'atelier.<\/h4>\n    <\/div>\n    <div class=\"col-md-8 text-right store\">\n        <div class=\"coords\">\n            <h3>Centre de l\u2019auto Germain et fils inc. \/ M M\u00e9canique 360<\/h3>\n            <p>1020 Boulevard Hamel, Saint-F\u00e9licien(QC) G8K 1X9<\/p>\n            <p><a href=\"tel:(418) 679-1408\">(418) 679-1408<\/a><\/p>\n        <\/div>\n        <span class=\"link\"><a class=\"storeLocatorChangeStore\" href=\"https:\/\/mmecanique360.com\/fr\/ateliers\/\">Changer d'atelier<\/a><\/span>\n    <\/div>\n    <div class=\"col-md-12\">\n        <hr class=\"yellow\">\n    <\/div>\n    `;\n}\n<\/script>\n\n\n\n\n\n\n\n<div id=\"iframe-container\"><\/div>\n<script>\nif (document.querySelector('.favorite-location-block[data-block-id=\"1\"]') === null) {\ndocument.getElementById('iframe-container').innerHTML = `\n      <iframe src=\"https:\/\/www.costarlive.com\/9575_MonsieurMuffler101492\/Appointments\/?branch=0\" style=\"width: 100%; height: 750px; border: none;\"><\/iframe>\n    `;\n}\n<\/script>\n\n\n\n\n\n\n\n<\/div>","protected":false},"excerpt":{"rendered":"","protected":false},"author":1,"featured_media":0,"parent":0,"menu_order":0,"comment_status":"closed","ping_status":"closed","template":"","meta":{"footnotes":""},"class_list":["post-5813","page","type-page","status-publish","hentry"],"yoast_head":"<!-- This site is optimized with the Yoast SEO plugin v27.4 - https:\/\/yoast.com\/product\/yoast-seo-wordpress\/ -->\n<title>Planifiez un rendez-vous - M M\u00e9canique 360<\/title>\n<meta name=\"description\" content=\"Planifiez un rendez-vous avec un garage M M\u00e9canique 360 pour des services automobiles de qualit\u00e9 sup\u00e9rieure. R\u00e9servez votre plage!\" \/>\n<meta name=\"robots\" content=\"index, follow, max-snippet:-1, max-image-preview:large, max-video-preview:-1\" \/>\n<link rel=\"canonical\" href=\"https:\/\/mmecanique360.com\/fr\/demandez-un-rendez-vous\/\" \/>\n<meta property=\"og:locale\" content=\"fr_CA\" \/>\n<meta property=\"og:type\" content=\"article\" \/>\n<meta property=\"og:title\" content=\"Planifiez un rendez-vous - M M\u00e9canique 360\" \/>\n<meta property=\"og:description\" content=\"Planifiez un rendez-vous avec un garage M M\u00e9canique 360 pour des services automobiles de qualit\u00e9 sup\u00e9rieure. R\u00e9servez votre plage!\" \/>\n<meta property=\"og:url\" content=\"https:\/\/mmecanique360.com\/fr\/wp-json\/wp\/v2\/pages\/5813\" \/>\n<meta property=\"og:site_name\" content=\"M M\u00e9canique 360\" \/>\n<meta property=\"article:modified_time\" content=\"2026-02-20T05:48:48+00:00\" \/>\n<meta property=\"og:image\" content=\"https:\/\/mmecanique360.com\/wp-content\/themes\/360-mechanic-wordpress-theme\/assets\/img\/logo.png?date=2022-09-09\" \/>\n\t<meta property=\"og:image:width\" content=\"190\" \/>\n\t<meta property=\"og:image:height\" content=\"177\" \/>\n<meta name=\"twitter:card\" content=\"summary_large_image\" \/>\n<meta name=\"twitter:label1\" content=\"Estimation du temps de lecture\" \/>\n\t<meta name=\"twitter:data1\" content=\"1 minute\" \/>\n<script type=\"application\/ld+json\" class=\"yoast-schema-graph\">{\"@context\":\"https:\\\/\\\/schema.org\",\"@graph\":[{\"@type\":\"WebPage\",\"@id\":\"https:\\\/\\\/mmecanique360.com\\\/fr\\\/demandez-un-rendez-vous\\\/\",\"url\":\"https:\\\/\\\/mmecanique360.com\\\/fr\\\/demandez-un-rendez-vous\\\/\",\"name\":\"Planifiez un rendez-vous - M M\u00e9canique 360\",\"isPartOf\":{\"@id\":\"https:\\\/\\\/mmecanique360.com\\\/fr\\\/#website\"},\"datePublished\":\"2020-09-04T01:51:33+00:00\",\"dateModified\":\"2026-02-20T05:48:48+00:00\",\"description\":\"Planifiez un rendez-vous avec un garage M M\u00e9canique 360 pour des services automobiles de qualit\u00e9 sup\u00e9rieure. R\u00e9servez votre plage!\",\"breadcrumb\":{\"@id\":\"https:\\\/\\\/mmecanique360.com\\\/fr\\\/demandez-un-rendez-vous\\\/#breadcrumb\"},\"inLanguage\":\"fr-CA\",\"potentialAction\":[{\"@type\":\"ReadAction\",\"target\":[\"https:\\\/\\\/mmecanique360.com\\\/fr\\\/demandez-un-rendez-vous\\\/\"]}]},{\"@type\":\"BreadcrumbList\",\"@id\":\"https:\\\/\\\/mmecanique360.com\\\/fr\\\/demandez-un-rendez-vous\\\/#breadcrumb\",\"itemListElement\":[{\"@type\":\"ListItem\",\"position\":1,\"name\":\"Page d'accueil\",\"item\":\"https:\\\/\\\/mmecanique360.com\\\/fr\\\/\"},{\"@type\":\"ListItem\",\"position\":2,\"name\":\"Demandez un rendez-vous\"}]},{\"@type\":\"WebSite\",\"@id\":\"https:\\\/\\\/mmecanique360.com\\\/fr\\\/#website\",\"url\":\"https:\\\/\\\/mmecanique360.com\\\/fr\\\/\",\"name\":\"M M\u00e9canique 360\",\"description\":\"M M\u00c9CANIQUE 360 NOUVEAU NOM, M\u00caME SERVICES\",\"publisher\":{\"@id\":\"https:\\\/\\\/mmecanique360.com\\\/fr\\\/#organization\"},\"potentialAction\":[{\"@type\":\"SearchAction\",\"target\":{\"@type\":\"EntryPoint\",\"urlTemplate\":\"https:\\\/\\\/mmecanique360.com\\\/fr\\\/?s={search_term_string}\"},\"query-input\":{\"@type\":\"PropertyValueSpecification\",\"valueRequired\":true,\"valueName\":\"search_term_string\"}}],\"inLanguage\":\"fr-CA\"},{\"@type\":\"Organization\",\"@id\":\"https:\\\/\\\/mmecanique360.com\\\/fr\\\/#organization\",\"name\":\"M M\u00e9canique 360\",\"url\":\"https:\\\/\\\/mmecanique360.com\\\/fr\\\/\",\"logo\":{\"@type\":\"ImageObject\",\"inLanguage\":\"fr-CA\",\"@id\":\"https:\\\/\\\/mmecanique360.com\\\/fr\\\/#\\\/schema\\\/logo\\\/image\\\/\",\"url\":\"https:\\\/\\\/mmecanique360.com\\\/wp-content\\\/uploads\\\/2022\\\/08\\\/MM360_5057-1116_YAHOO_200x200_FR.jpg\",\"contentUrl\":\"https:\\\/\\\/mmecanique360.com\\\/wp-content\\\/uploads\\\/2022\\\/08\\\/MM360_5057-1116_YAHOO_200x200_FR.jpg\",\"width\":200,\"height\":200,\"caption\":\"M M\u00e9canique 360\"},\"image\":{\"@id\":\"https:\\\/\\\/mmecanique360.com\\\/fr\\\/#\\\/schema\\\/logo\\\/image\\\/\"}}]}<\/script>\n<!-- \/ Yoast SEO plugin. -->","yoast_head_json":{"title":"Planifiez un rendez-vous - M M\u00e9canique 360","description":"Planifiez un rendez-vous avec un garage M M\u00e9canique 360 pour des services automobiles de qualit\u00e9 sup\u00e9rieure. R\u00e9servez votre plage!","robots":{"index":"index","follow":"follow","max-snippet":"max-snippet:-1","max-image-preview":"max-image-preview:large","max-video-preview":"max-video-preview:-1"},"canonical":"https:\/\/mmecanique360.com\/fr\/demandez-un-rendez-vous\/","og_locale":"fr_CA","og_type":"article","og_title":"Planifiez un rendez-vous - M M\u00e9canique 360","og_description":"Planifiez un rendez-vous avec un garage M M\u00e9canique 360 pour des services automobiles de qualit\u00e9 sup\u00e9rieure. R\u00e9servez votre plage!","og_url":"https:\/\/mmecanique360.com\/fr\/wp-json\/wp\/v2\/pages\/5813","og_site_name":"M M\u00e9canique 360","article_modified_time":"2026-02-20T05:48:48+00:00","og_image":[{"url":"https:\/\/mmecanique360.com\/wp-content\/themes\/360-mechanic-wordpress-theme\/assets\/img\/logo.png?date=2022-09-09","height":177,"width":190,"type":""}],"twitter_card":"summary_large_image","twitter_misc":{"Estimation du temps de lecture":"1 minute"},"schema":{"@context":"https:\/\/schema.org","@graph":[{"@type":"WebPage","@id":"https:\/\/mmecanique360.com\/fr\/demandez-un-rendez-vous\/","url":"https:\/\/mmecanique360.com\/fr\/demandez-un-rendez-vous\/","name":"Planifiez un rendez-vous - M M\u00e9canique 360","isPartOf":{"@id":"https:\/\/mmecanique360.com\/fr\/#website"},"datePublished":"2020-09-04T01:51:33+00:00","dateModified":"2026-02-20T05:48:48+00:00","description":"Planifiez un rendez-vous avec un garage M M\u00e9canique 360 pour des services automobiles de qualit\u00e9 sup\u00e9rieure. R\u00e9servez votre plage!","breadcrumb":{"@id":"https:\/\/mmecanique360.com\/fr\/demandez-un-rendez-vous\/#breadcrumb"},"inLanguage":"fr-CA","potentialAction":[{"@type":"ReadAction","target":["https:\/\/mmecanique360.com\/fr\/demandez-un-rendez-vous\/"]}]},{"@type":"BreadcrumbList","@id":"https:\/\/mmecanique360.com\/fr\/demandez-un-rendez-vous\/#breadcrumb","itemListElement":[{"@type":"ListItem","position":1,"name":"Page d'accueil","item":"https:\/\/mmecanique360.com\/fr\/"},{"@type":"ListItem","position":2,"name":"Demandez un rendez-vous"}]},{"@type":"WebSite","@id":"https:\/\/mmecanique360.com\/fr\/#website","url":"https:\/\/mmecanique360.com\/fr\/","name":"M M\u00e9canique 360","description":"M M\u00c9CANIQUE 360 NOUVEAU NOM, M\u00caME SERVICES","publisher":{"@id":"https:\/\/mmecanique360.com\/fr\/#organization"},"potentialAction":[{"@type":"SearchAction","target":{"@type":"EntryPoint","urlTemplate":"https:\/\/mmecanique360.com\/fr\/?s={search_term_string}"},"query-input":{"@type":"PropertyValueSpecification","valueRequired":true,"valueName":"search_term_string"}}],"inLanguage":"fr-CA"},{"@type":"Organization","@id":"https:\/\/mmecanique360.com\/fr\/#organization","name":"M M\u00e9canique 360","url":"https:\/\/mmecanique360.com\/fr\/","logo":{"@type":"ImageObject","inLanguage":"fr-CA","@id":"https:\/\/mmecanique360.com\/fr\/#\/schema\/logo\/image\/","url":"https:\/\/mmecanique360.com\/wp-content\/uploads\/2022\/08\/MM360_5057-1116_YAHOO_200x200_FR.jpg","contentUrl":"https:\/\/mmecanique360.com\/wp-content\/uploads\/2022\/08\/MM360_5057-1116_YAHOO_200x200_FR.jpg","width":200,"height":200,"caption":"M M\u00e9canique 360"},"image":{"@id":"https:\/\/mmecanique360.com\/fr\/#\/schema\/logo\/image\/"}}]}},"_links":{"self":[{"href":"https:\/\/mmecanique360.com\/fr\/wp-json\/wp\/v2\/pages\/5813","targetHints":{"allow":["GET"]}}],"collection":[{"href":"https:\/\/mmecanique360.com\/fr\/wp-json\/wp\/v2\/pages"}],"about":[{"href":"https:\/\/mmecanique360.com\/fr\/wp-json\/wp\/v2\/types\/page"}],"author":[{"embeddable":true,"href":"https:\/\/mmecanique360.com\/fr\/wp-json\/wp\/v2\/users\/1"}],"replies":[{"embeddable":true,"href":"https:\/\/mmecanique360.com\/fr\/wp-json\/wp\/v2\/comments?post=5813"}],"version-history":[{"count":0,"href":"https:\/\/mmecanique360.com\/fr\/wp-json\/wp\/v2\/pages\/5813\/revisions"}],"wp:attachment":[{"href":"https:\/\/mmecanique360.com\/fr\/wp-json\/wp\/v2\/media?parent=5813"}],"curies":[{"name":"wp","href":"https:\/\/api.w.org\/{rel}","templated":true}]}}