{"id":4683,"date":"2020-08-26T10:43:00","date_gmt":"2020-08-26T14:43:00","guid":{"rendered":"https:\/\/mmecanique360-wp-engine.local\/?page_id=4683"},"modified":"2025-10-27T12:55:51","modified_gmt":"2025-10-27T16:55:51","slug":"nos-actions-caritatives","status":"publish","type":"page","link":"https:\/\/mmecanique360.com\/fr\/nos-actions-caritatives\/","title":{"rendered":"Nos actions caritatives"},"content":{"rendered":"\n<p>M M\u00e9canique 360 est fier de contribuer \u00e0 plusieurs causes philanthropiques et de participer ainsi \u00e0 l\u2019avancement de la science en mati\u00e8re de sant\u00e9, tout en encourageant l\u2019effort entrepreneurial de la jeune g\u00e9n\u00e9ration et en veillant au mieux-\u00eatre des personnes atteintes de maladies graves.<\/p>\n\n\n\n<div class=\"wp-block-columns is-layout-flex wp-container-core-columns-is-layout-28f84493 wp-block-columns-is-layout-flex\">\n<div class=\"wp-block-column mobile-hide is-layout-flow wp-block-column-is-layout-flow\" style=\"flex-basis:25%\"><nav class=\"mm-content-list\"><ul id=\"menu-content-pages-french\" class=\"menu\"><li id=\"menu-item-6350\" class=\"menu-item menu-item-type-post_type menu-item-object-page menu-item-6350\"><a href=\"https:\/\/mmecanique360.com\/fr\/nous-joindre\/\">Nous joindre<\/a><\/li>\n<li id=\"menu-item-6353\" class=\"menu-item menu-item-type-post_type menu-item-object-page menu-item-6353\"><a href=\"https:\/\/mmecanique360.com\/fr\/a-propos\/\">\u00c0 propos<\/a><\/li>\n<li id=\"menu-item-6814\" class=\"menu-item menu-item-type-post_type menu-item-object-page menu-item-6814\"><a href=\"https:\/\/mmecanique360.com\/fr\/carrieres\/\">Carri\u00e8res<\/a><\/li>\n<li id=\"menu-item-6351\" class=\"menu-item menu-item-type-post_type menu-item-object-page menu-item-6351\"><a href=\"https:\/\/mmecanique360.com\/fr\/devenir-franchise\/\">Devenir franchis\u00e9<\/a><\/li>\n<li id=\"menu-item-6352\" class=\"menu-item menu-item-type-post_type menu-item-object-page menu-item-6352\"><a href=\"https:\/\/mmecanique360.com\/fr\/nos-actions-caritatives\/\">Actions caritatives<\/a><\/li>\n<li id=\"menu-item-6815\" class=\"menu-item menu-item-type-post_type menu-item-object-page menu-item-6815\"><a href=\"https:\/\/mmecanique360.com\/fr\/blogue\/\">Blogue<\/a><\/li>\n<li id=\"menu-item-6995\" class=\"menu-item menu-item-type-post_type menu-item-object-page menu-item-6995\"><a href=\"https:\/\/mmecanique360.com\/fr\/infolettre\/\">Infolettre<\/a><\/li>\n<\/ul><\/nav><\/div>\n\n\n\n<div class=\"wp-block-column is-layout-flow wp-block-column-is-layout-flow\">\n<div class=\"wp-block-columns no-padding-columns is-layout-flex wp-container-core-columns-is-layout-28f84493 wp-block-columns-is-layout-flex\">\n<div class=\"wp-block-column is-layout-flow wp-block-column-is-layout-flow\" style=\"flex-basis:60%\">\n<h3 class=\"wp-block-heading header-blue\"><mark style=\"background-color:rgba(0, 0, 0, 0);color:#003c78\" class=\"has-inline-color\">SOCI\u00c9T\u00c9 DE LA SCL\u00c9ROSE LAT\u00c9RALE AMYOTROPHIQUE DU QU\u00c9BEC (SLA)<\/mark><\/h3>\n<\/div>\n\n\n\n<div class=\"wp-block-column is-layout-flow wp-block-column-is-layout-flow\" style=\"flex-basis:50%\">\n<figure class=\"wp-block-image size-full is-resized\"><img loading=\"lazy\" decoding=\"async\" width=\"557\" height=\"209\" src=\"https:\/\/mmecanique360.com\/wp-content\/uploads\/2023\/09\/SLA-FR.png\" alt=\"\" class=\"wp-image-12546\" style=\"width:158px;height:59px\" srcset=\"https:\/\/mmecanique360.com\/wp-content\/uploads\/2023\/09\/SLA-FR.png 557w, https:\/\/mmecanique360.com\/wp-content\/uploads\/2023\/09\/SLA-FR-300x113.png 300w\" sizes=\"auto, (max-width: 557px) 100vw, 557px\" \/><\/figure>\n\n\n\n<p><\/p>\n<\/div>\n<\/div>\n\n\n\n<hr class=\"wp-block-separator has-text-color has-alpha-channel-opacity has-background is-style-wide\" style=\"background-color:#c0e021;color:#c0e021\"\/>\n\n\n\n<p>La Soci\u00e9t\u00e9 de la Scl\u00e9rose Lat\u00e9rale Amyotrophique du Qu\u00e9bec est un organisme communautaire sans but lucratif dont la mission est l\u2019am\u00e9lioration des conditions de vie des personnes souffrant de SLA et au soutien des membres de leur famille.<\/p>\n\n\n\n<p>La Scl\u00e9rose Lat\u00e9rale Amyotrophique est une maladie neuromusculaire \u00e0 \u00e9volution tr\u00e8s rapide dont l\u2019issue est toujours fatale. Connue en France sous le nom de maladie de Charcot et aux \u00c9tats-Unis sous le nom de maladie de Lou Gehrig, elle se caract\u00e9rise par la d\u00e9g\u00e9n\u00e9rescence des cellules nerveuses qui contr\u00f4lent les muscles moteurs, ce qui entra\u00eene une paralysie totale graduelle de la personne atteinte alors que ses facult\u00e9s intellectuelles demeurent vives et intactes.<\/p>\n\n\n\n<p>Visitez le site de <a href=\"http:\/\/sla-quebec.ca\/\">La Soci\u00e9t\u00e9 de la Scl\u00e9rose Lat\u00e9rale Amyotrophique du Qu\u00e9bec<\/a><\/p>\n<\/div>\n\n\n\n<div class=\"wp-block-column is-layout-flow wp-block-column-is-layout-flow\">\n<div class=\"wp-block-columns no-padding-columns is-layout-flex wp-container-core-columns-is-layout-28f84493 wp-block-columns-is-layout-flex\">\n<div class=\"wp-block-column is-layout-flow wp-block-column-is-layout-flow\" style=\"flex-basis:60%\">\n<h3 class=\"wp-block-heading\"><mark style=\"background-color:rgba(0, 0, 0, 0);color:#003c78\" class=\"has-inline-color\">FONDATION CHU SAINTE-JUSTINE<\/mark><\/h3>\n\n\n\n<p><\/p>\n<\/div>\n\n\n\n<div class=\"wp-block-column is-layout-flow wp-block-column-is-layout-flow\" style=\"flex-basis:50%\">\n<figure class=\"wp-block-image size-large\"><img loading=\"lazy\" decoding=\"async\" width=\"240\" height=\"181\" src=\"https:\/\/mm.publipageclients.com\/wp-content\/uploads\/2020\/08\/chu-sst-justine-logo-edited.jpg\" alt=\"\" class=\"wp-image-4665\"\/><\/figure>\n<\/div>\n<\/div>\n\n\n\n<hr class=\"wp-block-separator has-text-color has-alpha-channel-opacity has-background is-style-wide\" style=\"background-color:#c0e021;color:#c0e021\"\/>\n\n\n\n<p>La Fondation Sainte-Justine mobilise la communaut\u00e9 et soutient le CHU Sainte-Justine pour offrir des soins de sant\u00e9 \u00e0 la fine pointe de la technologie m\u00e9dicale.<\/p>\n\n\n\n<p>Visitez le site de la <a href=\"https:\/\/www.fondationstejustine.org\/fr\/\">Fondation CHU Sainte-Justine<\/a><\/p>\n<\/div>\n<\/div>\n\n\n\n<div class=\"wp-block-columns is-layout-flex wp-container-core-columns-is-layout-28f84493 wp-block-columns-is-layout-flex\">\n<div class=\"wp-block-column is-layout-flow wp-block-column-is-layout-flow\" style=\"flex-basis:25%\"><\/div>\n\n\n\n<div class=\"wp-block-column is-layout-flow wp-block-column-is-layout-flow\">\n<div class=\"wp-block-columns no-padding-columns is-layout-flex wp-container-core-columns-is-layout-28f84493 wp-block-columns-is-layout-flex\">\n<div class=\"wp-block-column is-layout-flow wp-block-column-is-layout-flow\" style=\"flex-basis:60%\">\n<p><strong>FONDATION QU\u00c9B\u00c9COISE DES V\u00c9T\u00c9RANS (Fondation de l\u2019H\u00f4pital<\/strong><\/p>\n\n\n\n<p><strong>Sainte-Anne)<\/strong><\/p>\n<\/div>\n\n\n\n<div class=\"wp-block-column is-layout-flow wp-block-column-is-layout-flow\" style=\"flex-basis:50%\">\n<figure class=\"wp-block-image size-large\"><img loading=\"lazy\" decoding=\"async\" width=\"719\" height=\"375\" src=\"https:\/\/mmecanique360.com\/wp-content\/uploads\/2022\/02\/logo_fqdv.png\" alt=\"\" class=\"wp-image-8846\" srcset=\"https:\/\/mmecanique360.com\/wp-content\/uploads\/2022\/02\/logo_fqdv.png 719w, https:\/\/mmecanique360.com\/wp-content\/uploads\/2022\/02\/logo_fqdv-300x156.png 300w\" sizes=\"auto, (max-width: 719px) 100vw, 719px\" \/><\/figure>\n<\/div>\n<\/div>\n\n\n\n<hr class=\"wp-block-separator has-text-color has-alpha-channel-opacity has-background is-style-wide\" style=\"background-color:#c0e021;color:#c0e021\"\/>\n\n\n\n<p>La Fondation Qu\u00e9b\u00e9coise des V\u00e9t\u00e9rans (Fondation de l\u2019H\u00f4pital Sainte-Anne) est un organisme de charit\u00e9 g\u00e9r\u00e9 par un conseil d\u2019administration ind\u00e9pendant de l\u2019H\u00f4pital Sainte-Anne et d\u2019Anciens Combattants Canada. M M\u00e9canique 360 est fier de soutenir cet organisme qui \u0153uvre pour le bien-\u00eatre des anciens combattants canadiens.<\/p>\n\n\n\n<p>Visitez le site de la <a href=\"https:\/\/deretourenforce.ca\/\">Fondation qu\u00e9b\u00e9coise des v\u00e9t\u00e9rans<\/a><\/p>\n<\/div>\n\n\n\n<div class=\"wp-block-column is-layout-flow wp-block-column-is-layout-flow\">\n<div class=\"wp-block-columns no-padding-columns is-layout-flex wp-container-core-columns-is-layout-28f84493 wp-block-columns-is-layout-flex\">\n<div class=\"wp-block-column is-layout-flow wp-block-column-is-layout-flow\" style=\"flex-basis:60%\">\n<h3 class=\"wp-block-heading\"><mark style=\"background-color:rgba(0, 0, 0, 0);color:#003c78\" class=\"has-inline-color\">L\u2019AVENUE<\/mark><\/h3>\n<\/div>\n\n\n\n<div class=\"wp-block-column is-layout-flow wp-block-column-is-layout-flow\" style=\"flex-basis:50%\">\n<figure class=\"wp-block-image size-large\"><img loading=\"lazy\" decoding=\"async\" width=\"174\" height=\"131\" src=\"https:\/\/mm.publipageclients.com\/wp-content\/uploads\/2020\/08\/lavenu-logo-1-edited.jpg\" alt=\"\" class=\"wp-image-4679\"\/><\/figure>\n<\/div>\n<\/div>\n\n\n\n<hr class=\"wp-block-separator has-text-color has-alpha-channel-opacity has-background is-style-wide\" style=\"background-color:#c0e021;color:#c0e021\"\/>\n\n\n\n<p>L\u2019Avenue a pour mission de venir en aide aux jeunes, hommes et femmes de 18 \u00e0 30 ans, en d\u00e9tresse et sans-abri.<\/p>\n\n\n\n<p>Par l\u2019h\u00e9bergement court et moyen terme, les logements supervis\u00e9s et sociaux de L\u2019Avenue, favorise l\u2019\u00e9mergence de projets visant l\u2019inclusion \u00e9conomique et la participation sociale des jeunes.<\/p>\n\n\n\n<p>Visitez le site de <a href=\"https:\/\/lavenuehc.org\/\">L\u2019AVENUE<\/a><\/p>\n<\/div>\n<\/div>\n","protected":false},"excerpt":{"rendered":"<p>M M\u00e9canique 360 est fier de contribuer \u00e0 plusieurs causes philanthropiques et de participer ainsi \u00e0 l\u2019avancement de la science en mati\u00e8re de sant\u00e9, tout en encourageant l\u2019effort entrepreneurial de la jeune g\u00e9n\u00e9ration et en veillant au mieux-\u00eatre des personnes atteintes de maladies graves. SOCI\u00c9T\u00c9 DE LA SCL\u00c9ROSE LAT\u00c9RALE AMYOTROPHIQUE DU QU\u00c9BEC (SLA) La Soci\u00e9t\u00e9 &hellip;<\/p>\n","protected":false},"author":1,"featured_media":7244,"parent":0,"menu_order":0,"comment_status":"closed","ping_status":"closed","template":"","meta":{"footnotes":""},"class_list":["post-4683","page","type-page","status-publish","has-post-thumbnail","hentry"],"yoast_head":"<!-- This site is optimized with the Yoast SEO plugin v27.3 - https:\/\/yoast.com\/product\/yoast-seo-wordpress\/ -->\n<title>Nos actions caritatives - M M\u00e9canique 360<\/title>\n<meta name=\"description\" content=\"Monsieur Muffler est fier de contribuer \u00e0 plusieurs causes philanthropiques et de participer ainsi \u00e0 l\u2019avancement de la science en mati\u00e8re de sant\u00e9, tout en encourageant l\u2019effort entrepreneurial de la jeune g\u00e9n\u00e9ration et en veillant au mieux-\u00eatre des personnes atteintes de maladies graves.\" \/>\n<meta name=\"robots\" content=\"index, follow, max-snippet:-1, max-image-preview:large, max-video-preview:-1\" \/>\n<link rel=\"canonical\" href=\"https:\/\/mmecanique360.com\/fr\/nos-actions-caritatives\/\" \/>\n<meta property=\"og:locale\" content=\"fr_CA\" \/>\n<meta property=\"og:type\" content=\"article\" \/>\n<meta property=\"og:title\" content=\"Nos actions caritatives - M M\u00e9canique 360\" \/>\n<meta property=\"og:description\" content=\"Monsieur Muffler est fier de contribuer \u00e0 plusieurs causes philanthropiques et de participer ainsi \u00e0 l\u2019avancement de la science en mati\u00e8re de sant\u00e9, tout en encourageant l\u2019effort entrepreneurial de la jeune g\u00e9n\u00e9ration et en veillant au mieux-\u00eatre des personnes atteintes de maladies graves.\" \/>\n<meta property=\"og:url\" content=\"https:\/\/mmecanique360.com\/fr\/wp-json\/wp\/v2\/pages\/4683\" \/>\n<meta property=\"og:site_name\" content=\"M M\u00e9canique 360\" \/>\n<meta property=\"article:modified_time\" content=\"2025-10-27T16:55:51+00:00\" \/>\n<meta property=\"og:image\" content=\"https:\/\/mmecanique360.com\/wp-content\/themes\/360-mechanic-wordpress-theme\/assets\/img\/logo.png?date=2022-09-09\" \/>\n\t<meta property=\"og:image:width\" content=\"190\" \/>\n\t<meta property=\"og:image:height\" content=\"177\" \/><meta property=\"og:image\" content=\"https:\/\/mmecanique360.com\/wp-content\/uploads\/2020\/10\/Caritative-darker-1024x683.png\" \/>\n\t<meta property=\"og:image:width\" content=\"1024\" \/>\n\t<meta property=\"og:image:height\" content=\"683\" \/>\n\t<meta property=\"og:image:type\" content=\"image\/png\" \/>\n<meta name=\"twitter:card\" content=\"summary_large_image\" \/>\n<meta name=\"twitter:label1\" content=\"Estimation du temps de lecture\" \/>\n\t<meta name=\"twitter:data1\" content=\"3 minutes\" \/>\n<script type=\"application\/ld+json\" class=\"yoast-schema-graph\">{\"@context\":\"https:\\\/\\\/schema.org\",\"@graph\":[{\"@type\":\"WebPage\",\"@id\":\"https:\\\/\\\/mmecanique360.com\\\/fr\\\/nos-actions-caritatives\\\/\",\"url\":\"https:\\\/\\\/mmecanique360.com\\\/fr\\\/nos-actions-caritatives\\\/\",\"name\":\"Nos actions caritatives - M M\u00e9canique 360\",\"isPartOf\":{\"@id\":\"https:\\\/\\\/mmecanique360.com\\\/fr\\\/#website\"},\"primaryImageOfPage\":{\"@id\":\"https:\\\/\\\/mmecanique360.com\\\/fr\\\/nos-actions-caritatives\\\/#primaryimage\"},\"image\":{\"@id\":\"https:\\\/\\\/mmecanique360.com\\\/fr\\\/nos-actions-caritatives\\\/#primaryimage\"},\"thumbnailUrl\":\"https:\\\/\\\/mmecanique360.com\\\/wp-content\\\/uploads\\\/2020\\\/10\\\/Caritative-darker.png\",\"datePublished\":\"2020-08-26T14:43:00+00:00\",\"dateModified\":\"2025-10-27T16:55:51+00:00\",\"description\":\"Monsieur Muffler est fier de contribuer \u00e0 plusieurs causes philanthropiques et de participer ainsi \u00e0 l\u2019avancement de la science en mati\u00e8re de sant\u00e9, tout en encourageant l\u2019effort entrepreneurial de la jeune g\u00e9n\u00e9ration et en veillant au mieux-\u00eatre des personnes atteintes de maladies graves.\",\"breadcrumb\":{\"@id\":\"https:\\\/\\\/mmecanique360.com\\\/fr\\\/nos-actions-caritatives\\\/#breadcrumb\"},\"inLanguage\":\"fr-CA\",\"potentialAction\":[{\"@type\":\"ReadAction\",\"target\":[\"https:\\\/\\\/mmecanique360.com\\\/fr\\\/nos-actions-caritatives\\\/\"]}]},{\"@type\":\"ImageObject\",\"inLanguage\":\"fr-CA\",\"@id\":\"https:\\\/\\\/mmecanique360.com\\\/fr\\\/nos-actions-caritatives\\\/#primaryimage\",\"url\":\"https:\\\/\\\/mmecanique360.com\\\/wp-content\\\/uploads\\\/2020\\\/10\\\/Caritative-darker.png\",\"contentUrl\":\"https:\\\/\\\/mmecanique360.com\\\/wp-content\\\/uploads\\\/2020\\\/10\\\/Caritative-darker.png\",\"width\":2500,\"height\":1667},{\"@type\":\"BreadcrumbList\",\"@id\":\"https:\\\/\\\/mmecanique360.com\\\/fr\\\/nos-actions-caritatives\\\/#breadcrumb\",\"itemListElement\":[{\"@type\":\"ListItem\",\"position\":1,\"name\":\"Page d'accueil\",\"item\":\"https:\\\/\\\/mmecanique360.com\\\/fr\\\/\"},{\"@type\":\"ListItem\",\"position\":2,\"name\":\"Nos actions caritatives\"}]},{\"@type\":\"WebSite\",\"@id\":\"https:\\\/\\\/mmecanique360.com\\\/fr\\\/#website\",\"url\":\"https:\\\/\\\/mmecanique360.com\\\/fr\\\/\",\"name\":\"M M\u00e9canique 360\",\"description\":\"M M\u00c9CANIQUE 360 NOUVEAU NOM, M\u00caME SERVICES\",\"publisher\":{\"@id\":\"https:\\\/\\\/mmecanique360.com\\\/fr\\\/#organization\"},\"potentialAction\":[{\"@type\":\"SearchAction\",\"target\":{\"@type\":\"EntryPoint\",\"urlTemplate\":\"https:\\\/\\\/mmecanique360.com\\\/fr\\\/?s={search_term_string}\"},\"query-input\":{\"@type\":\"PropertyValueSpecification\",\"valueRequired\":true,\"valueName\":\"search_term_string\"}}],\"inLanguage\":\"fr-CA\"},{\"@type\":\"Organization\",\"@id\":\"https:\\\/\\\/mmecanique360.com\\\/fr\\\/#organization\",\"name\":\"M M\u00e9canique 360\",\"url\":\"https:\\\/\\\/mmecanique360.com\\\/fr\\\/\",\"logo\":{\"@type\":\"ImageObject\",\"inLanguage\":\"fr-CA\",\"@id\":\"https:\\\/\\\/mmecanique360.com\\\/fr\\\/#\\\/schema\\\/logo\\\/image\\\/\",\"url\":\"https:\\\/\\\/mmecanique360.com\\\/wp-content\\\/uploads\\\/2022\\\/08\\\/MM360_5057-1116_YAHOO_200x200_FR.jpg\",\"contentUrl\":\"https:\\\/\\\/mmecanique360.com\\\/wp-content\\\/uploads\\\/2022\\\/08\\\/MM360_5057-1116_YAHOO_200x200_FR.jpg\",\"width\":200,\"height\":200,\"caption\":\"M M\u00e9canique 360\"},\"image\":{\"@id\":\"https:\\\/\\\/mmecanique360.com\\\/fr\\\/#\\\/schema\\\/logo\\\/image\\\/\"}}]}<\/script>\n<!-- \/ Yoast SEO plugin. -->","yoast_head_json":{"title":"Nos actions caritatives - M M\u00e9canique 360","description":"Monsieur Muffler est fier de contribuer \u00e0 plusieurs causes philanthropiques et de participer ainsi \u00e0 l\u2019avancement de la science en mati\u00e8re de sant\u00e9, tout en encourageant l\u2019effort entrepreneurial de la jeune g\u00e9n\u00e9ration et en veillant au mieux-\u00eatre des personnes atteintes de maladies graves.","robots":{"index":"index","follow":"follow","max-snippet":"max-snippet:-1","max-image-preview":"max-image-preview:large","max-video-preview":"max-video-preview:-1"},"canonical":"https:\/\/mmecanique360.com\/fr\/nos-actions-caritatives\/","og_locale":"fr_CA","og_type":"article","og_title":"Nos actions caritatives - M M\u00e9canique 360","og_description":"Monsieur Muffler est fier de contribuer \u00e0 plusieurs causes philanthropiques et de participer ainsi \u00e0 l\u2019avancement de la science en mati\u00e8re de sant\u00e9, tout en encourageant l\u2019effort entrepreneurial de la jeune g\u00e9n\u00e9ration et en veillant au mieux-\u00eatre des personnes atteintes de maladies graves.","og_url":"https:\/\/mmecanique360.com\/fr\/wp-json\/wp\/v2\/pages\/4683","og_site_name":"M M\u00e9canique 360","article_modified_time":"2025-10-27T16:55:51+00:00","og_image":[{"url":"https:\/\/mmecanique360.com\/wp-content\/themes\/360-mechanic-wordpress-theme\/assets\/img\/logo.png?date=2022-09-09","height":177,"width":190,"type":""},{"width":1024,"height":683,"url":"https:\/\/mmecanique360.com\/wp-content\/uploads\/2020\/10\/Caritative-darker-1024x683.png","type":"image\/png"}],"twitter_card":"summary_large_image","twitter_misc":{"Estimation du temps de lecture":"3 minutes"},"schema":{"@context":"https:\/\/schema.org","@graph":[{"@type":"WebPage","@id":"https:\/\/mmecanique360.com\/fr\/nos-actions-caritatives\/","url":"https:\/\/mmecanique360.com\/fr\/nos-actions-caritatives\/","name":"Nos actions caritatives - M M\u00e9canique 360","isPartOf":{"@id":"https:\/\/mmecanique360.com\/fr\/#website"},"primaryImageOfPage":{"@id":"https:\/\/mmecanique360.com\/fr\/nos-actions-caritatives\/#primaryimage"},"image":{"@id":"https:\/\/mmecanique360.com\/fr\/nos-actions-caritatives\/#primaryimage"},"thumbnailUrl":"https:\/\/mmecanique360.com\/wp-content\/uploads\/2020\/10\/Caritative-darker.png","datePublished":"2020-08-26T14:43:00+00:00","dateModified":"2025-10-27T16:55:51+00:00","description":"Monsieur Muffler est fier de contribuer \u00e0 plusieurs causes philanthropiques et de participer ainsi \u00e0 l\u2019avancement de la science en mati\u00e8re de sant\u00e9, tout en encourageant l\u2019effort entrepreneurial de la jeune g\u00e9n\u00e9ration et en veillant au mieux-\u00eatre des personnes atteintes de maladies graves.","breadcrumb":{"@id":"https:\/\/mmecanique360.com\/fr\/nos-actions-caritatives\/#breadcrumb"},"inLanguage":"fr-CA","potentialAction":[{"@type":"ReadAction","target":["https:\/\/mmecanique360.com\/fr\/nos-actions-caritatives\/"]}]},{"@type":"ImageObject","inLanguage":"fr-CA","@id":"https:\/\/mmecanique360.com\/fr\/nos-actions-caritatives\/#primaryimage","url":"https:\/\/mmecanique360.com\/wp-content\/uploads\/2020\/10\/Caritative-darker.png","contentUrl":"https:\/\/mmecanique360.com\/wp-content\/uploads\/2020\/10\/Caritative-darker.png","width":2500,"height":1667},{"@type":"BreadcrumbList","@id":"https:\/\/mmecanique360.com\/fr\/nos-actions-caritatives\/#breadcrumb","itemListElement":[{"@type":"ListItem","position":1,"name":"Page d'accueil","item":"https:\/\/mmecanique360.com\/fr\/"},{"@type":"ListItem","position":2,"name":"Nos actions caritatives"}]},{"@type":"WebSite","@id":"https:\/\/mmecanique360.com\/fr\/#website","url":"https:\/\/mmecanique360.com\/fr\/","name":"M M\u00e9canique 360","description":"M M\u00c9CANIQUE 360 NOUVEAU NOM, M\u00caME SERVICES","publisher":{"@id":"https:\/\/mmecanique360.com\/fr\/#organization"},"potentialAction":[{"@type":"SearchAction","target":{"@type":"EntryPoint","urlTemplate":"https:\/\/mmecanique360.com\/fr\/?s={search_term_string}"},"query-input":{"@type":"PropertyValueSpecification","valueRequired":true,"valueName":"search_term_string"}}],"inLanguage":"fr-CA"},{"@type":"Organization","@id":"https:\/\/mmecanique360.com\/fr\/#organization","name":"M M\u00e9canique 360","url":"https:\/\/mmecanique360.com\/fr\/","logo":{"@type":"ImageObject","inLanguage":"fr-CA","@id":"https:\/\/mmecanique360.com\/fr\/#\/schema\/logo\/image\/","url":"https:\/\/mmecanique360.com\/wp-content\/uploads\/2022\/08\/MM360_5057-1116_YAHOO_200x200_FR.jpg","contentUrl":"https:\/\/mmecanique360.com\/wp-content\/uploads\/2022\/08\/MM360_5057-1116_YAHOO_200x200_FR.jpg","width":200,"height":200,"caption":"M M\u00e9canique 360"},"image":{"@id":"https:\/\/mmecanique360.com\/fr\/#\/schema\/logo\/image\/"}}]}},"_links":{"self":[{"href":"https:\/\/mmecanique360.com\/fr\/wp-json\/wp\/v2\/pages\/4683","targetHints":{"allow":["GET"]}}],"collection":[{"href":"https:\/\/mmecanique360.com\/fr\/wp-json\/wp\/v2\/pages"}],"about":[{"href":"https:\/\/mmecanique360.com\/fr\/wp-json\/wp\/v2\/types\/page"}],"author":[{"embeddable":true,"href":"https:\/\/mmecanique360.com\/fr\/wp-json\/wp\/v2\/users\/1"}],"replies":[{"embeddable":true,"href":"https:\/\/mmecanique360.com\/fr\/wp-json\/wp\/v2\/comments?post=4683"}],"version-history":[{"count":0,"href":"https:\/\/mmecanique360.com\/fr\/wp-json\/wp\/v2\/pages\/4683\/revisions"}],"wp:featuredmedia":[{"embeddable":true,"href":"https:\/\/mmecanique360.com\/fr\/wp-json\/wp\/v2\/media\/7244"}],"wp:attachment":[{"href":"https:\/\/mmecanique360.com\/fr\/wp-json\/wp\/v2\/media?parent=4683"}],"curies":[{"name":"wp","href":"https:\/\/api.w.org\/{rel}","templated":true}]}}