{"id":176,"date":"2020-08-25T16:23:13","date_gmt":"2020-08-25T20:23:13","guid":{"rendered":"https:\/\/mmecanique360-wp-engine.local\/?page_id=176"},"modified":"2024-04-18T09:10:59","modified_gmt":"2024-04-18T13:10:59","slug":"a-propos","status":"publish","type":"page","link":"https:\/\/mmecanique360.com\/fr\/a-propos\/","title":{"rendered":"\u00c0 propos"},"content":{"rendered":"\n<h1 class=\"wp-block-cgb-block-monsieurmuffler-title\">M M\u00c9CANIQUE 360.<br><span class=\"line2\">NOUVEAU NOM, M\u00caMES SERVICES.<\/span><\/h1>\n\n\n\n<p>Nous avons une nouvelle identit\u00e9 et pourtant, nous affichons 65 ans au compteur.&nbsp;<\/p>\n\n\n\n<p>65 ans d\u2019expertise au Qu\u00e9bec et des kilom\u00e8tres de route devant nous! Car si le nom de Monsieur Muffler n\u2019est plus, l\u2019\u00e2ge de la retraite n\u2019a pas sonn\u00e9 pour autant!&nbsp;<\/p>\n\n\n\n<div class=\"wp-block-columns is-layout-flex wp-container-core-columns-is-layout-28f84493 wp-block-columns-is-layout-flex\">\n<div class=\"wp-block-column mobile-hide is-layout-flow wp-block-column-is-layout-flow\" style=\"flex-basis:25%\"><nav class=\"mm-content-list\"><ul id=\"menu-content-pages-french\" class=\"menu\"><li id=\"menu-item-6350\" class=\"menu-item menu-item-type-post_type menu-item-object-page menu-item-6350\"><a href=\"https:\/\/mmecanique360.com\/fr\/nous-joindre\/\">Nous joindre<\/a><\/li>\n<li id=\"menu-item-6353\" class=\"menu-item menu-item-type-post_type menu-item-object-page menu-item-6353\"><a href=\"https:\/\/mmecanique360.com\/fr\/a-propos\/\">\u00c0 propos<\/a><\/li>\n<li id=\"menu-item-6814\" class=\"menu-item menu-item-type-post_type menu-item-object-page menu-item-6814\"><a href=\"https:\/\/mmecanique360.com\/fr\/carrieres\/\">Carri\u00e8res<\/a><\/li>\n<li id=\"menu-item-6351\" class=\"menu-item menu-item-type-post_type menu-item-object-page menu-item-6351\"><a href=\"https:\/\/mmecanique360.com\/fr\/devenir-franchise\/\">Devenir franchis\u00e9<\/a><\/li>\n<li id=\"menu-item-6352\" class=\"menu-item menu-item-type-post_type menu-item-object-page menu-item-6352\"><a href=\"https:\/\/mmecanique360.com\/fr\/nos-actions-caritatives\/\">Actions caritatives<\/a><\/li>\n<li id=\"menu-item-6815\" class=\"menu-item menu-item-type-post_type menu-item-object-page menu-item-6815\"><a href=\"https:\/\/mmecanique360.com\/fr\/blogue\/\">Blogue<\/a><\/li>\n<li id=\"menu-item-6995\" class=\"menu-item menu-item-type-post_type menu-item-object-page menu-item-6995\"><a href=\"https:\/\/mmecanique360.com\/fr\/infolettre\/\">Infolettre<\/a><\/li>\n<\/ul><\/nav><\/div>\n\n\n\n<div class=\"wp-block-column is-layout-flow wp-block-column-is-layout-flow\" style=\"flex-basis:70%\">\n<h2 class=\"wp-block-heading\">DEMAIN C\u2019EST AUJOURD\u2019HUI<\/h2>\n\n\n\n<hr class=\"wp-block-separator has-text-color has-css-opacity has-background is-style-wide\" style=\"background-color:#C0E021;color:#C0E021\"\/>\n\n\n\n<h3 class=\"wp-block-heading\">NOS ENGAGEMENTS<\/h3>\n\n\n\n<p>M M\u00e9canique 360 a d\u00e9j\u00e0 les quatre roues dans l\u2019avenir. Et pour continuer de regarder vers l\u2019avant, nous nous sommes fix\u00e9s trois piliers majeurs pour notre d\u00e9veloppement : l\u2019innovation, l\u2019utilit\u00e9 sociale, et la protection de l\u2019environnement.<\/p>\n\n\n\n<div class=\"wp-block-columns no-padding-columns is-layout-flex wp-container-core-columns-is-layout-28f84493 wp-block-columns-is-layout-flex\">\n<div class=\"wp-block-column is-layout-flow wp-block-column-is-layout-flow\" style=\"flex-basis:33.33%\">\n<figure class=\"wp-block-image size-large\"><img loading=\"lazy\" decoding=\"async\" width=\"1663\" height=\"1669\" src=\"https:\/\/mm.publipageclients.com\/wp-content\/uploads\/2020\/08\/MMuffler_DSC_4393_R-edited-1.jpg\" alt=\"\" class=\"wp-image-196\" srcset=\"https:\/\/mmecanique360.com\/wp-content\/uploads\/2020\/08\/MMuffler_DSC_4393_R-edited-1.jpg 1663w, https:\/\/mmecanique360.com\/wp-content\/uploads\/2020\/08\/MMuffler_DSC_4393_R-edited-1-300x300.jpg 300w, https:\/\/mmecanique360.com\/wp-content\/uploads\/2020\/08\/MMuffler_DSC_4393_R-edited-1-1020x1024.jpg 1020w, https:\/\/mmecanique360.com\/wp-content\/uploads\/2020\/08\/MMuffler_DSC_4393_R-edited-1-150x150.jpg 150w, https:\/\/mmecanique360.com\/wp-content\/uploads\/2020\/08\/MMuffler_DSC_4393_R-edited-1-768x771.jpg 768w, https:\/\/mmecanique360.com\/wp-content\/uploads\/2020\/08\/MMuffler_DSC_4393_R-edited-1-1530x1536.jpg 1530w\" sizes=\"auto, (max-width: 1663px) 100vw, 1663px\" \/><\/figure>\n\n\n\n<p><\/p>\n<\/div>\n\n\n\n<div class=\"wp-block-column no-padding-column is-layout-flow wp-block-column-is-layout-flow\" style=\"flex-basis:66.66%\">\n<h4 class=\"wp-block-heading\">SE TOURNER VERS L\u2019AVENIR<\/h4>\n\n\n\n<p>L\u2019<strong>innovation<\/strong> nous permet de toujours offrir un service sans faille adapt\u00e9 aux besoins de notre client\u00e8le. En nous repositionnant constamment, nous nous adaptons aux nouvelles r\u00e9alit\u00e9s et restons \u00e0 la fine pointe de la technologie. Nous avons cr\u00e9\u00e9 l\u2019Acad\u00e9mie, une \u00e9cole tourn\u00e9e sur les techniques avanc\u00e9es et nous offrons \u00e0 tous nos techniciens une formation sp\u00e9cifique aux v\u00e9hicules \u00e9lectriques. Nous sommes ainsi capables de r\u00e9pondre plus rapidement et de mani\u00e8re plus fiable \u00e0 toutes les demandes et \u00e9volutions qu\u2019exige le march\u00e9 de la mobilit\u00e9.<\/p>\n<\/div>\n<\/div>\n\n\n\n<div class=\"wp-block-columns no-padding-columns is-layout-flex wp-container-core-columns-is-layout-28f84493 wp-block-columns-is-layout-flex\">\n<div class=\"wp-block-column is-layout-flow wp-block-column-is-layout-flow\" style=\"flex-basis:33.33%\">\n<figure class=\"wp-block-image size-large\"><img loading=\"lazy\" decoding=\"async\" width=\"1663\" height=\"1669\" src=\"https:\/\/mm.publipageclients.com\/wp-content\/uploads\/2020\/08\/MMuffler_DSC_4169_R-edited-1.jpg\" alt=\"\" class=\"wp-image-198\" srcset=\"https:\/\/mmecanique360.com\/wp-content\/uploads\/2020\/08\/MMuffler_DSC_4169_R-edited-1.jpg 1663w, https:\/\/mmecanique360.com\/wp-content\/uploads\/2020\/08\/MMuffler_DSC_4169_R-edited-1-300x300.jpg 300w, https:\/\/mmecanique360.com\/wp-content\/uploads\/2020\/08\/MMuffler_DSC_4169_R-edited-1-1020x1024.jpg 1020w, https:\/\/mmecanique360.com\/wp-content\/uploads\/2020\/08\/MMuffler_DSC_4169_R-edited-1-150x150.jpg 150w, https:\/\/mmecanique360.com\/wp-content\/uploads\/2020\/08\/MMuffler_DSC_4169_R-edited-1-768x771.jpg 768w, https:\/\/mmecanique360.com\/wp-content\/uploads\/2020\/08\/MMuffler_DSC_4169_R-edited-1-1530x1536.jpg 1530w\" sizes=\"auto, (max-width: 1663px) 100vw, 1663px\" \/><\/figure>\n<\/div>\n\n\n\n<div class=\"wp-block-column is-layout-flow wp-block-column-is-layout-flow\" style=\"flex-basis:66.66%\">\n<h4 class=\"wp-block-heading\">R\u00c9DUIRE NOTRE EMPREINTE \u00c9COLOGIQUE<\/h4>\n\n\n\n<p>Nous mettons en place des proc\u00e9dures pour r\u00e9duire notre empreinte \u00e9cologique. Notre <strong>conscience environnementale<\/strong> passe par un engagement de r\u00e9duction de notre consommation \u00e9nerg\u00e9tique.<\/p>\n\n\n\n<p>M M\u00e9canique 360 est fier de s\u2019\u00eatre engag\u00e9 \u00e0 obtenir prochainement la certification Cl\u00e9 Verte pour la totalit\u00e9 de ses ateliers. Un garage certifi\u00e9 Cl\u00e9 Verte vous assure un service dot\u00e9 de normes et de pratiques adapt\u00e9es en environnement.<\/p>\n<\/div>\n<\/div>\n\n\n\n<div class=\"wp-block-columns no-padding-columns is-layout-flex wp-container-core-columns-is-layout-28f84493 wp-block-columns-is-layout-flex\">\n<div class=\"wp-block-column is-layout-flow wp-block-column-is-layout-flow\" style=\"flex-basis:33.33%\">\n<figure class=\"wp-block-image size-large\"><img loading=\"lazy\" decoding=\"async\" width=\"1663\" height=\"1667\" src=\"https:\/\/mm.publipageclients.com\/wp-content\/uploads\/2020\/08\/Bixi-1595-edited-1.jpg\" alt=\"\" class=\"wp-image-200\" srcset=\"https:\/\/mmecanique360.com\/wp-content\/uploads\/2020\/08\/Bixi-1595-edited-1.jpg 1663w, https:\/\/mmecanique360.com\/wp-content\/uploads\/2020\/08\/Bixi-1595-edited-1-300x300.jpg 300w, https:\/\/mmecanique360.com\/wp-content\/uploads\/2020\/08\/Bixi-1595-edited-1-1022x1024.jpg 1022w, https:\/\/mmecanique360.com\/wp-content\/uploads\/2020\/08\/Bixi-1595-edited-1-150x150.jpg 150w, https:\/\/mmecanique360.com\/wp-content\/uploads\/2020\/08\/Bixi-1595-edited-1-768x770.jpg 768w, https:\/\/mmecanique360.com\/wp-content\/uploads\/2020\/08\/Bixi-1595-edited-1-1532x1536.jpg 1532w\" sizes=\"auto, (max-width: 1663px) 100vw, 1663px\" \/><\/figure>\n<\/div>\n\n\n\n<div class=\"wp-block-column is-layout-flow wp-block-column-is-layout-flow\" style=\"flex-basis:66.66%\">\n<h4 class=\"wp-block-heading\">RENDRE SERVICE \u00c0 LA COMMUNAUT\u00c9<\/h4>\n\n\n\n<p>Nous croyons que notre mission est bien plus large que bien servir nos clients, et nous sommes convaincus de notre <strong>utilit\u00e9 sociale<\/strong>.<\/p>\n\n\n\n<p>Nous prenons position face aux probl\u00e9matiques environnementales, \u00e9conomiques et sociales. Notre objectif : devenir un facilitateur de l\u2019acc\u00e8s \u00e0 la mobilit\u00e9 pour notre client\u00e8le.<\/p>\n<\/div>\n<\/div>\n<\/div>\n<\/div>\n\n\n\n<p><\/p>\n","protected":false},"excerpt":{"rendered":"<p>Nous avons une nouvelle identit\u00e9 et pourtant, nous affichons 65 ans au compteur.&nbsp; 65 ans d\u2019expertise au Qu\u00e9bec et des kilom\u00e8tres de route devant nous! Car si le nom de Monsieur Muffler n\u2019est plus, l\u2019\u00e2ge de la retraite n\u2019a pas sonn\u00e9 pour autant!&nbsp; DEMAIN C\u2019EST AUJOURD\u2019HUI NOS ENGAGEMENTS M M\u00e9canique 360 a d\u00e9j\u00e0 les quatre &hellip;<\/p>\n","protected":false},"author":1,"featured_media":171,"parent":0,"menu_order":0,"comment_status":"closed","ping_status":"closed","template":"","meta":{"footnotes":""},"class_list":["post-176","page","type-page","status-publish","has-post-thumbnail","hentry"],"yoast_head":"<!-- This site is optimized with the Yoast SEO plugin v27.5 - https:\/\/yoast.com\/product\/yoast-seo-wordpress\/ -->\n<title>\u00c0 propos - M M\u00e9canique 360<\/title>\n<meta name=\"description\" content=\"M M\u00e9canique 360 est solidement ancr\u00e9e dans le monde de l&#039;automobile au Qu\u00e9bec depuis pr\u00e8s de 65 ans. D\u00e9couvrez nos engagements!\" \/>\n<meta name=\"robots\" content=\"index, follow, max-snippet:-1, max-image-preview:large, max-video-preview:-1\" \/>\n<link rel=\"canonical\" href=\"https:\/\/mmecanique360.com\/fr\/a-propos\/\" \/>\n<meta property=\"og:locale\" content=\"fr_CA\" \/>\n<meta property=\"og:type\" content=\"article\" \/>\n<meta property=\"og:title\" content=\"\u00c0 propos - M M\u00e9canique 360\" \/>\n<meta property=\"og:description\" content=\"M M\u00e9canique 360 est solidement ancr\u00e9e dans le monde de l&#039;automobile au Qu\u00e9bec depuis pr\u00e8s de 65 ans. D\u00e9couvrez nos engagements!\" \/>\n<meta property=\"og:url\" content=\"https:\/\/mmecanique360.com\/fr\/wp-json\/wp\/v2\/pages\/176\" \/>\n<meta property=\"og:site_name\" content=\"M M\u00e9canique 360\" \/>\n<meta property=\"article:modified_time\" content=\"2024-04-18T13:10:59+00:00\" \/>\n<meta property=\"og:image\" content=\"https:\/\/mmecanique360.com\/wp-content\/themes\/360-mechanic-wordpress-theme\/assets\/img\/logo.png?date=2022-09-09\" \/>\n\t<meta property=\"og:image:width\" content=\"190\" \/>\n\t<meta property=\"og:image:height\" content=\"177\" \/><meta property=\"og:image\" content=\"https:\/\/mmecanique360.com\/wp-content\/uploads\/2020\/08\/MMuffler_DSC_4308_R-2-1024x684.jpg\" \/>\n\t<meta property=\"og:image:width\" content=\"1024\" \/>\n\t<meta property=\"og:image:height\" content=\"684\" \/>\n\t<meta property=\"og:image:type\" content=\"image\/jpeg\" \/>\n<meta name=\"twitter:card\" content=\"summary_large_image\" \/>\n<meta name=\"twitter:label1\" content=\"Estimation du temps de lecture\" \/>\n\t<meta name=\"twitter:data1\" content=\"3 minutes\" \/>\n<script type=\"application\/ld+json\" class=\"yoast-schema-graph\">{\"@context\":\"https:\\\/\\\/schema.org\",\"@graph\":[{\"@type\":\"WebPage\",\"@id\":\"https:\\\/\\\/mmecanique360.com\\\/fr\\\/a-propos\\\/\",\"url\":\"https:\\\/\\\/mmecanique360.com\\\/fr\\\/a-propos\\\/\",\"name\":\"\u00c0 propos - M M\u00e9canique 360\",\"isPartOf\":{\"@id\":\"https:\\\/\\\/mmecanique360.com\\\/fr\\\/#website\"},\"primaryImageOfPage\":{\"@id\":\"https:\\\/\\\/mmecanique360.com\\\/fr\\\/a-propos\\\/#primaryimage\"},\"image\":{\"@id\":\"https:\\\/\\\/mmecanique360.com\\\/fr\\\/a-propos\\\/#primaryimage\"},\"thumbnailUrl\":\"https:\\\/\\\/mmecanique360.com\\\/wp-content\\\/uploads\\\/2020\\\/08\\\/MMuffler_DSC_4308_R-2.jpg\",\"datePublished\":\"2020-08-25T20:23:13+00:00\",\"dateModified\":\"2024-04-18T13:10:59+00:00\",\"description\":\"M M\u00e9canique 360 est solidement ancr\u00e9e dans le monde de l'automobile au Qu\u00e9bec depuis pr\u00e8s de 65 ans. D\u00e9couvrez nos engagements!\",\"breadcrumb\":{\"@id\":\"https:\\\/\\\/mmecanique360.com\\\/fr\\\/a-propos\\\/#breadcrumb\"},\"inLanguage\":\"fr-CA\",\"potentialAction\":[{\"@type\":\"ReadAction\",\"target\":[\"https:\\\/\\\/mmecanique360.com\\\/fr\\\/a-propos\\\/\"]}]},{\"@type\":\"ImageObject\",\"inLanguage\":\"fr-CA\",\"@id\":\"https:\\\/\\\/mmecanique360.com\\\/fr\\\/a-propos\\\/#primaryimage\",\"url\":\"https:\\\/\\\/mmecanique360.com\\\/wp-content\\\/uploads\\\/2020\\\/08\\\/MMuffler_DSC_4308_R-2.jpg\",\"contentUrl\":\"https:\\\/\\\/mmecanique360.com\\\/wp-content\\\/uploads\\\/2020\\\/08\\\/MMuffler_DSC_4308_R-2.jpg\",\"width\":2500,\"height\":1669},{\"@type\":\"BreadcrumbList\",\"@id\":\"https:\\\/\\\/mmecanique360.com\\\/fr\\\/a-propos\\\/#breadcrumb\",\"itemListElement\":[{\"@type\":\"ListItem\",\"position\":1,\"name\":\"Page d'accueil\",\"item\":\"https:\\\/\\\/mmecanique360.com\\\/fr\\\/\"},{\"@type\":\"ListItem\",\"position\":2,\"name\":\"\u00c0 propos\"}]},{\"@type\":\"WebSite\",\"@id\":\"https:\\\/\\\/mmecanique360.com\\\/fr\\\/#website\",\"url\":\"https:\\\/\\\/mmecanique360.com\\\/fr\\\/\",\"name\":\"M M\u00e9canique 360\",\"description\":\"M M\u00c9CANIQUE 360 MA\u00ceTRE DE LA ROUTE, AVEC VOUS!\",\"publisher\":{\"@id\":\"https:\\\/\\\/mmecanique360.com\\\/fr\\\/#organization\"},\"potentialAction\":[{\"@type\":\"SearchAction\",\"target\":{\"@type\":\"EntryPoint\",\"urlTemplate\":\"https:\\\/\\\/mmecanique360.com\\\/fr\\\/?s={search_term_string}\"},\"query-input\":{\"@type\":\"PropertyValueSpecification\",\"valueRequired\":true,\"valueName\":\"search_term_string\"}}],\"inLanguage\":\"fr-CA\"},{\"@type\":\"Organization\",\"@id\":\"https:\\\/\\\/mmecanique360.com\\\/fr\\\/#organization\",\"name\":\"M M\u00e9canique 360\",\"url\":\"https:\\\/\\\/mmecanique360.com\\\/fr\\\/\",\"logo\":{\"@type\":\"ImageObject\",\"inLanguage\":\"fr-CA\",\"@id\":\"https:\\\/\\\/mmecanique360.com\\\/fr\\\/#\\\/schema\\\/logo\\\/image\\\/\",\"url\":\"https:\\\/\\\/mmecanique360.com\\\/wp-content\\\/uploads\\\/2022\\\/08\\\/MM360_5057-1116_YAHOO_200x200_FR.jpg\",\"contentUrl\":\"https:\\\/\\\/mmecanique360.com\\\/wp-content\\\/uploads\\\/2022\\\/08\\\/MM360_5057-1116_YAHOO_200x200_FR.jpg\",\"width\":200,\"height\":200,\"caption\":\"M M\u00e9canique 360\"},\"image\":{\"@id\":\"https:\\\/\\\/mmecanique360.com\\\/fr\\\/#\\\/schema\\\/logo\\\/image\\\/\"}}]}<\/script>\n<!-- \/ Yoast SEO plugin. -->","yoast_head_json":{"title":"\u00c0 propos - M M\u00e9canique 360","description":"M M\u00e9canique 360 est solidement ancr\u00e9e dans le monde de l'automobile au Qu\u00e9bec depuis pr\u00e8s de 65 ans. D\u00e9couvrez nos engagements!","robots":{"index":"index","follow":"follow","max-snippet":"max-snippet:-1","max-image-preview":"max-image-preview:large","max-video-preview":"max-video-preview:-1"},"canonical":"https:\/\/mmecanique360.com\/fr\/a-propos\/","og_locale":"fr_CA","og_type":"article","og_title":"\u00c0 propos - M M\u00e9canique 360","og_description":"M M\u00e9canique 360 est solidement ancr\u00e9e dans le monde de l'automobile au Qu\u00e9bec depuis pr\u00e8s de 65 ans. D\u00e9couvrez nos engagements!","og_url":"https:\/\/mmecanique360.com\/fr\/wp-json\/wp\/v2\/pages\/176","og_site_name":"M M\u00e9canique 360","article_modified_time":"2024-04-18T13:10:59+00:00","og_image":[{"url":"https:\/\/mmecanique360.com\/wp-content\/themes\/360-mechanic-wordpress-theme\/assets\/img\/logo.png?date=2022-09-09","height":177,"width":190,"type":""},{"width":1024,"height":684,"url":"https:\/\/mmecanique360.com\/wp-content\/uploads\/2020\/08\/MMuffler_DSC_4308_R-2-1024x684.jpg","type":"image\/jpeg"}],"twitter_card":"summary_large_image","twitter_misc":{"Estimation du temps de lecture":"3 minutes"},"schema":{"@context":"https:\/\/schema.org","@graph":[{"@type":"WebPage","@id":"https:\/\/mmecanique360.com\/fr\/a-propos\/","url":"https:\/\/mmecanique360.com\/fr\/a-propos\/","name":"\u00c0 propos - M M\u00e9canique 360","isPartOf":{"@id":"https:\/\/mmecanique360.com\/fr\/#website"},"primaryImageOfPage":{"@id":"https:\/\/mmecanique360.com\/fr\/a-propos\/#primaryimage"},"image":{"@id":"https:\/\/mmecanique360.com\/fr\/a-propos\/#primaryimage"},"thumbnailUrl":"https:\/\/mmecanique360.com\/wp-content\/uploads\/2020\/08\/MMuffler_DSC_4308_R-2.jpg","datePublished":"2020-08-25T20:23:13+00:00","dateModified":"2024-04-18T13:10:59+00:00","description":"M M\u00e9canique 360 est solidement ancr\u00e9e dans le monde de l'automobile au Qu\u00e9bec depuis pr\u00e8s de 65 ans. D\u00e9couvrez nos engagements!","breadcrumb":{"@id":"https:\/\/mmecanique360.com\/fr\/a-propos\/#breadcrumb"},"inLanguage":"fr-CA","potentialAction":[{"@type":"ReadAction","target":["https:\/\/mmecanique360.com\/fr\/a-propos\/"]}]},{"@type":"ImageObject","inLanguage":"fr-CA","@id":"https:\/\/mmecanique360.com\/fr\/a-propos\/#primaryimage","url":"https:\/\/mmecanique360.com\/wp-content\/uploads\/2020\/08\/MMuffler_DSC_4308_R-2.jpg","contentUrl":"https:\/\/mmecanique360.com\/wp-content\/uploads\/2020\/08\/MMuffler_DSC_4308_R-2.jpg","width":2500,"height":1669},{"@type":"BreadcrumbList","@id":"https:\/\/mmecanique360.com\/fr\/a-propos\/#breadcrumb","itemListElement":[{"@type":"ListItem","position":1,"name":"Page d'accueil","item":"https:\/\/mmecanique360.com\/fr\/"},{"@type":"ListItem","position":2,"name":"\u00c0 propos"}]},{"@type":"WebSite","@id":"https:\/\/mmecanique360.com\/fr\/#website","url":"https:\/\/mmecanique360.com\/fr\/","name":"M M\u00e9canique 360","description":"M M\u00c9CANIQUE 360 MA\u00ceTRE DE LA ROUTE, AVEC VOUS!","publisher":{"@id":"https:\/\/mmecanique360.com\/fr\/#organization"},"potentialAction":[{"@type":"SearchAction","target":{"@type":"EntryPoint","urlTemplate":"https:\/\/mmecanique360.com\/fr\/?s={search_term_string}"},"query-input":{"@type":"PropertyValueSpecification","valueRequired":true,"valueName":"search_term_string"}}],"inLanguage":"fr-CA"},{"@type":"Organization","@id":"https:\/\/mmecanique360.com\/fr\/#organization","name":"M M\u00e9canique 360","url":"https:\/\/mmecanique360.com\/fr\/","logo":{"@type":"ImageObject","inLanguage":"fr-CA","@id":"https:\/\/mmecanique360.com\/fr\/#\/schema\/logo\/image\/","url":"https:\/\/mmecanique360.com\/wp-content\/uploads\/2022\/08\/MM360_5057-1116_YAHOO_200x200_FR.jpg","contentUrl":"https:\/\/mmecanique360.com\/wp-content\/uploads\/2022\/08\/MM360_5057-1116_YAHOO_200x200_FR.jpg","width":200,"height":200,"caption":"M M\u00e9canique 360"},"image":{"@id":"https:\/\/mmecanique360.com\/fr\/#\/schema\/logo\/image\/"}}]}},"_links":{"self":[{"href":"https:\/\/mmecanique360.com\/fr\/wp-json\/wp\/v2\/pages\/176","targetHints":{"allow":["GET"]}}],"collection":[{"href":"https:\/\/mmecanique360.com\/fr\/wp-json\/wp\/v2\/pages"}],"about":[{"href":"https:\/\/mmecanique360.com\/fr\/wp-json\/wp\/v2\/types\/page"}],"author":[{"embeddable":true,"href":"https:\/\/mmecanique360.com\/fr\/wp-json\/wp\/v2\/users\/1"}],"replies":[{"embeddable":true,"href":"https:\/\/mmecanique360.com\/fr\/wp-json\/wp\/v2\/comments?post=176"}],"version-history":[{"count":0,"href":"https:\/\/mmecanique360.com\/fr\/wp-json\/wp\/v2\/pages\/176\/revisions"}],"wp:featuredmedia":[{"embeddable":true,"href":"https:\/\/mmecanique360.com\/fr\/wp-json\/wp\/v2\/media\/171"}],"wp:attachment":[{"href":"https:\/\/mmecanique360.com\/fr\/wp-json\/wp\/v2\/media?parent=176"}],"curies":[{"name":"wp","href":"https:\/\/api.w.org\/{rel}","templated":true}]}}