{"id":12448,"date":"2023-06-08T00:11:16","date_gmt":"2023-06-08T04:11:16","guid":{"rendered":"https:\/\/mmecanique360-wp-engine.local\/?page_id=12448"},"modified":"2025-03-28T16:51:26","modified_gmt":"2025-03-28T20:51:26","slug":"protection-des-renseignements-personnels","status":"publish","type":"page","link":"https:\/\/mmecanique360.com\/fr\/protection-des-renseignements-personnels\/","title":{"rendered":"Protection des renseignements personnels"},"content":{"rendered":"\n<p>Vast-Auto Distribution accorde une grande importance \u00e0 la protection des renseignements personnels. Nous prenons toutes les mesures possibles pour les prot\u00e9ger et nous nous conformons aux exigences de toutes les lois f\u00e9d\u00e9rales et provinciales applicables en mati\u00e8re de protection des renseignements personnels. Ces mesures incluent les suivantes :<br><\/p>\n\n\n\n<p>1. Nous avons d\u00e9sign\u00e9 un responsable de la protection de la vie priv\u00e9e qui est charg\u00e9 de la protection des renseignements personnels.<\/p>\n\n\n\n<ul class=\"wp-block-list\">\n<li>1. Nous avons mis en place des proc\u00e9dures pour r\u00e9pondre rapidement et efficacement \u00e0 toute demande d\u2019information ou \u00e0 tout incident signal\u00e9 \u00e0 l\u2019adresse courriel&nbsp;<a href=\"mailto:prp@vastauto.com\">prp@vastauto.com<\/a>. Un courriel \u00e0 cette adresse alerte imm\u00e9diatement notre responsable, ainsi que les membres de notre \u00e9quipe de gestion des incidents.<br><\/li>\n<\/ul>\n\n\n\n<p>2. Nous avons mis en place un plan de gestion des incidents li\u00e9s \u00e0 la protection des renseignements personnels qui satisfait aux exigences des lois applicables.<br><\/p>\n\n\n\n<p>3. Nous avons mis en place une politique et des pratiques relatives \u00e0 la protection des renseignements personnels qui comprennent :<\/p>\n\n\n\n<ul class=\"wp-block-list\">\n<li>1. Identification des renseignements personnels que nous conservons.<\/li>\n\n\n\n<li>2. \u00c9valuation de la n\u00e9cessit\u00e9 de conserver les renseignements personnels et, dans la mesure du possible, la suppression, l\u2019anonymisation ou l\u2019archivage s\u00e9curis\u00e9 des renseignements.<\/li>\n\n\n\n<li>3. Examens des m\u00e9thodes, des proc\u00e9dures et des protocoles de s\u00e9curit\u00e9 visant \u00e0 minimiser le risque d\u2019acc\u00e8s non autoris\u00e9.<\/li>\n\n\n\n<li>4. Examens des ententes conclues avec nos diff\u00e9rents fournisseurs de services afin de s\u2019assurer que ces derniers respectent \u00e9galement les lois applicables.<\/li>\n\n\n\n<li>5. Mise en \u0153uvre de la capacit\u00e9, dans la mesure du possible, de fournir ou de supprimer des renseignements personnels \u00e0 la demande de la personne concern\u00e9e, lorsque d\u2019autres lois et exigences r\u00e9glementaires le permettent.<br><\/li>\n<\/ul>\n\n\n\n<p>4. Nous r\u00e9visons r\u00e9guli\u00e8rement nos politiques et nos pratiques en mati\u00e8re de collecte et de stockage des renseignements, de cybers\u00e9curit\u00e9 et d\u2019acc\u00e8s \u00e0 nos locaux.<br><\/p>\n\n\n\n<p>Pour toute question relative \u00e0 la vie priv\u00e9e et \u00e0 la protection des renseignements personnels :<br><\/p>\n\n\n\n<h4 class=\"wp-block-heading\">Patrick Laframboise<\/h4>\n\n\n\n<p>VP, Innovation et TI \/ VP, Innovation &amp; IT<\/p>\n","protected":false},"excerpt":{"rendered":"<p>Vast-Auto Distribution accorde une grande importance \u00e0 la protection des renseignements personnels. Nous prenons toutes les mesures possibles pour les prot\u00e9ger et nous nous conformons aux exigences de toutes les lois f\u00e9d\u00e9rales et provinciales applicables en mati\u00e8re de protection des renseignements personnels. Ces mesures incluent les suivantes : 1. Nous avons d\u00e9sign\u00e9 un responsable de &hellip;<\/p>\n","protected":false},"author":1,"featured_media":0,"parent":0,"menu_order":0,"comment_status":"closed","ping_status":"closed","template":"","meta":{"footnotes":""},"class_list":["post-12448","page","type-page","status-publish","hentry"],"yoast_head":"<!-- This site is optimized with the Yoast SEO plugin v27.4 - https:\/\/yoast.com\/product\/yoast-seo-wordpress\/ -->\n<title>Protection des renseignements personnels - M M\u00e9canique 360<\/title>\n<meta name=\"robots\" content=\"index, follow, max-snippet:-1, max-image-preview:large, max-video-preview:-1\" \/>\n<link rel=\"canonical\" href=\"https:\/\/mmecanique360.com\/fr\/protection-des-renseignements-personnels\/\" \/>\n<meta property=\"og:locale\" content=\"fr_CA\" \/>\n<meta property=\"og:type\" content=\"article\" \/>\n<meta property=\"og:title\" content=\"Protection des renseignements personnels - M M\u00e9canique 360\" \/>\n<meta property=\"og:description\" content=\"Vast-Auto Distribution accorde une grande importance \u00e0 la protection des renseignements personnels. Nous prenons toutes les mesures possibles pour les prot\u00e9ger et nous nous conformons aux exigences de toutes les lois f\u00e9d\u00e9rales et provinciales applicables en mati\u00e8re de protection des renseignements personnels. Ces mesures incluent les suivantes : 1. Nous avons d\u00e9sign\u00e9 un responsable de [&hellip;]\" \/>\n<meta property=\"og:url\" content=\"https:\/\/mmecanique360.com\/fr\/wp-json\/wp\/v2\/pages\/12448\" \/>\n<meta property=\"og:site_name\" content=\"M M\u00e9canique 360\" \/>\n<meta property=\"article:modified_time\" content=\"2025-03-28T20:51:26+00:00\" \/>\n<meta property=\"og:image\" content=\"https:\/\/mmecanique360.com\/wp-content\/themes\/360-mechanic-wordpress-theme\/assets\/img\/logo.png?date=2022-09-09\" \/>\n\t<meta property=\"og:image:width\" content=\"190\" \/>\n\t<meta property=\"og:image:height\" content=\"177\" \/>\n<meta name=\"twitter:card\" content=\"summary_large_image\" \/>\n<meta name=\"twitter:label1\" content=\"Estimation du temps de lecture\" \/>\n\t<meta name=\"twitter:data1\" content=\"2 minutes\" \/>\n<script type=\"application\/ld+json\" class=\"yoast-schema-graph\">{\"@context\":\"https:\\\/\\\/schema.org\",\"@graph\":[{\"@type\":\"WebPage\",\"@id\":\"https:\\\/\\\/mmecanique360.com\\\/fr\\\/protection-des-renseignements-personnels\\\/\",\"url\":\"https:\\\/\\\/mmecanique360.com\\\/fr\\\/protection-des-renseignements-personnels\\\/\",\"name\":\"Protection des renseignements personnels - M M\u00e9canique 360\",\"isPartOf\":{\"@id\":\"https:\\\/\\\/mmecanique360.com\\\/fr\\\/#website\"},\"datePublished\":\"2023-06-08T04:11:16+00:00\",\"dateModified\":\"2025-03-28T20:51:26+00:00\",\"breadcrumb\":{\"@id\":\"https:\\\/\\\/mmecanique360.com\\\/fr\\\/protection-des-renseignements-personnels\\\/#breadcrumb\"},\"inLanguage\":\"fr-CA\",\"potentialAction\":[{\"@type\":\"ReadAction\",\"target\":[\"https:\\\/\\\/mmecanique360.com\\\/fr\\\/protection-des-renseignements-personnels\\\/\"]}]},{\"@type\":\"BreadcrumbList\",\"@id\":\"https:\\\/\\\/mmecanique360.com\\\/fr\\\/protection-des-renseignements-personnels\\\/#breadcrumb\",\"itemListElement\":[{\"@type\":\"ListItem\",\"position\":1,\"name\":\"Page d'accueil\",\"item\":\"https:\\\/\\\/mmecanique360.com\\\/fr\\\/\"},{\"@type\":\"ListItem\",\"position\":2,\"name\":\"Protection des renseignements personnels\"}]},{\"@type\":\"WebSite\",\"@id\":\"https:\\\/\\\/mmecanique360.com\\\/fr\\\/#website\",\"url\":\"https:\\\/\\\/mmecanique360.com\\\/fr\\\/\",\"name\":\"M M\u00e9canique 360\",\"description\":\"M M\u00c9CANIQUE 360 NOUVEAU NOM, M\u00caME SERVICES\",\"publisher\":{\"@id\":\"https:\\\/\\\/mmecanique360.com\\\/fr\\\/#organization\"},\"potentialAction\":[{\"@type\":\"SearchAction\",\"target\":{\"@type\":\"EntryPoint\",\"urlTemplate\":\"https:\\\/\\\/mmecanique360.com\\\/fr\\\/?s={search_term_string}\"},\"query-input\":{\"@type\":\"PropertyValueSpecification\",\"valueRequired\":true,\"valueName\":\"search_term_string\"}}],\"inLanguage\":\"fr-CA\"},{\"@type\":\"Organization\",\"@id\":\"https:\\\/\\\/mmecanique360.com\\\/fr\\\/#organization\",\"name\":\"M M\u00e9canique 360\",\"url\":\"https:\\\/\\\/mmecanique360.com\\\/fr\\\/\",\"logo\":{\"@type\":\"ImageObject\",\"inLanguage\":\"fr-CA\",\"@id\":\"https:\\\/\\\/mmecanique360.com\\\/fr\\\/#\\\/schema\\\/logo\\\/image\\\/\",\"url\":\"https:\\\/\\\/mmecanique360.com\\\/wp-content\\\/uploads\\\/2022\\\/08\\\/MM360_5057-1116_YAHOO_200x200_FR.jpg\",\"contentUrl\":\"https:\\\/\\\/mmecanique360.com\\\/wp-content\\\/uploads\\\/2022\\\/08\\\/MM360_5057-1116_YAHOO_200x200_FR.jpg\",\"width\":200,\"height\":200,\"caption\":\"M M\u00e9canique 360\"},\"image\":{\"@id\":\"https:\\\/\\\/mmecanique360.com\\\/fr\\\/#\\\/schema\\\/logo\\\/image\\\/\"}}]}<\/script>\n<!-- \/ Yoast SEO plugin. -->","yoast_head_json":{"title":"Protection des renseignements personnels - M M\u00e9canique 360","robots":{"index":"index","follow":"follow","max-snippet":"max-snippet:-1","max-image-preview":"max-image-preview:large","max-video-preview":"max-video-preview:-1"},"canonical":"https:\/\/mmecanique360.com\/fr\/protection-des-renseignements-personnels\/","og_locale":"fr_CA","og_type":"article","og_title":"Protection des renseignements personnels - M M\u00e9canique 360","og_description":"Vast-Auto Distribution accorde une grande importance \u00e0 la protection des renseignements personnels. Nous prenons toutes les mesures possibles pour les prot\u00e9ger et nous nous conformons aux exigences de toutes les lois f\u00e9d\u00e9rales et provinciales applicables en mati\u00e8re de protection des renseignements personnels. Ces mesures incluent les suivantes : 1. Nous avons d\u00e9sign\u00e9 un responsable de [&hellip;]","og_url":"https:\/\/mmecanique360.com\/fr\/wp-json\/wp\/v2\/pages\/12448","og_site_name":"M M\u00e9canique 360","article_modified_time":"2025-03-28T20:51:26+00:00","og_image":[{"url":"https:\/\/mmecanique360.com\/wp-content\/themes\/360-mechanic-wordpress-theme\/assets\/img\/logo.png?date=2022-09-09","height":177,"width":190,"type":""}],"twitter_card":"summary_large_image","twitter_misc":{"Estimation du temps de lecture":"2 minutes"},"schema":{"@context":"https:\/\/schema.org","@graph":[{"@type":"WebPage","@id":"https:\/\/mmecanique360.com\/fr\/protection-des-renseignements-personnels\/","url":"https:\/\/mmecanique360.com\/fr\/protection-des-renseignements-personnels\/","name":"Protection des renseignements personnels - M M\u00e9canique 360","isPartOf":{"@id":"https:\/\/mmecanique360.com\/fr\/#website"},"datePublished":"2023-06-08T04:11:16+00:00","dateModified":"2025-03-28T20:51:26+00:00","breadcrumb":{"@id":"https:\/\/mmecanique360.com\/fr\/protection-des-renseignements-personnels\/#breadcrumb"},"inLanguage":"fr-CA","potentialAction":[{"@type":"ReadAction","target":["https:\/\/mmecanique360.com\/fr\/protection-des-renseignements-personnels\/"]}]},{"@type":"BreadcrumbList","@id":"https:\/\/mmecanique360.com\/fr\/protection-des-renseignements-personnels\/#breadcrumb","itemListElement":[{"@type":"ListItem","position":1,"name":"Page d'accueil","item":"https:\/\/mmecanique360.com\/fr\/"},{"@type":"ListItem","position":2,"name":"Protection des renseignements personnels"}]},{"@type":"WebSite","@id":"https:\/\/mmecanique360.com\/fr\/#website","url":"https:\/\/mmecanique360.com\/fr\/","name":"M M\u00e9canique 360","description":"M M\u00c9CANIQUE 360 NOUVEAU NOM, M\u00caME SERVICES","publisher":{"@id":"https:\/\/mmecanique360.com\/fr\/#organization"},"potentialAction":[{"@type":"SearchAction","target":{"@type":"EntryPoint","urlTemplate":"https:\/\/mmecanique360.com\/fr\/?s={search_term_string}"},"query-input":{"@type":"PropertyValueSpecification","valueRequired":true,"valueName":"search_term_string"}}],"inLanguage":"fr-CA"},{"@type":"Organization","@id":"https:\/\/mmecanique360.com\/fr\/#organization","name":"M M\u00e9canique 360","url":"https:\/\/mmecanique360.com\/fr\/","logo":{"@type":"ImageObject","inLanguage":"fr-CA","@id":"https:\/\/mmecanique360.com\/fr\/#\/schema\/logo\/image\/","url":"https:\/\/mmecanique360.com\/wp-content\/uploads\/2022\/08\/MM360_5057-1116_YAHOO_200x200_FR.jpg","contentUrl":"https:\/\/mmecanique360.com\/wp-content\/uploads\/2022\/08\/MM360_5057-1116_YAHOO_200x200_FR.jpg","width":200,"height":200,"caption":"M M\u00e9canique 360"},"image":{"@id":"https:\/\/mmecanique360.com\/fr\/#\/schema\/logo\/image\/"}}]}},"_links":{"self":[{"href":"https:\/\/mmecanique360.com\/fr\/wp-json\/wp\/v2\/pages\/12448","targetHints":{"allow":["GET"]}}],"collection":[{"href":"https:\/\/mmecanique360.com\/fr\/wp-json\/wp\/v2\/pages"}],"about":[{"href":"https:\/\/mmecanique360.com\/fr\/wp-json\/wp\/v2\/types\/page"}],"author":[{"embeddable":true,"href":"https:\/\/mmecanique360.com\/fr\/wp-json\/wp\/v2\/users\/1"}],"replies":[{"embeddable":true,"href":"https:\/\/mmecanique360.com\/fr\/wp-json\/wp\/v2\/comments?post=12448"}],"version-history":[{"count":0,"href":"https:\/\/mmecanique360.com\/fr\/wp-json\/wp\/v2\/pages\/12448\/revisions"}],"wp:attachment":[{"href":"https:\/\/mmecanique360.com\/fr\/wp-json\/wp\/v2\/media?parent=12448"}],"curies":[{"name":"wp","href":"https:\/\/api.w.org\/{rel}","templated":true}]}}