{"id":11956,"date":"2023-02-21T05:50:52","date_gmt":"2023-02-21T10:50:52","guid":{"rendered":"https:\/\/mmecanique360-wp-engine.local\/?page_id=11956"},"modified":"2024-05-28T09:39:36","modified_gmt":"2024-05-28T13:39:36","slug":"assistance-routiere","status":"publish","type":"page","link":"https:\/\/mmecanique360.com\/fr\/assistance-routiere\/","title":{"rendered":"Garanties -assistance routiere"},"content":{"rendered":"\n<h1 class=\"wp-block-heading warrantie-padding\">GARANTIES ET ASSISTANCE<\/h1>\n\n\n\n<p class=\"m-0\">Peu importe le v\u00e9hicule, ancien ou r\u00e9cent, il n\u00e9cessite des entretiens r\u00e9guliers afin de fonctionner de mani\u00e8re optimale. Toutefois, nul n\u2019est \u00e0 l\u2019abri de probl\u00e8mes m\u00e9caniques ou techniques. Notre programme de Garantie Nord Am\u00e9ricaine et l\u2019assistance routi\u00e8re sont l\u00e0 pour vous aider \u00e0 rouler l\u2019esprit tranquille.<br><br>Demandez \u00e0 votre atelier m\u00e9canique s&rsquo;il offre ces programmes ! *<\/p>\n\n\n\n<p style=\"font-size:12px;\">* La garantie Sans Tracas et l&rsquo;Assistance Routi\u00e8re sont des programmes optionnels. Ils pourraient ne pas \u00eatre offerts dans tous les ateliers M M\u00c9CANIQUE 360.<\/p>\n\n\n\n<div class=\"wp-block-columns warranty-columns is-layout-flex wp-container-core-columns-is-layout-28f84493 wp-block-columns-is-layout-flex\">\n<div class=\"wp-block-column warranties left-column is-layout-flow wp-block-column-is-layout-flow\" style=\"flex-basis:30%\">\n<p class=\"warrantie-padding has-medium-font-size\"><a href=\"https:\/\/mmecanique360.com\/fr\/garantie-confidence-plus\/\">Garantie Sans Tracas&nbsp;<\/a><\/p>\n\n\n\n<p class=\"warrantie-padding has-medium-font-size\"><a href=\"https:\/\/mmecanique360.com\/fr\/assistance-routiere\/\"><strong>Assistance routi\u00e8re<\/strong><\/a><\/p>\n\n\n\n<div style=\"height:50px\" aria-hidden=\"true\" class=\"wp-block-spacer\"><\/div>\n\n\n<div class=\"favorite-location-block\" data-block-id=\"1\">\n<div class=\"lt-widget-storelocator-services\">\n    <div id=\"lt-vertical-widget\">\n        <div class=\"box p-0\">\n            <div class=\"row\">\n                <div class=\"col-md-12 vcenter\">\n                    <h2 class=\"locationName\">Trouvez l&rsquo;atelier<br>le plus pr\u00e8s<\/h2>\n                <\/div>\n                <div class=\"col-md-12\">\n                    <hr class=\"yellow\">\n                <\/div>\n                <div class=\"col-md-12 store\">\n                    <a class=\"changeStoreCta\" href=\"https:\/\/mmecanique360.com\/fr\/ateliers\/\">Changer d&rsquo;atelier<\/a>\n                    <h3 class=\"locationNameHeading\">Centre de l\u2019auto Germain et fils inc. \/ M M\u00e9canique 360<\/h3>\n                    <p>1020 Boulevard Hamel<\/p>\n                    <p>Saint-F\u00e9licien (QC) G8K 1X9<\/p>\n                    <div class=\"locationPhoneNumber\"><a href=\"tel:(418) 679-1408\">(418) 679-1408<\/a><\/div>\n                    <div class=\"smartSchedule\"><div class=\"lsl-schedule\"><div class='day'><span class='week-day'>dimanche<\/span><div class='time'><span class=\"time-slot closed\">ferm\u00e9<\/span><\/div><\/div><div class='day'><span class='week-day'>lundi<\/span><div class='time'><span class=\"time-slot\">08:00 &#8211; 17:00<\/span><br><\/div><\/div><div class='day'><span class='week-day'>mardi<\/span><div class='time'><span class=\"time-slot\">08:00 &#8211; 17:00<\/span><br><\/div><\/div><div class='day'><span class='week-day'>mercredi<\/span><div class='time'><span class=\"time-slot\">08:00 &#8211; 12:00<\/span><br><span class=\"time-slot\">13:00 &#8211; 17:00<\/span><br><\/div><\/div><div class='day'><span class='week-day'>jeudi<\/span><div class='time'><span class=\"time-slot\">08:00 &#8211; 17:00<\/span><br><\/div><\/div><div class='day'><span class='week-day'>vendredi<\/span><div class='time'><span class=\"time-slot\">08:00 &#8211; 17:00<\/span><br><\/div><\/div><div class='day'><span class='week-day'>samedi<\/span><div class='time'><span class=\"time-slot closed\">ferm\u00e9<\/span><\/div><\/div><\/div><\/div>\n                    <div class=\"cta\">\n                        <a href=\"https:\/\/mmecanique360.com\/fr\/prendre-un-rendez-vous\/\"><span class=\"mr-4\">Rendez-vous<\/span><\/a>\n                    <\/div>\n                <\/div>\n            <\/div>\n        <\/div>\n    <\/div>\n<\/div>\n<\/div>\n\n\n<div style=\"height:50px\" aria-hidden=\"true\" class=\"wp-block-spacer\"><\/div>\n\n\n\n<figure class=\"wp-block-image alignleft size-full is-resized\"><a href=\"https:\/\/mmecanique360.com\/wp-content\/uploads\/2024\/05\/200.WFW-TEAR-PAD_FR-CANADIEN-WORDPRESS.pdf\"><img loading=\"lazy\" decoding=\"async\" width=\"680\" height=\"259\" src=\"https:\/\/mmecanique360.com\/wp-content\/uploads\/2024\/04\/Boutons-telechargement-garanties-FR-M360-02.png\" alt=\"\" class=\"wp-image-14383\" style=\"width:260px;height:auto\" srcset=\"https:\/\/mmecanique360.com\/wp-content\/uploads\/2024\/04\/Boutons-telechargement-garanties-FR-M360-02.png 680w, https:\/\/mmecanique360.com\/wp-content\/uploads\/2024\/04\/Boutons-telechargement-garanties-FR-M360-02-300x114.png 300w\" sizes=\"auto, (max-width: 680px) 100vw, 680px\" \/><\/a><\/figure>\n<\/div>\n\n\n\n<div class=\"wp-block-column right-column is-layout-flow wp-block-column-is-layout-flow\" style=\"flex-basis:70%\">\n<h2 class=\"wp-block-heading\"><strong><strong><strong><strong>ASSISTANCE ROUTI\u00c8RE<\/strong><\/strong><\/strong><\/strong><\/h2>\n\n\n\n<p>Pris dans un banc de neige au milieu de nulle part? Vous avez un pneu crev\u00e9 devant la maison ou sur la route des vacances? la batterie de votre auto est \u00e0 plat\u2026 en tant que conducteur, on esp\u00e8re tous que cette situation ne nous arrivera jamais\u2026 mais elle finit souvent par arriver. Chez M M\u00c9CANIQUE 360, nous comprenons que ces situations sont pour le moins d\u00e9sagr\u00e9able.<\/p>\n\n\n\n<p><\/p>\n\n\n\n<p><strong>L&rsquo;assistance routi\u00e8re comprend :<\/strong><\/p>\n\n\n\n<ul class=\"wp-block-list\">\n<li>Remorquage\n<ul class=\"wp-block-list\">\n<li>Votre v\u00e9hicule sera remorqu\u00e9 jusqu&rsquo;au centre de r\u00e9paration qualifi\u00e9 le plus proche ou jusqu&rsquo;au centre de r\u00e9paration de votre choix.<\/li>\n<\/ul>\n<\/li>\n\n\n\n<li>Service de d\u00e9verrouillage\n<ul class=\"wp-block-list\">\n<li>Une assistance sera fournie pour d\u00e9verrouiller votre v\u00e9hicule en cas de perte des cl\u00e9s ou d&rsquo;enfermement \u00e0 l&rsquo;int\u00e9rieur.<\/li>\n<\/ul>\n<\/li>\n\n\n\n<li>Assistance au changement de pneu crev\u00e9\n<ul class=\"wp-block-list\">\n<li>Une assistance sera fournie pour l&rsquo;installation de votre pneu de secours.<\/li>\n<\/ul>\n<\/li>\n\n\n\n<li>Service de livraison de carburant, d&rsquo;huile, de liquide et d&rsquo;eau\n<ul class=\"wp-block-list\">\n<li>Un approvisionnement d&rsquo;urgence en essence (l\u00e0 o\u00f9 c&rsquo;est autoris\u00e9), en huile, en liquide et en eau sera livr\u00e9 \u00e0 votre v\u00e9hicule. Le co\u00fbt des fluides livr\u00e9s est \u00e0 votre charge.<\/li>\n<\/ul>\n<\/li>\n\n\n\n<li>D\u00e9marrage d&rsquo;urgence\n<ul class=\"wp-block-list\">\n<li>Le prestataire de services fera d\u00e9marrer d&rsquo;urgence votre v\u00e9hicule au cas o\u00f9 votre batterie serait d\u00e9charg\u00e9e.<\/li>\n<\/ul>\n<\/li>\n<\/ul>\n\n\n\n<p><strong>Le nombre maximal de r\u00e9clamation par ann\u00e9e selon la date de facturation est de 2 et a \u00e9t\u00e9 major\u00e9 \u00e0 100$ par r\u00e9clamation.<\/strong><\/p>\n\n\n\n<p>Si vous n&rsquo;\u00eates pas au Canada, vous devez demander l&rsquo;assistance au 833-515-2937 pour obtenir le service d&rsquo;assistance routi\u00e8re.<\/p>\n\n\n\n<div style=\"height:20px\" aria-hidden=\"true\" class=\"wp-block-spacer\"><\/div>\n\n\n\n<figure class=\"wp-block-image size-large\"><img decoding=\"async\" src=\"https:\/\/va.publipageclients.com\/wp-content\/uploads\/2021\/07\/Programme-et-garantie-Saferoute-1024x683.jpeg\" alt=\"\" class=\"wp-image-9861\"\/><\/figure>\n\n\n\n<div style=\"height:18px\" aria-hidden=\"true\" class=\"wp-block-spacer\"><\/div>\n\n\n\n<p><strong>Ce qui est couvert par la garantie limit\u00e9e de r\u00e9paration<\/strong><\/p>\n\n\n\n<p>Cette garantie couvre les types de r\u00e9parations et de services suivants, sous r\u00e9serve des exclusions \u00e9num\u00e9r\u00e9es ci-dessous :<\/p>\n\n\n\n<ul class=\"wp-block-list\">\n<li>Syst\u00e8mes de climatisation, de chauffage et de contr\u00f4le de la temp\u00e9rature,<\/li>\n\n\n\n<li>Syst\u00e8me de freinage,<\/li>\n\n\n\n<li>Syst\u00e8me de refroidissement du moteur,<\/li>\n\n\n\n<li>Syst\u00e8me \u00e9lectrique, y compris les syst\u00e8mes de d\u00e9marrage et de charge, performances du moteur, services et r\u00e9parations li\u00e9s \u00e0 la conduite, etc.<\/li>\n\n\n\n<li>Syst\u00e8me d&rsquo;\u00e9chappement,<\/li>\n\n\n\n<li>Syst\u00e8me de carburant,<\/li>\n\n\n\n<li>Syst\u00e8me d&rsquo;allumage,<\/li>\n\n\n\n<li>Syst\u00e8me de gestion \u00e9lectronique du moteur et syst\u00e8mes informatiques embarqu\u00e9s, etc. (carrosserie, des freins et de la suspension)<\/li>\n\n\n\n<li>Syst\u00e8me de r\u00e9gulation de vitesse, <\/li>\n\n\n\n<li>Syst\u00e8me de direction\/suspension, <\/li>\n\n\n\n<li>Roulements de roue, joints CV\/U-joints, demi-arbres et arbres de transmission, embrayage, diff\u00e9rentiel<\/li>\n\n\n\n<li>Autres r\u00e9parations mineures<\/li>\n<\/ul>\n\n\n\n<div style=\"height:18px\" aria-hidden=\"true\" class=\"wp-block-spacer\"><\/div>\n\n\n\n<p><strong>Comment obtenir un service sous garantie.<\/strong><\/p>\n\n\n\n<ul class=\"wp-block-list\">\n<li>Si vous vous trouvez \u00e0 moins de 40 km de l\u2019atelier de r\u00e9paration d&rsquo;origine, vous devez y ramener votre v\u00e9hicule pour toute r\u00e9paration au titre de la garantie.<\/li>\n\n\n\n<li>Si vous \u00eates \u00e0 plus de 40 km de l\u2019atelier de r\u00e9paration d&rsquo;origine, vous devez appeler l&rsquo;administrateur de la garantie avant toute r\u00e9paration sous garantie, au 1-833-515-2937, de 8 h \u00e0 20 h du lundi au vendredi (heure de l&rsquo;Est), le samedi de 9 h \u00e0 18 h, \u00e0 l&rsquo;exclusion des jours f\u00e9ri\u00e9s.<\/li>\n<\/ul>\n\n\n\n<p><em><a href=\"https:\/\/mmecanique360.com\/wp-content\/uploads\/2024\/05\/Canada-RSA-statement_FR_Final-1.pdf\" target=\"_blank\" rel=\"noreferrer noopener\">Cliquez ici pour en apprendre plus<\/a><\/em><\/p>\n<\/div>\n<\/div>\n","protected":false},"excerpt":{"rendered":"<p>GARANTIES ET ASSISTANCE Peu importe le v\u00e9hicule, ancien ou r\u00e9cent, il n\u00e9cessite des entretiens r\u00e9guliers afin de fonctionner de mani\u00e8re optimale. Toutefois, nul n\u2019est \u00e0 l\u2019abri de probl\u00e8mes m\u00e9caniques ou techniques. Notre programme de Garantie Nord Am\u00e9ricaine et l\u2019assistance routi\u00e8re sont l\u00e0 pour vous aider \u00e0 rouler l\u2019esprit tranquille. Demandez \u00e0 votre atelier m\u00e9canique s&rsquo;il &hellip;<\/p>\n","protected":false},"author":1,"featured_media":0,"parent":0,"menu_order":0,"comment_status":"closed","ping_status":"closed","template":"","meta":{"footnotes":""},"class_list":["post-11956","page","type-page","status-publish","hentry"],"yoast_head":"<!-- This site is optimized with the Yoast SEO plugin v27.5 - https:\/\/yoast.com\/product\/yoast-seo-wordpress\/ -->\n<title>Garanties - Assistance routi\u00e8re SafeRoute - M M\u00e9canique 360<\/title>\n<meta name=\"description\" content=\"Un bris m\u00e9canique vous rend anxieux? D\u00e9couvrez SafeRoute : R\u00e9ponse rapide et un service fiable pour une conduite en toute tranquillit\u00e9\" \/>\n<meta name=\"robots\" content=\"index, follow, max-snippet:-1, max-image-preview:large, max-video-preview:-1\" \/>\n<link rel=\"canonical\" href=\"https:\/\/mmecanique360.com\/fr\/assistance-routiere\/\" \/>\n<meta property=\"og:locale\" content=\"fr_CA\" \/>\n<meta property=\"og:type\" content=\"article\" \/>\n<meta property=\"og:title\" content=\"Garanties - Assistance routi\u00e8re SafeRoute - M M\u00e9canique 360\" \/>\n<meta property=\"og:description\" content=\"Un bris m\u00e9canique vous rend anxieux? D\u00e9couvrez SafeRoute : R\u00e9ponse rapide et un service fiable pour une conduite en toute tranquillit\u00e9\" \/>\n<meta property=\"og:url\" content=\"https:\/\/mmecanique360.com\/fr\/wp-json\/wp\/v2\/pages\/11956\" \/>\n<meta property=\"og:site_name\" content=\"M M\u00e9canique 360\" \/>\n<meta property=\"article:modified_time\" content=\"2024-05-28T13:39:36+00:00\" \/>\n<meta property=\"og:image\" content=\"https:\/\/mmecanique360.com\/wp-content\/themes\/360-mechanic-wordpress-theme\/assets\/img\/logo.png?date=2022-09-09\" \/>\n\t<meta property=\"og:image:width\" content=\"190\" \/>\n\t<meta property=\"og:image:height\" content=\"177\" \/><meta property=\"og:image\" content=\"https:\/\/mmecanique360.com\/wp-content\/uploads\/2024\/04\/Boutons-telechargement-garanties-FR-M360-02.png\" \/>\n<meta name=\"twitter:card\" content=\"summary_large_image\" \/>\n<meta name=\"twitter:label1\" content=\"Estimation du temps de lecture\" \/>\n\t<meta name=\"twitter:data1\" content=\"3 minutes\" \/>\n<script type=\"application\/ld+json\" class=\"yoast-schema-graph\">{\"@context\":\"https:\\\/\\\/schema.org\",\"@graph\":[{\"@type\":\"WebPage\",\"@id\":\"https:\\\/\\\/mmecanique360.com\\\/fr\\\/assistance-routiere\\\/\",\"url\":\"https:\\\/\\\/mmecanique360.com\\\/fr\\\/assistance-routiere\\\/\",\"name\":\"Garanties - Assistance routi\u00e8re SafeRoute - M M\u00e9canique 360\",\"isPartOf\":{\"@id\":\"https:\\\/\\\/mmecanique360.com\\\/fr\\\/#website\"},\"primaryImageOfPage\":{\"@id\":\"https:\\\/\\\/mmecanique360.com\\\/fr\\\/assistance-routiere\\\/#primaryimage\"},\"image\":{\"@id\":\"https:\\\/\\\/mmecanique360.com\\\/fr\\\/assistance-routiere\\\/#primaryimage\"},\"thumbnailUrl\":\"https:\\\/\\\/mmecanique360.com\\\/wp-content\\\/uploads\\\/2024\\\/04\\\/Boutons-telechargement-garanties-FR-M360-02.png\",\"datePublished\":\"2023-02-21T10:50:52+00:00\",\"dateModified\":\"2024-05-28T13:39:36+00:00\",\"description\":\"Un bris m\u00e9canique vous rend anxieux? D\u00e9couvrez SafeRoute : R\u00e9ponse rapide et un service fiable pour une conduite en toute tranquillit\u00e9\",\"breadcrumb\":{\"@id\":\"https:\\\/\\\/mmecanique360.com\\\/fr\\\/assistance-routiere\\\/#breadcrumb\"},\"inLanguage\":\"fr-CA\",\"potentialAction\":[{\"@type\":\"ReadAction\",\"target\":[\"https:\\\/\\\/mmecanique360.com\\\/fr\\\/assistance-routiere\\\/\"]}]},{\"@type\":\"ImageObject\",\"inLanguage\":\"fr-CA\",\"@id\":\"https:\\\/\\\/mmecanique360.com\\\/fr\\\/assistance-routiere\\\/#primaryimage\",\"url\":\"https:\\\/\\\/mmecanique360.com\\\/wp-content\\\/uploads\\\/2024\\\/04\\\/Boutons-telechargement-garanties-FR-M360-02.png\",\"contentUrl\":\"https:\\\/\\\/mmecanique360.com\\\/wp-content\\\/uploads\\\/2024\\\/04\\\/Boutons-telechargement-garanties-FR-M360-02.png\"},{\"@type\":\"BreadcrumbList\",\"@id\":\"https:\\\/\\\/mmecanique360.com\\\/fr\\\/assistance-routiere\\\/#breadcrumb\",\"itemListElement\":[{\"@type\":\"ListItem\",\"position\":1,\"name\":\"Page d'accueil\",\"item\":\"https:\\\/\\\/mmecanique360.com\\\/fr\\\/\"},{\"@type\":\"ListItem\",\"position\":2,\"name\":\"Garanties -assistance routiere\"}]},{\"@type\":\"WebSite\",\"@id\":\"https:\\\/\\\/mmecanique360.com\\\/fr\\\/#website\",\"url\":\"https:\\\/\\\/mmecanique360.com\\\/fr\\\/\",\"name\":\"M M\u00e9canique 360\",\"description\":\"M M\u00c9CANIQUE 360 MA\u00ceTRE DE LA ROUTE, AVEC VOUS!\",\"publisher\":{\"@id\":\"https:\\\/\\\/mmecanique360.com\\\/fr\\\/#organization\"},\"potentialAction\":[{\"@type\":\"SearchAction\",\"target\":{\"@type\":\"EntryPoint\",\"urlTemplate\":\"https:\\\/\\\/mmecanique360.com\\\/fr\\\/?s={search_term_string}\"},\"query-input\":{\"@type\":\"PropertyValueSpecification\",\"valueRequired\":true,\"valueName\":\"search_term_string\"}}],\"inLanguage\":\"fr-CA\"},{\"@type\":\"Organization\",\"@id\":\"https:\\\/\\\/mmecanique360.com\\\/fr\\\/#organization\",\"name\":\"M M\u00e9canique 360\",\"url\":\"https:\\\/\\\/mmecanique360.com\\\/fr\\\/\",\"logo\":{\"@type\":\"ImageObject\",\"inLanguage\":\"fr-CA\",\"@id\":\"https:\\\/\\\/mmecanique360.com\\\/fr\\\/#\\\/schema\\\/logo\\\/image\\\/\",\"url\":\"https:\\\/\\\/mmecanique360.com\\\/wp-content\\\/uploads\\\/2022\\\/08\\\/MM360_5057-1116_YAHOO_200x200_FR.jpg\",\"contentUrl\":\"https:\\\/\\\/mmecanique360.com\\\/wp-content\\\/uploads\\\/2022\\\/08\\\/MM360_5057-1116_YAHOO_200x200_FR.jpg\",\"width\":200,\"height\":200,\"caption\":\"M M\u00e9canique 360\"},\"image\":{\"@id\":\"https:\\\/\\\/mmecanique360.com\\\/fr\\\/#\\\/schema\\\/logo\\\/image\\\/\"}}]}<\/script>\n<!-- \/ Yoast SEO plugin. -->","yoast_head_json":{"title":"Garanties - Assistance routi\u00e8re SafeRoute - M M\u00e9canique 360","description":"Un bris m\u00e9canique vous rend anxieux? D\u00e9couvrez SafeRoute : R\u00e9ponse rapide et un service fiable pour une conduite en toute tranquillit\u00e9","robots":{"index":"index","follow":"follow","max-snippet":"max-snippet:-1","max-image-preview":"max-image-preview:large","max-video-preview":"max-video-preview:-1"},"canonical":"https:\/\/mmecanique360.com\/fr\/assistance-routiere\/","og_locale":"fr_CA","og_type":"article","og_title":"Garanties - Assistance routi\u00e8re SafeRoute - M M\u00e9canique 360","og_description":"Un bris m\u00e9canique vous rend anxieux? D\u00e9couvrez SafeRoute : R\u00e9ponse rapide et un service fiable pour une conduite en toute tranquillit\u00e9","og_url":"https:\/\/mmecanique360.com\/fr\/wp-json\/wp\/v2\/pages\/11956","og_site_name":"M M\u00e9canique 360","article_modified_time":"2024-05-28T13:39:36+00:00","og_image":[{"url":"https:\/\/mmecanique360.com\/wp-content\/themes\/360-mechanic-wordpress-theme\/assets\/img\/logo.png?date=2022-09-09","height":177,"width":190,"type":""},{"url":"https:\/\/mmecanique360.com\/wp-content\/uploads\/2024\/04\/Boutons-telechargement-garanties-FR-M360-02.png","type":"","width":"","height":""}],"twitter_card":"summary_large_image","twitter_misc":{"Estimation du temps de lecture":"3 minutes"},"schema":{"@context":"https:\/\/schema.org","@graph":[{"@type":"WebPage","@id":"https:\/\/mmecanique360.com\/fr\/assistance-routiere\/","url":"https:\/\/mmecanique360.com\/fr\/assistance-routiere\/","name":"Garanties - Assistance routi\u00e8re SafeRoute - M M\u00e9canique 360","isPartOf":{"@id":"https:\/\/mmecanique360.com\/fr\/#website"},"primaryImageOfPage":{"@id":"https:\/\/mmecanique360.com\/fr\/assistance-routiere\/#primaryimage"},"image":{"@id":"https:\/\/mmecanique360.com\/fr\/assistance-routiere\/#primaryimage"},"thumbnailUrl":"https:\/\/mmecanique360.com\/wp-content\/uploads\/2024\/04\/Boutons-telechargement-garanties-FR-M360-02.png","datePublished":"2023-02-21T10:50:52+00:00","dateModified":"2024-05-28T13:39:36+00:00","description":"Un bris m\u00e9canique vous rend anxieux? D\u00e9couvrez SafeRoute : R\u00e9ponse rapide et un service fiable pour une conduite en toute tranquillit\u00e9","breadcrumb":{"@id":"https:\/\/mmecanique360.com\/fr\/assistance-routiere\/#breadcrumb"},"inLanguage":"fr-CA","potentialAction":[{"@type":"ReadAction","target":["https:\/\/mmecanique360.com\/fr\/assistance-routiere\/"]}]},{"@type":"ImageObject","inLanguage":"fr-CA","@id":"https:\/\/mmecanique360.com\/fr\/assistance-routiere\/#primaryimage","url":"https:\/\/mmecanique360.com\/wp-content\/uploads\/2024\/04\/Boutons-telechargement-garanties-FR-M360-02.png","contentUrl":"https:\/\/mmecanique360.com\/wp-content\/uploads\/2024\/04\/Boutons-telechargement-garanties-FR-M360-02.png"},{"@type":"BreadcrumbList","@id":"https:\/\/mmecanique360.com\/fr\/assistance-routiere\/#breadcrumb","itemListElement":[{"@type":"ListItem","position":1,"name":"Page d'accueil","item":"https:\/\/mmecanique360.com\/fr\/"},{"@type":"ListItem","position":2,"name":"Garanties -assistance routiere"}]},{"@type":"WebSite","@id":"https:\/\/mmecanique360.com\/fr\/#website","url":"https:\/\/mmecanique360.com\/fr\/","name":"M M\u00e9canique 360","description":"M M\u00c9CANIQUE 360 MA\u00ceTRE DE LA ROUTE, AVEC VOUS!","publisher":{"@id":"https:\/\/mmecanique360.com\/fr\/#organization"},"potentialAction":[{"@type":"SearchAction","target":{"@type":"EntryPoint","urlTemplate":"https:\/\/mmecanique360.com\/fr\/?s={search_term_string}"},"query-input":{"@type":"PropertyValueSpecification","valueRequired":true,"valueName":"search_term_string"}}],"inLanguage":"fr-CA"},{"@type":"Organization","@id":"https:\/\/mmecanique360.com\/fr\/#organization","name":"M M\u00e9canique 360","url":"https:\/\/mmecanique360.com\/fr\/","logo":{"@type":"ImageObject","inLanguage":"fr-CA","@id":"https:\/\/mmecanique360.com\/fr\/#\/schema\/logo\/image\/","url":"https:\/\/mmecanique360.com\/wp-content\/uploads\/2022\/08\/MM360_5057-1116_YAHOO_200x200_FR.jpg","contentUrl":"https:\/\/mmecanique360.com\/wp-content\/uploads\/2022\/08\/MM360_5057-1116_YAHOO_200x200_FR.jpg","width":200,"height":200,"caption":"M M\u00e9canique 360"},"image":{"@id":"https:\/\/mmecanique360.com\/fr\/#\/schema\/logo\/image\/"}}]}},"_links":{"self":[{"href":"https:\/\/mmecanique360.com\/fr\/wp-json\/wp\/v2\/pages\/11956","targetHints":{"allow":["GET"]}}],"collection":[{"href":"https:\/\/mmecanique360.com\/fr\/wp-json\/wp\/v2\/pages"}],"about":[{"href":"https:\/\/mmecanique360.com\/fr\/wp-json\/wp\/v2\/types\/page"}],"author":[{"embeddable":true,"href":"https:\/\/mmecanique360.com\/fr\/wp-json\/wp\/v2\/users\/1"}],"replies":[{"embeddable":true,"href":"https:\/\/mmecanique360.com\/fr\/wp-json\/wp\/v2\/comments?post=11956"}],"version-history":[{"count":0,"href":"https:\/\/mmecanique360.com\/fr\/wp-json\/wp\/v2\/pages\/11956\/revisions"}],"wp:attachment":[{"href":"https:\/\/mmecanique360.com\/fr\/wp-json\/wp\/v2\/media?parent=11956"}],"curies":[{"name":"wp","href":"https:\/\/api.w.org\/{rel}","templated":true}]}}