{"id":11951,"date":"2023-02-21T05:46:02","date_gmt":"2023-02-21T10:46:02","guid":{"rendered":"https:\/\/mmecanique360-wp-engine.local\/?page_id=11951"},"modified":"2024-05-27T14:28:17","modified_gmt":"2024-05-27T18:28:17","slug":"garantie-sans-tracas","status":"publish","type":"page","link":"https:\/\/mmecanique360.com\/fr\/garantie-sans-tracas\/","title":{"rendered":"Garanties &#8211; sans tracas"},"content":{"rendered":"\n<h1 class=\"wp-block-heading warrantie-padding\">GARANTIES ET ASSISTANCE<\/h1>\n\n\n\n<p class=\"m-0\">Peu importe le v\u00e9hicule, ancien ou r\u00e9cent, il n\u00e9cessite des entretiens r\u00e9guliers afin de fonctionner de mani\u00e8re optimale. Toutefois, nul n\u2019est \u00e0 l\u2019abri de probl\u00e8mes m\u00e9caniques ou techniques. Notre programme de Garantie Sans Tracas et l\u2019assistance routi\u00e8re sont l\u00e0 pour vous aider \u00e0 rouler l\u2019esprit tranquille.<br><br>Demandez \u00e0 votre atelier m\u00e9canique s&rsquo;il offre ces programmes ! *<\/p>\n\n\n\n<p style=\"font-size:12px;\">* La garantie Sans Tracas et l&rsquo;assistance routi\u00e8re sont des programmes optionnels. Ils pourraient ne pas \u00eatre offerts dans tous les ateliers M M\u00c9CANIQUE 360.<\/p>\n\n\n\n<div class=\"wp-block-columns warranty-columns is-layout-flex wp-container-core-columns-is-layout-28f84493 wp-block-columns-is-layout-flex\">\n<div class=\"wp-block-column warranties left-column is-layout-flow wp-block-column-is-layout-flow\" style=\"flex-basis:30%\">\n<p class=\"warrantie-padding has-medium-font-size\"><a href=\"https:\/\/mmecanique360.com\/fr\/garantie-sans-tracas\/\"><strong>Garantie Sans Tracas<\/strong>&nbsp;<\/a><\/p>\n\n\n\n<p class=\"warrantie-padding has-medium-font-size\"><a href=\"https:\/\/mmecanique360.com\/fr\/assistance-routiere\/\">Assistance Routi\u00e8re<\/a><\/p>\n\n\n\n<div style=\"height:50px\" aria-hidden=\"true\" class=\"wp-block-spacer\"><\/div>\n\n\n<div class=\"favorite-location-block\" data-block-id=\"1\">\n<div class=\"lt-widget-storelocator-services\">\n    <div id=\"lt-vertical-widget\">\n        <div class=\"box p-0\">\n            <div class=\"row\">\n                <div class=\"col-md-12 vcenter\">\n                    <h2 class=\"locationName\">Trouvez l&rsquo;atelier<br>le plus pr\u00e8s<\/h2>\n                <\/div>\n                <div class=\"col-md-12\">\n                    <hr class=\"yellow\">\n                <\/div>\n                <div class=\"col-md-12 store\">\n                    <a class=\"changeStoreCta\" href=\"https:\/\/mmecanique360.com\/fr\/ateliers\/\">Changer d&rsquo;atelier<\/a>\n                    <h3 class=\"locationNameHeading\">Centre de l\u2019auto Germain et fils inc. \/ M M\u00e9canique 360<\/h3>\n                    <p>1020 Boulevard Hamel<\/p>\n                    <p>Saint-F\u00e9licien (QC) G8K 1X9<\/p>\n                    <div class=\"locationPhoneNumber\"><a href=\"tel:(418) 679-1408\">(418) 679-1408<\/a><\/div>\n                    <div class=\"smartSchedule\"><div class=\"lsl-schedule\"><div class='day'><span class='week-day'>dimanche<\/span><div class='time'><span class=\"time-slot closed\">ferm\u00e9<\/span><\/div><\/div><div class='day'><span class='week-day'>lundi<\/span><div class='time'><span class=\"time-slot\">08:00 &#8211; 17:00<\/span><br><\/div><\/div><div class='day'><span class='week-day'>mardi<\/span><div class='time'><span class=\"time-slot\">08:00 &#8211; 17:00<\/span><br><\/div><\/div><div class='day'><span class='week-day'>mercredi<\/span><div class='time'><span class=\"time-slot\">08:00 &#8211; 12:00<\/span><br><span class=\"time-slot\">13:00 &#8211; 17:00<\/span><br><\/div><\/div><div class='day'><span class='week-day'>jeudi<\/span><div class='time'><span class=\"time-slot\">08:00 &#8211; 17:00<\/span><br><\/div><\/div><div class='day'><span class='week-day'>vendredi<\/span><div class='time'><span class=\"time-slot\">08:00 &#8211; 17:00<\/span><br><\/div><\/div><div class='day'><span class='week-day'>samedi<\/span><div class='time'><span class=\"time-slot closed\">ferm\u00e9<\/span><\/div><\/div><\/div><\/div>\n                    <div class=\"cta\">\n                        <a href=\"https:\/\/mmecanique360.com\/fr\/prendre-un-rendez-vous\/\"><span class=\"mr-4\">Rendez-vous<\/span><\/a>\n                    <\/div>\n                <\/div>\n            <\/div>\n        <\/div>\n    <\/div>\n<\/div>\n<\/div>\n\n\n<div style=\"height:50px\" aria-hidden=\"true\" class=\"wp-block-spacer\"><\/div>\n\n\n\n<figure class=\"wp-block-image size-full is-resized\"><a href=\"https:\/\/mmecanique360.com\/wp-content\/uploads\/2024\/05\/200.WFW-PAMPHLETS_FR-CANADIEN-WORDPRESS-compressed-2.pdf\"><img loading=\"lazy\" decoding=\"async\" width=\"680\" height=\"255\" src=\"https:\/\/mmecanique360.com\/wp-content\/uploads\/2024\/04\/Boutons-telechargement-garanties-FR-M360-01.png\" alt=\"\" class=\"wp-image-14387\" style=\"width:273px;height:auto\" srcset=\"https:\/\/mmecanique360.com\/wp-content\/uploads\/2024\/04\/Boutons-telechargement-garanties-FR-M360-01.png 680w, https:\/\/mmecanique360.com\/wp-content\/uploads\/2024\/04\/Boutons-telechargement-garanties-FR-M360-01-300x113.png 300w\" sizes=\"auto, (max-width: 680px) 100vw, 680px\" \/><\/a><\/figure>\n<\/div>\n\n\n\n<div class=\"wp-block-column right-column is-layout-flow wp-block-column-is-layout-flow\" style=\"flex-basis:70%\">\n<h2 class=\"wp-block-heading\"><strong><strong><strong>GARANTIE SANS TRACAS<\/strong><\/strong><\/strong><\/h2>\n\n\n\n<p>Il n\u2019y a jamais de bon moment pour tomber en panne. M\u00eame les meilleurs soins prodigu\u00e9s \u00e0 votre voiture ne la mettent pas \u00e0 l\u2019abri d\u2019un dysfonctionnement ou d\u2019un probl\u00e8me m\u00e9canique. C\u2019est pourquoi M M\u00c9CANIQUE 360 offre une garantie Nord-Am\u00e9ricaine Sans Tracas pour une p\u00e9riode de 12 mois ou 20.000 km, selon le premier terme atteint.&nbsp;<\/p>\n\n\n\n<p>Toutes les r\u00e9parations ou les services effectu\u00e9s chez votre atelier M M\u00c9CANIQUE 360 sont automatiquement couvert par cette gartantie.<\/p>\n\n\n\n<p>Cette garantie sera honor\u00e9e dans plus de 35 000 ateliers en Am\u00e9rique du Nord.<\/p>\n\n\n\n<p>(Certaines conditions s\u2019appliquent)<\/p>\n\n\n\n<p>Que vous soyez sur la route vers l\u2019\u00e9picerie ou vers la Floride, rouler l\u2019esprit tranquille, \u00e7a n\u2019a pas de prix!<\/p>\n\n\n\n<figure class=\"wp-block-image size-large is-style-default\"><img decoding=\"async\" src=\"https:\/\/va.publipageclients.com\/wp-content\/uploads\/2021\/07\/Programme-et-garantie-Confidence-Plus-1024x335.jpeg\" alt=\"\" class=\"wp-image-9859\"\/><\/figure>\n\n\n\n<div style=\"height:50px\" aria-hidden=\"true\" class=\"wp-block-spacer\"><\/div>\n\n\n\n<p><strong>Ce programme couvre&nbsp;:<\/strong><\/p>\n\n\n\n<ul class=\"wp-block-list\">\n<li>Syst\u00e8mes de climatisation, de chauffage et de contr\u00f4le de temp\u00e9rature<\/li>\n\n\n\n<li>Syst\u00e8me de freinage<\/li>\n\n\n\n<li>Syst\u00e8me de refroidissement du moteur<\/li>\n\n\n\n<li>Syst\u00e8me \u00e9lectrique, y compris les syst\u00e8mes de d\u00e9marrage et de charge<\/li>\n\n\n\n<li>Performances du moteur, services de conduite et r\u00e9paration<\/li>\n\n\n\n<li>Syst\u00e8me d&rsquo;\u00e9chappement<\/li>\n\n\n\n<li>Syst\u00e8me d&rsquo;alimentation en carburant<\/li>\n\n\n\n<li>Syst\u00e8me d&rsquo;allumage<\/li>\n\n\n\n<li>Syst\u00e8me de gestion \u00e9lectronique du moteur et syst\u00e8mes informatiques embarqu\u00e9s (ordinateurs du moteur, de la carrosserie, des freins et de la suspension)<\/li>\n\n\n\n<li>Syst\u00e8me de r\u00e9gulation de vitesse<\/li>\n\n\n\n<li>Syst\u00e8me de direction\/suspension, roulements de roue, joints CV\/joints U, demi-arbres et arbres de transmission<\/li>\n\n\n\n<li>Embrayages<\/li>\n\n\n\n<li>R\u00e9paration ou entretien de diff\u00e9rentiels (\u00e0 l&rsquo;exclusion des bo\u00eetes-ponts)<\/li>\n\n\n\n<li>Autres r\u00e9parations mineures<\/li>\n<\/ul>\n\n\n\n<p><\/p>\n\n\n\n<p><strong>Proc\u00e9dures<\/strong><\/p>\n\n\n\n<ul class=\"wp-block-list\">\n<li>Si le v\u00e9hicule est \u00e0 l\u2019int\u00e9rieur d\u2019un rayon de 40 km de votre atelier\n<ul class=\"wp-block-list\">\n<li>Le v\u00e9hicule doit revenir \u00e0 votre atelier pour la r\u00e9paration sous garantie (la demande de remboursement de pi\u00e8ces et main d\u2019\u0153uvre, se fera selon la proc\u00e9dure r\u00e9guli\u00e8re de votre programme de banni\u00e8re ou de franchise)<\/li>\n<\/ul>\n<\/li>\n\n\n\n<li>Si le v\u00e9hicule est \u00e0 l\u2019ext\u00e9rieur d\u2019un rayon de 40 km de votre atelier\n<ul class=\"wp-block-list\">\n<li>Le consommateur doit contacter l&rsquo;administrateur de la garantie au 1-833-515-2937, de 8h00 \u00e0 20h00 du lundi au vendredi (heure de l&rsquo;Est), le samedi de 9h00 \u00e0 18h00, \u00e0 l&rsquo;exclusion des jours f\u00e9ri\u00e9s (USA). L&rsquo;administrateur indiquera l&rsquo;\u00e9tablissement participant le plus proche.<\/li>\n<\/ul>\n<\/li>\n\n\n\n<li>Si le v\u00e9hicule est \u00e0 l\u2019ext\u00e9rieur d\u2019un rayon de 40 km de votre atelier<ul><li>Les frais de r\u00e9paration \u00e0 titre de la garantie ne peuvent en aucun cas d\u00e9passer les co\u00fbts de la r\u00e9paration ou de l&rsquo;entretien d&rsquo;origine.<\/li><\/ul>\n<ul class=\"wp-block-list\">\n<li>Le remboursement se fera \u00e0 l\u2019atelier qui a fait la r\u00e9paration sous garantie. Si ce dernier n\u2019accepte pas d\u2019\u00eatre rembours\u00e9 par l\u2019administrateur de la garantie, le consommateur devra d\u00e9bourser le montant de la r\u00e9paration et ensuite faire une demande de remboursement \u00e0 l\u2019administrateur de la garantie (d\u00e9lai maximal de 90 jours pour faire une demande)<\/li>\n<\/ul>\n<\/li>\n<\/ul>\n\n\n\n<p><\/p>\n\n\n\n<p><a href=\"https:\/\/mmecanique360.com\/wp-content\/uploads\/2024\/05\/Worry-Free-Protection-12-_-RSA-warranty-Canadian_FR_Final-3.pdf\">Cliquez ici pour en apprendre plus<\/a><\/p>\n<\/div>\n<\/div>\n\n\n\n<p><\/p>\n","protected":false},"excerpt":{"rendered":"<p>GARANTIES ET ASSISTANCE Peu importe le v\u00e9hicule, ancien ou r\u00e9cent, il n\u00e9cessite des entretiens r\u00e9guliers afin de fonctionner de mani\u00e8re optimale. Toutefois, nul n\u2019est \u00e0 l\u2019abri de probl\u00e8mes m\u00e9caniques ou techniques. Notre programme de Garantie Sans Tracas et l\u2019assistance routi\u00e8re sont l\u00e0 pour vous aider \u00e0 rouler l\u2019esprit tranquille. Demandez \u00e0 votre atelier m\u00e9canique s&rsquo;il &hellip;<\/p>\n","protected":false},"author":1,"featured_media":0,"parent":0,"menu_order":0,"comment_status":"closed","ping_status":"closed","template":"","meta":{"footnotes":""},"class_list":["post-11951","page","type-page","status-publish","hentry"],"yoast_head":"<!-- This site is optimized with the Yoast SEO plugin v27.4 - https:\/\/yoast.com\/product\/yoast-seo-wordpress\/ -->\n<title>Garanties - sans tracas - M M\u00e9canique 360<\/title>\n<meta name=\"robots\" content=\"index, follow, max-snippet:-1, max-image-preview:large, max-video-preview:-1\" \/>\n<link rel=\"canonical\" href=\"https:\/\/mmecanique360.com\/fr\/garantie-sans-tracas\/\" \/>\n<meta property=\"og:locale\" content=\"fr_CA\" \/>\n<meta property=\"og:type\" content=\"article\" \/>\n<meta property=\"og:title\" content=\"Garanties - sans tracas - M M\u00e9canique 360\" \/>\n<meta property=\"og:description\" content=\"GARANTIES ET ASSISTANCE Peu importe le v\u00e9hicule, ancien ou r\u00e9cent, il n\u00e9cessite des entretiens r\u00e9guliers afin de fonctionner de mani\u00e8re optimale. Toutefois, nul n\u2019est \u00e0 l\u2019abri de probl\u00e8mes m\u00e9caniques ou techniques. Notre programme de Garantie Sans Tracas et l\u2019assistance routi\u00e8re sont l\u00e0 pour vous aider \u00e0 rouler l\u2019esprit tranquille. Demandez \u00e0 votre atelier m\u00e9canique s&rsquo;il [&hellip;]\" \/>\n<meta property=\"og:url\" content=\"https:\/\/mmecanique360.com\/fr\/wp-json\/wp\/v2\/pages\/11951\" \/>\n<meta property=\"og:site_name\" content=\"M M\u00e9canique 360\" \/>\n<meta property=\"article:modified_time\" content=\"2024-05-27T18:28:17+00:00\" \/>\n<meta property=\"og:image\" content=\"https:\/\/mmecanique360.com\/wp-content\/themes\/360-mechanic-wordpress-theme\/assets\/img\/logo.png?date=2022-09-09\" \/>\n\t<meta property=\"og:image:width\" content=\"190\" \/>\n\t<meta property=\"og:image:height\" content=\"177\" \/><meta property=\"og:image\" content=\"https:\/\/mmecanique360.com\/wp-content\/uploads\/2024\/04\/Boutons-telechargement-garanties-FR-M360-01.png\" \/>\n<meta name=\"twitter:card\" content=\"summary_large_image\" \/>\n<meta name=\"twitter:label1\" content=\"Estimation du temps de lecture\" \/>\n\t<meta name=\"twitter:data1\" content=\"3 minutes\" \/>\n<script type=\"application\/ld+json\" class=\"yoast-schema-graph\">{\"@context\":\"https:\\\/\\\/schema.org\",\"@graph\":[{\"@type\":\"WebPage\",\"@id\":\"https:\\\/\\\/mmecanique360.com\\\/fr\\\/garantie-sans-tracas\\\/\",\"url\":\"https:\\\/\\\/mmecanique360.com\\\/fr\\\/garantie-sans-tracas\\\/\",\"name\":\"Garanties - sans tracas - M M\u00e9canique 360\",\"isPartOf\":{\"@id\":\"https:\\\/\\\/mmecanique360.com\\\/fr\\\/#website\"},\"primaryImageOfPage\":{\"@id\":\"https:\\\/\\\/mmecanique360.com\\\/fr\\\/garantie-sans-tracas\\\/#primaryimage\"},\"image\":{\"@id\":\"https:\\\/\\\/mmecanique360.com\\\/fr\\\/garantie-sans-tracas\\\/#primaryimage\"},\"thumbnailUrl\":\"https:\\\/\\\/mmecanique360.com\\\/wp-content\\\/uploads\\\/2024\\\/04\\\/Boutons-telechargement-garanties-FR-M360-01.png\",\"datePublished\":\"2023-02-21T10:46:02+00:00\",\"dateModified\":\"2024-05-27T18:28:17+00:00\",\"breadcrumb\":{\"@id\":\"https:\\\/\\\/mmecanique360.com\\\/fr\\\/garantie-sans-tracas\\\/#breadcrumb\"},\"inLanguage\":\"fr-CA\",\"potentialAction\":[{\"@type\":\"ReadAction\",\"target\":[\"https:\\\/\\\/mmecanique360.com\\\/fr\\\/garantie-sans-tracas\\\/\"]}]},{\"@type\":\"ImageObject\",\"inLanguage\":\"fr-CA\",\"@id\":\"https:\\\/\\\/mmecanique360.com\\\/fr\\\/garantie-sans-tracas\\\/#primaryimage\",\"url\":\"https:\\\/\\\/mmecanique360.com\\\/wp-content\\\/uploads\\\/2024\\\/04\\\/Boutons-telechargement-garanties-FR-M360-01.png\",\"contentUrl\":\"https:\\\/\\\/mmecanique360.com\\\/wp-content\\\/uploads\\\/2024\\\/04\\\/Boutons-telechargement-garanties-FR-M360-01.png\"},{\"@type\":\"BreadcrumbList\",\"@id\":\"https:\\\/\\\/mmecanique360.com\\\/fr\\\/garantie-sans-tracas\\\/#breadcrumb\",\"itemListElement\":[{\"@type\":\"ListItem\",\"position\":1,\"name\":\"Page d'accueil\",\"item\":\"https:\\\/\\\/mmecanique360.com\\\/fr\\\/\"},{\"@type\":\"ListItem\",\"position\":2,\"name\":\"Garanties &#8211; sans tracas\"}]},{\"@type\":\"WebSite\",\"@id\":\"https:\\\/\\\/mmecanique360.com\\\/fr\\\/#website\",\"url\":\"https:\\\/\\\/mmecanique360.com\\\/fr\\\/\",\"name\":\"M M\u00e9canique 360\",\"description\":\"M M\u00c9CANIQUE 360 MA\u00ceTRE DE LA ROUTE, AVEC VOUS!\",\"publisher\":{\"@id\":\"https:\\\/\\\/mmecanique360.com\\\/fr\\\/#organization\"},\"potentialAction\":[{\"@type\":\"SearchAction\",\"target\":{\"@type\":\"EntryPoint\",\"urlTemplate\":\"https:\\\/\\\/mmecanique360.com\\\/fr\\\/?s={search_term_string}\"},\"query-input\":{\"@type\":\"PropertyValueSpecification\",\"valueRequired\":true,\"valueName\":\"search_term_string\"}}],\"inLanguage\":\"fr-CA\"},{\"@type\":\"Organization\",\"@id\":\"https:\\\/\\\/mmecanique360.com\\\/fr\\\/#organization\",\"name\":\"M M\u00e9canique 360\",\"url\":\"https:\\\/\\\/mmecanique360.com\\\/fr\\\/\",\"logo\":{\"@type\":\"ImageObject\",\"inLanguage\":\"fr-CA\",\"@id\":\"https:\\\/\\\/mmecanique360.com\\\/fr\\\/#\\\/schema\\\/logo\\\/image\\\/\",\"url\":\"https:\\\/\\\/mmecanique360.com\\\/wp-content\\\/uploads\\\/2022\\\/08\\\/MM360_5057-1116_YAHOO_200x200_FR.jpg\",\"contentUrl\":\"https:\\\/\\\/mmecanique360.com\\\/wp-content\\\/uploads\\\/2022\\\/08\\\/MM360_5057-1116_YAHOO_200x200_FR.jpg\",\"width\":200,\"height\":200,\"caption\":\"M M\u00e9canique 360\"},\"image\":{\"@id\":\"https:\\\/\\\/mmecanique360.com\\\/fr\\\/#\\\/schema\\\/logo\\\/image\\\/\"}}]}<\/script>\n<!-- \/ Yoast SEO plugin. -->","yoast_head_json":{"title":"Garanties - sans tracas - M M\u00e9canique 360","robots":{"index":"index","follow":"follow","max-snippet":"max-snippet:-1","max-image-preview":"max-image-preview:large","max-video-preview":"max-video-preview:-1"},"canonical":"https:\/\/mmecanique360.com\/fr\/garantie-sans-tracas\/","og_locale":"fr_CA","og_type":"article","og_title":"Garanties - sans tracas - M M\u00e9canique 360","og_description":"GARANTIES ET ASSISTANCE Peu importe le v\u00e9hicule, ancien ou r\u00e9cent, il n\u00e9cessite des entretiens r\u00e9guliers afin de fonctionner de mani\u00e8re optimale. Toutefois, nul n\u2019est \u00e0 l\u2019abri de probl\u00e8mes m\u00e9caniques ou techniques. Notre programme de Garantie Sans Tracas et l\u2019assistance routi\u00e8re sont l\u00e0 pour vous aider \u00e0 rouler l\u2019esprit tranquille. Demandez \u00e0 votre atelier m\u00e9canique s&rsquo;il [&hellip;]","og_url":"https:\/\/mmecanique360.com\/fr\/wp-json\/wp\/v2\/pages\/11951","og_site_name":"M M\u00e9canique 360","article_modified_time":"2024-05-27T18:28:17+00:00","og_image":[{"url":"https:\/\/mmecanique360.com\/wp-content\/themes\/360-mechanic-wordpress-theme\/assets\/img\/logo.png?date=2022-09-09","height":177,"width":190,"type":""},{"url":"https:\/\/mmecanique360.com\/wp-content\/uploads\/2024\/04\/Boutons-telechargement-garanties-FR-M360-01.png","type":"","width":"","height":""}],"twitter_card":"summary_large_image","twitter_misc":{"Estimation du temps de lecture":"3 minutes"},"schema":{"@context":"https:\/\/schema.org","@graph":[{"@type":"WebPage","@id":"https:\/\/mmecanique360.com\/fr\/garantie-sans-tracas\/","url":"https:\/\/mmecanique360.com\/fr\/garantie-sans-tracas\/","name":"Garanties - sans tracas - M M\u00e9canique 360","isPartOf":{"@id":"https:\/\/mmecanique360.com\/fr\/#website"},"primaryImageOfPage":{"@id":"https:\/\/mmecanique360.com\/fr\/garantie-sans-tracas\/#primaryimage"},"image":{"@id":"https:\/\/mmecanique360.com\/fr\/garantie-sans-tracas\/#primaryimage"},"thumbnailUrl":"https:\/\/mmecanique360.com\/wp-content\/uploads\/2024\/04\/Boutons-telechargement-garanties-FR-M360-01.png","datePublished":"2023-02-21T10:46:02+00:00","dateModified":"2024-05-27T18:28:17+00:00","breadcrumb":{"@id":"https:\/\/mmecanique360.com\/fr\/garantie-sans-tracas\/#breadcrumb"},"inLanguage":"fr-CA","potentialAction":[{"@type":"ReadAction","target":["https:\/\/mmecanique360.com\/fr\/garantie-sans-tracas\/"]}]},{"@type":"ImageObject","inLanguage":"fr-CA","@id":"https:\/\/mmecanique360.com\/fr\/garantie-sans-tracas\/#primaryimage","url":"https:\/\/mmecanique360.com\/wp-content\/uploads\/2024\/04\/Boutons-telechargement-garanties-FR-M360-01.png","contentUrl":"https:\/\/mmecanique360.com\/wp-content\/uploads\/2024\/04\/Boutons-telechargement-garanties-FR-M360-01.png"},{"@type":"BreadcrumbList","@id":"https:\/\/mmecanique360.com\/fr\/garantie-sans-tracas\/#breadcrumb","itemListElement":[{"@type":"ListItem","position":1,"name":"Page d'accueil","item":"https:\/\/mmecanique360.com\/fr\/"},{"@type":"ListItem","position":2,"name":"Garanties &#8211; sans tracas"}]},{"@type":"WebSite","@id":"https:\/\/mmecanique360.com\/fr\/#website","url":"https:\/\/mmecanique360.com\/fr\/","name":"M M\u00e9canique 360","description":"M M\u00c9CANIQUE 360 MA\u00ceTRE DE LA ROUTE, AVEC VOUS!","publisher":{"@id":"https:\/\/mmecanique360.com\/fr\/#organization"},"potentialAction":[{"@type":"SearchAction","target":{"@type":"EntryPoint","urlTemplate":"https:\/\/mmecanique360.com\/fr\/?s={search_term_string}"},"query-input":{"@type":"PropertyValueSpecification","valueRequired":true,"valueName":"search_term_string"}}],"inLanguage":"fr-CA"},{"@type":"Organization","@id":"https:\/\/mmecanique360.com\/fr\/#organization","name":"M M\u00e9canique 360","url":"https:\/\/mmecanique360.com\/fr\/","logo":{"@type":"ImageObject","inLanguage":"fr-CA","@id":"https:\/\/mmecanique360.com\/fr\/#\/schema\/logo\/image\/","url":"https:\/\/mmecanique360.com\/wp-content\/uploads\/2022\/08\/MM360_5057-1116_YAHOO_200x200_FR.jpg","contentUrl":"https:\/\/mmecanique360.com\/wp-content\/uploads\/2022\/08\/MM360_5057-1116_YAHOO_200x200_FR.jpg","width":200,"height":200,"caption":"M M\u00e9canique 360"},"image":{"@id":"https:\/\/mmecanique360.com\/fr\/#\/schema\/logo\/image\/"}}]}},"_links":{"self":[{"href":"https:\/\/mmecanique360.com\/fr\/wp-json\/wp\/v2\/pages\/11951","targetHints":{"allow":["GET"]}}],"collection":[{"href":"https:\/\/mmecanique360.com\/fr\/wp-json\/wp\/v2\/pages"}],"about":[{"href":"https:\/\/mmecanique360.com\/fr\/wp-json\/wp\/v2\/types\/page"}],"author":[{"embeddable":true,"href":"https:\/\/mmecanique360.com\/fr\/wp-json\/wp\/v2\/users\/1"}],"replies":[{"embeddable":true,"href":"https:\/\/mmecanique360.com\/fr\/wp-json\/wp\/v2\/comments?post=11951"}],"version-history":[{"count":0,"href":"https:\/\/mmecanique360.com\/fr\/wp-json\/wp\/v2\/pages\/11951\/revisions"}],"wp:attachment":[{"href":"https:\/\/mmecanique360.com\/fr\/wp-json\/wp\/v2\/media?parent=11951"}],"curies":[{"name":"wp","href":"https:\/\/api.w.org\/{rel}","templated":true}]}}